{"id":55,"date":"2021-11-26T14:22:59","date_gmt":"2021-11-26T14:22:59","guid":{"rendered":"https:\/\/www.mvac.pt\/?page_id=55"},"modified":"2021-12-03T12:22:09","modified_gmt":"2021-12-03T12:22:09","slug":"14-segundo-milenio","status":"publish","type":"page","link":"http:\/\/www.mvac.pt\/en\/14-segundo-milenio\/","title":{"rendered":"14. Second millennium"},"content":{"rendered":"<figure class=\"wp-block-image size-large\"><img loading=\"lazy\" decoding=\"async\" width=\"1024\" height=\"681\" src=\"https:\/\/www.mvac.pt\/wp-content\/uploads\/2021\/11\/nm-19_trafaria-praia-1024x681.png\" alt=\"\" class=\"wp-image-56\" srcset=\"https:\/\/www.mvac.pt\/wp-content\/uploads\/2021\/11\/nm-19_trafaria-praia-1024x681.png 1024w, https:\/\/www.mvac.pt\/wp-content\/uploads\/2021\/11\/nm-19_trafaria-praia-300x200.png 300w, https:\/\/www.mvac.pt\/wp-content\/uploads\/2021\/11\/nm-19_trafaria-praia-768x511.png 768w, https:\/\/www.mvac.pt\/wp-content\/uploads\/2021\/11\/nm-19_trafaria-praia-18x12.png 18w, https:\/\/www.mvac.pt\/wp-content\/uploads\/2021\/11\/nm-19_trafaria-praia.png 1157w\" sizes=\"auto, (max-width: 1024px) 100vw, 1024px\" \/><figcaption>Joana Vasconcelos, Trafaria Praia, 2013<\/figcaption><\/figure>\n\n\n\n<p class=\"translation-block\">The beginning of the 21st century is characterized by the exacerbation of artists personal identity, which makes it virtually impossible to uncover common lines of action. The strongest trait that can be identified is the importance of the conceptual component in the pieces. It\u2019s not the radical conceptualism of the sixties, where the materialization of the pieces was dismissed, but rather the valorization of a strongly conceptual punchline that ends up being a defining one and, at the same time, guarantees the artist's engagement in the <em>milieu<\/em> of his time.<\/p>\n\n\n\n<p>These times observed an equalization of the media, the artists complete freedom to choose and the respect for their idiosyncrasies, both to their ideas and to the production of the pieces. Video now cohabitates with painting; the installations don\u2019t fight the sculptures for the main role, and the drawings transmute in all possible forms.<\/p>\n\n\n\n<p>It is also in this time that the art of social intervention returns, stronger, and that they gain visibility, often with strong controversy. The projects were based on a political agenda that brought to light fundamental issues such as decolonization and sexual diversity.<\/p>\n\n\n\n\t\t<!-- MasterSlider -->\n\t\t<div id=\"P_MS61b348649433c\" class=\"master-slider-parent msl ms-parent-id-14\" style=\"max-width:600px;\">\n\n\t\t\t\n\t\t\t<!-- MasterSlider Main -->\n\t\t\t<div id=\"MS61b348649433c\" class=\"master-slider ms-skin-default\" >\n\t\t\t\t \t\t\t\t \n\t\t\t\t<div  class=\"ms-slide\" data-delay=\"3\" data-fill-mode=\"fill\"  >\n\t\t\t\t\t<img decoding=\"async\" src=\"https:\/\/www.mvac.pt\/wp-content\/plugins\/master-slider\/public\/assets\/css\/blank.gif\" alt=\"\" title=\"\" data-src=\"https:\/\/www.mvac.pt\/wp-content\/uploads\/2021\/12\/ml-01_8036.jpg\" \/>\n\n\t\t\t\t\t<div class=\"ms-info\"><strong>Pedro Gomes<\/strong><br \/>S\/ T\u00edtulo, da s\u00e9rie \u201cHabitar\u201d, 1996<br \/>Esferogr\u00e1fica sobre papel<br \/>Colec\u00e7\u00e3o Gulbenkian<\/div>\n\n\n\t<div class=\"ms-thumb\" ><div class=\"ms-tab-context\"><div class=\"&quot;ms-tab-context&quot;\"><\/div><\/div>\n<\/div>\n\t\t\t\t<\/div>\n\t\t\t\t<div  class=\"ms-slide\" data-delay=\"3\" data-fill-mode=\"fill\"  >\n\t\t\t\t\t<img decoding=\"async\" src=\"https:\/\/www.mvac.pt\/wp-content\/plugins\/master-slider\/public\/assets\/css\/blank.gif\" alt=\"\" title=\"\" data-src=\"https:\/\/www.mvac.pt\/wp-content\/uploads\/2021\/12\/ml-02_22797.jpg\" \/>\n\n\t\t\t\t\t<div class=\"ms-info\"><strong>Gabriela Albergaria<\/strong><br \/>un jardin \u00e0 ma fa\u00e7on (a display) 2006<br \/>\u00c1rvore, Madeira, Papel e Terra,\u00a0L\u00e1pis de cor<br \/>Colec\u00e7\u00e3o Gulbenkian<\/div>\n\n\n\t<div class=\"ms-thumb\" ><div class=\"ms-tab-context\"><div class=\"&quot;ms-tab-context&quot;\"><\/div><\/div>\n<\/div>\n\t\t\t\t<\/div>\n\t\t\t\t<div  class=\"ms-slide\" data-delay=\"3\" data-fill-mode=\"fill\"  >\n\t\t\t\t\t<img decoding=\"async\" src=\"https:\/\/www.mvac.pt\/wp-content\/plugins\/master-slider\/public\/assets\/css\/blank.gif\" alt=\"\" title=\"\" data-src=\"https:\/\/www.mvac.pt\/wp-content\/uploads\/2021\/12\/ml-03_DSC9449_1000.jpg\" \/>\n\n\t\t\t\t\t<div class=\"ms-info\"><strong>Gabriela Albergaria<\/strong><br \/>1\/10 de terra cultiv\u00e1vel necess\u00e1ria para preencher o espa\u00e7o da galeria, 2019<br \/>Terra de batatal<\/div>\n\n\n\t<div class=\"ms-thumb\" ><div class=\"ms-tab-context\"><div class=\"&quot;ms-tab-context&quot;\"><\/div><\/div>\n<\/div>\n\t\t\t\t<\/div>\n\t\t\t\t<div  class=\"ms-slide\" data-delay=\"3\" data-fill-mode=\"fill\"  >\n\t\t\t\t\t<img decoding=\"async\" src=\"https:\/\/www.mvac.pt\/wp-content\/plugins\/master-slider\/public\/assets\/css\/blank.gif\" alt=\"\" title=\"\" data-src=\"https:\/\/www.mvac.pt\/wp-content\/uploads\/2021\/12\/ml-04_12848.jpg\" \/>\n\n\t\t\t\t\t<div class=\"ms-info\"><strong>Jo\u00e3o Pedro Vale<\/strong><br \/>Are you safe when you are dreaming?, 2001<br \/>Sab\u00e3o azul e branco, borracha, corda, tecido bordado e vinil autocolante.<br \/>Colec\u00e7\u00e3o Gulbenkian<\/div>\n\n\n\t<div class=\"ms-thumb\" ><div class=\"ms-tab-context\"><div class=\"&quot;ms-tab-context&quot;\"><\/div><\/div>\n<\/div>\n\t\t\t\t<\/div>\n\t\t\t\t<div  class=\"ms-slide\" data-delay=\"3\" data-fill-mode=\"fill\"  >\n\t\t\t\t\t<img decoding=\"async\" src=\"https:\/\/www.mvac.pt\/wp-content\/plugins\/master-slider\/public\/assets\/css\/blank.gif\" alt=\"\" title=\"\" data-src=\"https:\/\/www.mvac.pt\/wp-content\/uploads\/2021\/12\/ml-05_33_noivas2015_1.jpg\" \/>\n\n\t\t\t\t\t<div class=\"ms-info\"><strong>Jo\u00e3o Pedro Vale<\/strong> <strong>+<\/strong> <strong>Nuno Alexandre Ferreira<\/strong><br \/>Noivos de Santo Ant\u00f3nio, 2015<br \/>Transfer e acr\u00edlico s\/ tecido.<\/div>\n\n\n\t<div class=\"ms-thumb\" ><div class=\"ms-tab-context\"><div class=\"&quot;ms-tab-context&quot;\"><\/div><\/div>\n<\/div>\n\t\t\t\t<\/div>\n\t\t\t\t<div  class=\"ms-slide\" data-delay=\"3\" data-fill-mode=\"fill\"  >\n\t\t\t\t\t<img decoding=\"async\" src=\"https:\/\/www.mvac.pt\/wp-content\/plugins\/master-slider\/public\/assets\/css\/blank.gif\" alt=\"\" title=\"\" data-src=\"https:\/\/www.mvac.pt\/wp-content\/uploads\/2021\/12\/ml-06_.jpg\" \/>\n\n\t\t\t\t\t<div class=\"ms-info\"><strong>Jo\u00e3o Pedro Vale<\/strong><br \/>Are you still awake?, 2002<br \/>C-print s\/ lona.<\/div>\n\n\n\t<div class=\"ms-thumb\" ><div class=\"ms-tab-context\"><div class=\"&quot;ms-tab-context&quot;\"><\/div><\/div>\n<\/div>\n\t\t\t\t<\/div>\n\t\t\t\t<div  class=\"ms-slide\" data-delay=\"3\" data-fill-mode=\"fill\"  >\n\t\t\t\t\t<img decoding=\"async\" src=\"https:\/\/www.mvac.pt\/wp-content\/plugins\/master-slider\/public\/assets\/css\/blank.gif\" alt=\"\" title=\"\" data-src=\"https:\/\/www.mvac.pt\/wp-content\/uploads\/2021\/12\/ml-07_Barragem-geral-2000x1037-1.jpg\" \/>\n\n\t\t\t\t\t<div class=\"ms-info\"><strong>Jo\u00e3o Louro<\/strong><br \/>On a Clear Day You Can See Forever, 2013<br \/>Colec\u00e7\u00e3o EDP<\/div>\n\n\n\t<div class=\"ms-thumb\" ><div class=\"ms-tab-context\"><div class=\"&quot;ms-tab-context&quot;\"><\/div><\/div>\n<\/div>\n\t\t\t\t<\/div>\n\t\t\t\t<div  class=\"ms-slide\" data-delay=\"3\" data-fill-mode=\"fill\"  >\n\t\t\t\t\t<img decoding=\"async\" src=\"https:\/\/www.mvac.pt\/wp-content\/plugins\/master-slider\/public\/assets\/css\/blank.gif\" alt=\"\" title=\"\" data-src=\"https:\/\/www.mvac.pt\/wp-content\/uploads\/2021\/12\/ml-08_smuggling-words-2000x1653-1.jpg\" \/>\n\n\t\t\t\t\t<div class=\"ms-info\"><strong>Jo\u00e3o Louro<\/strong><br \/>Smuggling Words, 2015<br \/>Mesa met\u00e1lica, mala, livros triturados e l\u00e2mpada fluorescente<\/div>\n\n\n\t<div class=\"ms-thumb\" ><div class=\"ms-tab-context\"><div class=\"&quot;ms-tab-context&quot;\"><\/div><\/div>\n<\/div>\n\t\t\t\t<\/div>\n\t\t\t\t<div  class=\"ms-slide\" data-delay=\"3\" data-fill-mode=\"fill\"  >\n\t\t\t\t\t<img decoding=\"async\" src=\"https:\/\/www.mvac.pt\/wp-content\/plugins\/master-slider\/public\/assets\/css\/blank.gif\" alt=\"\" title=\"\" data-src=\"https:\/\/www.mvac.pt\/wp-content\/uploads\/2021\/12\/ml-09_december.jpg\" \/>\n\n\t\t\t\t\t<div class=\"ms-info\"><strong>Jo\u00e3o Louro<\/strong><br \/>BLIND IMAGE #185, 2011<br \/>Acr\u00edlico e plexiglass<\/div>\n\n\n\t<div class=\"ms-thumb\" ><div class=\"ms-tab-context\"><div class=\"&quot;ms-tab-context&quot;\"><\/div><\/div>\n<\/div>\n\t\t\t\t<\/div>\n\t\t\t\t<div  class=\"ms-slide\" data-delay=\"3\" data-fill-mode=\"fill\"  >\n\t\t\t\t\t<img decoding=\"async\" src=\"https:\/\/www.mvac.pt\/wp-content\/plugins\/master-slider\/public\/assets\/css\/blank.gif\" alt=\"\" title=\"\" data-src=\"https:\/\/www.mvac.pt\/wp-content\/uploads\/2021\/12\/ml-10_19535.jpg\" \/>\n\n\t\t\t\t\t<div class=\"ms-info\"><strong>Rui Chafes<\/strong><br \/>Durante o Sono, 2002<br \/>Ferro<br \/>Colec\u00e7\u00e3o Gulbenkian<\/div>\n\n\n\t<div class=\"ms-thumb\" ><div class=\"ms-tab-context\"><div class=\"&quot;ms-tab-context&quot;\"><\/div><\/div>\n<\/div>\n\t\t\t\t<\/div>\n\t\t\t\t<div  class=\"ms-slide\" data-delay=\"3\" data-fill-mode=\"fill\"  >\n\t\t\t\t\t<img decoding=\"async\" src=\"https:\/\/www.mvac.pt\/wp-content\/plugins\/master-slider\/public\/assets\/css\/blank.gif\" alt=\"\" title=\"\" data-src=\"https:\/\/www.mvac.pt\/wp-content\/uploads\/2021\/12\/ml-11_burning_forbidden_sea.jpg\" \/>\n\n\t\t\t\t\t<div class=\"ms-info\"><strong>Rui Chafes<\/strong><br \/>Burning in A forbidden Sea, 2011<br \/>Ferro<br \/>Colec\u00e7\u00e3o Gulbenkian<\/div>\n\n\n\t<div class=\"ms-thumb\" ><div class=\"ms-tab-context\"><div class=\"&quot;ms-tab-context&quot;\"><\/div><\/div>\n<\/div>\n\t\t\t\t<\/div>\n\t\t\t\t<div  class=\"ms-slide\" data-delay=\"3\" data-fill-mode=\"fill\"  >\n\t\t\t\t\t<img decoding=\"async\" src=\"https:\/\/www.mvac.pt\/wp-content\/plugins\/master-slider\/public\/assets\/css\/blank.gif\" alt=\"\" title=\"\" data-src=\"https:\/\/www.mvac.pt\/wp-content\/uploads\/2021\/12\/ml-12_thick_layer_silence.jpg\" \/>\n\n\t\t\t\t\t<div class=\"ms-info\"><strong>Rui Chafes<\/strong><br \/>Thick Layer of Silence (on entering the world), 2000<br \/>Ferro<\/div>\n\n\n\t<div class=\"ms-thumb\" ><div class=\"ms-tab-context\"><div class=\"&quot;ms-tab-context&quot;\"><\/div><\/div>\n<\/div>\n\t\t\t\t<\/div>\n\t\t\t\t<div  class=\"ms-slide\" data-delay=\"3\" data-fill-mode=\"fill\"  >\n\t\t\t\t\t<img decoding=\"async\" src=\"https:\/\/www.mvac.pt\/wp-content\/plugins\/master-slider\/public\/assets\/css\/blank.gif\" alt=\"\" title=\"\" data-src=\"https:\/\/www.mvac.pt\/wp-content\/uploads\/2021\/12\/ml-13_pre_escolha-8261.jpg\" \/>\n\n\t\t\t\t\t<div class=\"ms-info\"><strong>Vasco Ara\u00fajo<\/strong><br \/>Exotismo \u2013 Physiologus 2014<br \/>Pata de elefante, Livros<\/div>\n\n\n\t<div class=\"ms-thumb\" ><div class=\"ms-tab-context\"><div class=\"&quot;ms-tab-context&quot;\"><\/div><\/div>\n<\/div>\n\t\t\t\t<\/div>\n\t\t\t\t<div  class=\"ms-slide\" data-delay=\"3\" data-fill-mode=\"fill\"  >\n\t\t\t\t\t<img decoding=\"async\" src=\"https:\/\/www.mvac.pt\/wp-content\/plugins\/master-slider\/public\/assets\/css\/blank.gif\" alt=\"\" title=\"\" data-src=\"https:\/\/www.mvac.pt\/wp-content\/uploads\/2021\/12\/ml-14_mesa01-3843.jpg\" \/>\n\n\t\t\t\t\t<div class=\"ms-info\"><strong>Vasco Ara\u00fajo<\/strong><br \/>Bot\u00e2nica #3, 2012<br \/>Mesas de madeira, fotografias digitais, molduras de madeira e metal<\/div>\n\n\n\t<div class=\"ms-thumb\" ><div class=\"ms-tab-context\"><div class=\"&quot;ms-tab-context&quot;\"><\/div><\/div>\n<\/div>\n\t\t\t\t<\/div>\n\t\t\t\t<div  class=\"ms-slide\" data-delay=\"3\" data-fill-mode=\"fill\"  >\n\t\t\t\t\t<img decoding=\"async\" src=\"https:\/\/www.mvac.pt\/wp-content\/plugins\/master-slider\/public\/assets\/css\/blank.gif\" alt=\"\" title=\"\" data-src=\"https:\/\/www.mvac.pt\/wp-content\/uploads\/2021\/12\/ml-15_ConcretePoem_01.jpg\" \/>\n\n\t\t\t\t\t<div class=\"ms-info\"><strong>Fernanda Fragateiro<\/strong><br \/>Concrete Poem, 2012<br \/>A\u00e7o inoxid\u00e1vel polido e 7 vigas de bet\u00e3o<br \/>Vila Nova da Barquinha<\/div>\n\n\n\t<div class=\"ms-thumb\" ><div class=\"ms-tab-context\"><div class=\"&quot;ms-tab-context&quot;\"><\/div><\/div>\n<\/div>\n\t\t\t\t<\/div>\n\t\t\t\t<div  class=\"ms-slide\" data-delay=\"3\" data-fill-mode=\"fill\"  >\n\t\t\t\t\t<img decoding=\"async\" src=\"https:\/\/www.mvac.pt\/wp-content\/plugins\/master-slider\/public\/assets\/css\/blank.gif\" alt=\"\" title=\"\" data-src=\"https:\/\/www.mvac.pt\/wp-content\/uploads\/2021\/12\/ml-17_af_maisontropicale_10-scaled.jpg\" \/>\n\n\t\t\t\t\t<div class=\"ms-info\"><strong>\u00c2ngela Ferreira<\/strong><br \/>Maison Tropicale, 2007<br \/>Materiais diversos<\/div>\n\n\n\t<div class=\"ms-thumb\" ><div class=\"ms-tab-context\"><div class=\"&quot;ms-tab-context&quot;\"><\/div><\/div>\n<\/div>\n\t\t\t\t<\/div>\n\t\t\t\t<div  class=\"ms-slide\" data-delay=\"3\" data-fill-mode=\"fill\"  >\n\t\t\t\t\t<img decoding=\"async\" src=\"https:\/\/www.mvac.pt\/wp-content\/plugins\/master-slider\/public\/assets\/css\/blank.gif\" alt=\"\" title=\"\" data-src=\"https:\/\/www.mvac.pt\/wp-content\/uploads\/2021\/12\/ml-18_MC_TalkTower_256.jpg\" \/>\n\n\t\t\t\t\t<div class=\"ms-info\"><strong>\u00c2ngela Ferreira<\/strong><br \/>Talk Tower for Ingrid Jonker, 2012<br \/>MDF cinzento, altifalantes, som<\/div>\n\n\n\t<div class=\"ms-thumb\" ><div class=\"ms-tab-context\"><div class=\"&quot;ms-tab-context&quot;\"><\/div><\/div>\n<\/div>\n\t\t\t\t<\/div>\n\t\t\t\t<div  class=\"ms-slide\" data-delay=\"3\" data-fill-mode=\"fill\"  >\n\t\t\t\t\t<img decoding=\"async\" src=\"https:\/\/www.mvac.pt\/wp-content\/plugins\/master-slider\/public\/assets\/css\/blank.gif\" alt=\"\" title=\"\" data-src=\"https:\/\/www.mvac.pt\/wp-content\/uploads\/2021\/12\/ml-19_Screenshot-2021-10-23-at-21.32.51.png\" \/>\n\n\t\t\t\t\t<div class=\"ms-info\"><strong>Joana Vasconcelos<\/strong><br \/>A Noiva, 2001<br \/>Tamp\u00f5es OB, a\u00e7o inoxid\u00e1vel, fio de algod\u00e3o, cabos de a\u00e7o<br \/>Colec\u00e7\u00e3o Ant\u00f3nio Cachola<\/div>\n\n\n\t<div class=\"ms-thumb\" ><div class=\"ms-tab-context\"><div class=\"&quot;ms-tab-context&quot;\"><\/div><\/div>\n<\/div>\n\t\t\t\t<\/div>\n\t\t\t\t<div  class=\"ms-slide\" data-delay=\"3\" data-fill-mode=\"fill\"  >\n\t\t\t\t\t<img decoding=\"async\" src=\"https:\/\/www.mvac.pt\/wp-content\/plugins\/master-slider\/public\/assets\/css\/blank.gif\" alt=\"\" title=\"\" data-src=\"https:\/\/www.mvac.pt\/wp-content\/uploads\/2021\/12\/ml-20_Screenshot-2021-10-23-at-21.40.30.png\" \/>\n\n\t\t\t\t\t<div class=\"ms-info\"><strong>Joana Vasconcelos<\/strong><br \/>Trafaria Praia, 2013<br \/>Navio-motor de passageiros (1960), revestimento e mobili\u00e1rio de corti\u00e7a<\/div>\n\n\n\t<div class=\"ms-thumb\" ><div class=\"ms-tab-context\"><div class=\"&quot;ms-tab-context&quot;\"><\/div><\/div>\n<\/div>\n\t\t\t\t<\/div>\n\t\t\t\t<div  class=\"ms-slide\" data-delay=\"3\" data-fill-mode=\"fill\"  >\n\t\t\t\t\t<img decoding=\"async\" src=\"https:\/\/www.mvac.pt\/wp-content\/plugins\/master-slider\/public\/assets\/css\/blank.gif\" alt=\"\" title=\"\" data-src=\"https:\/\/www.mvac.pt\/wp-content\/uploads\/2021\/12\/ml-21_Screenshot-2021-10-23-at-21.39.36.png\" \/>\n\n\t\t\t\t\t<div class=\"ms-info\"><strong>Joana Vasconcelos<\/strong><br \/>Dorothy, 2007<br \/>Panelas e tampas de a\u00e7o inoxid\u00e1vel, cimento<\/div>\n\n\n\t<div class=\"ms-thumb\" ><div class=\"ms-tab-context\"><div class=\"&quot;ms-tab-context&quot;\"><\/div><\/div>\n<\/div>\n\t\t\t\t<\/div>\n\t\t\t\t<div  class=\"ms-slide\" data-delay=\"3\" data-fill-mode=\"fill\"  >\n\t\t\t\t\t<img decoding=\"async\" src=\"https:\/\/www.mvac.pt\/wp-content\/plugins\/master-slider\/public\/assets\/css\/blank.gif\" alt=\"\" title=\"\" data-src=\"https:\/\/www.mvac.pt\/wp-content\/uploads\/2021\/12\/ml-22_9781771135504_800_1199_90.jpg\" \/>\n\n\t\t\t\t\t<div class=\"ms-info\"><strong>Grada Kilomba<\/strong><br \/>Plantation Memories, 2008<br \/>Livro<\/div>\n\n\n\t<div class=\"ms-thumb\" ><div class=\"ms-tab-context\"><div class=\"&quot;ms-tab-context&quot;\"><\/div><\/div>\n<\/div>\n\t\t\t\t<\/div>\n\t\t\t\t<div  class=\"ms-slide\" data-delay=\"3\" data-fill-mode=\"fill\"  >\n\t\t\t\t\t<img decoding=\"async\" src=\"https:\/\/www.mvac.pt\/wp-content\/plugins\/master-slider\/public\/assets\/css\/blank.gif\" alt=\"\" title=\"\" data-src=\"https:\/\/www.mvac.pt\/wp-content\/uploads\/2021\/12\/ml-23_grada_kilombax_illusions_vol__ix_narcissus_and_echox_still_x13x_2017x_courtesy_of_the_artist.png_1741123634.png\" \/>\n\n\t\t\t\t\t<div class=\"ms-info\"><strong>Grada Kilomba<\/strong><br \/>Illusions Vol. I, Narcissus and Echo, 2017<br \/>Instala\u00e7\u00e3o v\u00eddeo com 2 canais de proje\u00e7\u00e3o, Edi\u00e7\u00e3o 1\/5<br \/>Colec\u00e7\u00e3o Gulbenkian<\/div>\n\n\n\t<div class=\"ms-thumb\" ><div class=\"ms-tab-context\"><div class=\"&quot;ms-tab-context&quot;\"><\/div><\/div>\n<\/div>\n\t\t\t\t<\/div>\n\n\t\t\t<\/div>\n\t\t\t<!-- END MasterSlider Main -->\n\n\t\t\t \n\t\t<\/div>\n\t\t<!-- END MasterSlider -->\n\n\t\t<script>\n\t\t(function ( $ ) {\n\t\t\t\"use strict\";\n\n\t\t\t$(function () {\n\t\t\t\tvar masterslider_433c = new MasterSlider();\n\n\t\t\t\t\/\/ slider controls\n\t\t\t\tmasterslider_433c.control('arrows'     ,{ autohide:false, overVideo:true  });\n\t\t\t\tmasterslider_433c.control('slideinfo'  ,{ autohide:false, overVideo:true, dir:'h', align:'bottom',inset:false , margin:10   });\n\t\t\t\t\/\/ slider setup\n\t\t\t\tmasterslider_433c.setup(\"MS61b348649433c\", {\n\t\t\t\t\t\twidth           : 580,\n\t\t\t\t\t\theight          : 580,\n\t\t\t\t\t\tminHeight       : 0,\n\t\t\t\t\t\tspace           : 0,\n\t\t\t\t\t\tstart           : 1,\n\t\t\t\t\t\tgrabCursor      : true,\n\t\t\t\t\t\tswipe           : true,\n\t\t\t\t\t\tmouse           : true,\n\t\t\t\t\t\tlayout          : \"boxed\",\n\t\t\t\t\t\twheel           : false,\n\t\t\t\t\t\tautoplay        : false,\n\t\t\t\t\t\tinstantStartLayers:false,\n\t\t\t\t\t\tloop            : false,\n\t\t\t\t\t\tshuffle         : false,\n\t\t\t\t\t\tpreload         : 0,\n\t\t\t\t\t\theightLimit     : true,\n\t\t\t\t\t\tautoHeight      : true,\n\t\t\t\t\t\tsmoothHeight    : true,\n\t\t\t\t\t\tendPause        : false,\n\t\t\t\t\t\toverPause       : true,\n\t\t\t\t\t\tfillMode        : \"fill\",\n\t\t\t\t\t\tcenterControls  : true,\n\t\t\t\t\t\tstartOnAppear   : false,\n\t\t\t\t\t\tlayersMode      : \"center\",\n\t\t\t\t\t\thideLayers      : false,\n\t\t\t\t\t\tfullscreenMargin: 0,\n\t\t\t\t\t\tspeed           : 20,\n\t\t\t\t\t\tdir             : \"h\",\n\t\t\t\t\t\tparallaxMode    : 'swipe',\n\t\t\t\t\t\tview            : \"basic\"\n\t\t\t\t});\n\n\t\t\t\t\n\t\t\t\twindow.masterslider_instances = window.masterslider_instances || [];\n\t\t\t\twindow.masterslider_instances.push( masterslider_433c );\n\t\t\t });\n\n\t\t})(jQuery);\n\t\t<\/script>","protected":false},"excerpt":{"rendered":"<p>O in\u00edcio do s\u00e9culo XXI caracteriza-se pela exacerba\u00e7\u00e3o da identidade pessoal dos artistas, o que torna praticamente imposs\u00edvel descortinar linhas de ac\u00e7\u00e3o comuns. O tra\u00e7o mais forte que \u00e9 poss\u00edvel identificar prende-se com a import\u00e2ncia da componente conceptual nos trabalhos. N\u00e3o se trata j\u00e1 do conceptualismo radical dos anos sessenta, que dispensava totalmente a materializa\u00e7\u00e3o [&hellip;]<\/p>\n","protected":false},"author":1,"featured_media":0,"parent":0,"menu_order":0,"comment_status":"closed","ping_status":"closed","template":"","meta":{"footnotes":""},"class_list":["post-55","page","type-page","status-publish","hentry"],"_links":{"self":[{"href":"http:\/\/www.mvac.pt\/en\/wp-json\/wp\/v2\/pages\/55","targetHints":{"allow":["GET"]}}],"collection":[{"href":"http:\/\/www.mvac.pt\/en\/wp-json\/wp\/v2\/pages"}],"about":[{"href":"http:\/\/www.mvac.pt\/en\/wp-json\/wp\/v2\/types\/page"}],"author":[{"embeddable":true,"href":"http:\/\/www.mvac.pt\/en\/wp-json\/wp\/v2\/users\/1"}],"replies":[{"embeddable":true,"href":"http:\/\/www.mvac.pt\/en\/wp-json\/wp\/v2\/comments?post=55"}],"version-history":[{"count":2,"href":"http:\/\/www.mvac.pt\/en\/wp-json\/wp\/v2\/pages\/55\/revisions"}],"predecessor-version":[{"id":143,"href":"http:\/\/www.mvac.pt\/en\/wp-json\/wp\/v2\/pages\/55\/revisions\/143"}],"wp:attachment":[{"href":"http:\/\/www.mvac.pt\/en\/wp-json\/wp\/v2\/media?parent=55"}],"curies":[{"name":"wp","href":"https:\/\/api.w.org\/{rel}","templated":true}]}}