{"id":52,"date":"2021-11-26T14:19:31","date_gmt":"2021-11-26T14:19:31","guid":{"rendered":"https:\/\/www.mvac.pt\/?page_id=52"},"modified":"2021-12-03T12:21:52","modified_gmt":"2021-12-03T12:21:52","slug":"13-novos-media","status":"publish","type":"page","link":"http:\/\/www.mvac.pt\/en\/13-novos-media\/","title":{"rendered":"13. New Media"},"content":{"rendered":"<figure class=\"wp-block-image size-full\"><img loading=\"lazy\" decoding=\"async\" width=\"600\" height=\"333\" src=\"https:\/\/www.mvac.pt\/wp-content\/uploads\/2021\/11\/nm-9_joaotabarraplusjamais.jpg\" alt=\"\" class=\"wp-image-53\" srcset=\"https:\/\/www.mvac.pt\/wp-content\/uploads\/2021\/11\/nm-9_joaotabarraplusjamais.jpg 600w, https:\/\/www.mvac.pt\/wp-content\/uploads\/2021\/11\/nm-9_joaotabarraplusjamais-300x167.jpg 300w, https:\/\/www.mvac.pt\/wp-content\/uploads\/2021\/11\/nm-9_joaotabarraplusjamais-18x10.jpg 18w\" sizes=\"auto, (max-width: 600px) 100vw, 600px\" \/><figcaption>Jo\u00e3o Tabarra, <em>Trues Lies and Alibis<\/em> \u2014 Marche Solitaire, 1999<\/figcaption><\/figure>\n\n\n\n<p class=\"translation-block\">In line with what was happening abroad, although a few years late, photography and video earned their place in museum. More than a thematic approach \u2014 which there wasn\u2019t one \u2014 what marks this period is the medium itself, how easy it was for the audiences to identify with the work of the artists and how easy it was embraced.<\/p>\n\n\n\n\t\t<!-- MasterSlider -->\n\t\t<div id=\"P_MS61b342b2310e7\" class=\"master-slider-parent msl ms-parent-id-13\" style=\"max-width:600px;\">\n\n\t\t\t\n\t\t\t<!-- MasterSlider Main -->\n\t\t\t<div id=\"MS61b342b2310e7\" class=\"master-slider ms-skin-default\" >\n\t\t\t\t \t\t\t\t \n\t\t\t\t<div  class=\"ms-slide\" data-delay=\"3\" data-fill-mode=\"fill\"  >\n\t\t\t\t\t<img decoding=\"async\" src=\"https:\/\/www.mvac.pt\/wp-content\/plugins\/master-slider\/public\/assets\/css\/blank.gif\" alt=\"\" title=\"\" data-src=\"https:\/\/www.mvac.pt\/wp-content\/uploads\/2021\/12\/md-01_220.jpg\" \/>\n\n\t\t\t\t\t<div class=\"ms-info\"><strong>Daniel Blaufuks<\/strong><br \/>I Spy, 2003<br \/>Papel Fotogr\u00e1fico<br \/>Colec\u00e7\u00e3o Gulbenkian<\/div>\n\n\n\t<div class=\"ms-thumb\" ><div class=\"ms-tab-context\"><div class=\"&quot;ms-tab-context&quot;\"><\/div><\/div>\n<\/div>\n\t\t\t\t<\/div>\n\t\t\t\t<div  class=\"ms-slide\" data-delay=\"3\" data-fill-mode=\"fill\"  >\n\t\t\t\t\t<img decoding=\"async\" src=\"https:\/\/www.mvac.pt\/wp-content\/plugins\/master-slider\/public\/assets\/css\/blank.gif\" alt=\"\" title=\"\" data-src=\"https:\/\/www.mvac.pt\/wp-content\/uploads\/2021\/12\/md-02_blaufuks_i-selfish.jpg\" \/>\n\n\t\t\t\t\t<div class=\"ms-info\"><strong>Daniel Blaufuks<\/strong><br \/>I selfish, 2018<\/div>\n\n\n\t<div class=\"ms-thumb\" ><div class=\"ms-tab-context\"><div class=\"&quot;ms-tab-context&quot;\"><\/div><\/div>\n<\/div>\n\t\t\t\t<\/div>\n\t\t\t\t<div  class=\"ms-slide\" data-delay=\"3\" data-fill-mode=\"fill\"  >\n\t\t\t\t\t<img decoding=\"async\" src=\"https:\/\/www.mvac.pt\/wp-content\/plugins\/master-slider\/public\/assets\/css\/blank.gif\" alt=\"\" title=\"\" data-src=\"https:\/\/www.mvac.pt\/wp-content\/uploads\/2021\/12\/md-03_Screen-Shot-2018-10-11-at-03.52.06.png\" \/>\n\n\t\t\t\t\t<div class=\"ms-info\"><strong>Daniel Blaufuks<\/strong><\/div>\n\n\n\t<div class=\"ms-thumb\" ><div class=\"ms-tab-context\"><div class=\"&quot;ms-tab-context&quot;\"><\/div><\/div>\n<\/div>\n\t\t\t\t<\/div>\n\t\t\t\t<div  class=\"ms-slide\" data-delay=\"3\" data-fill-mode=\"fill\"  >\n\t\t\t\t\t<img decoding=\"async\" src=\"https:\/\/www.mvac.pt\/wp-content\/plugins\/master-slider\/public\/assets\/css\/blank.gif\" alt=\"\" title=\"\" data-src=\"https:\/\/www.mvac.pt\/wp-content\/uploads\/2021\/12\/md-04_ferrari-aas.jpg\" \/>\n\n\t\t\t\t\t<div class=\"ms-info\"><strong>Augusto Alves da Silva<\/strong><br \/>S\/ T\u00edtulo (s\u00e9rie Ferrari, 1999\u200b)\u200b, 2009<br \/>Fotografia<br \/>Colec\u00e7\u00e3o Ant\u00f3nio Cachola<\/div>\n\n\n\t<div class=\"ms-thumb\" ><div class=\"ms-tab-context\"><div class=\"&quot;ms-tab-context&quot;\"><\/div><\/div>\n<\/div>\n\t\t\t\t<\/div>\n\t\t\t\t<div  class=\"ms-slide\" data-delay=\"3\" data-fill-mode=\"fill\"  >\n\t\t\t\t\t<img decoding=\"async\" src=\"https:\/\/www.mvac.pt\/wp-content\/plugins\/master-slider\/public\/assets\/css\/blank.gif\" alt=\"\" title=\"\" data-src=\"https:\/\/www.mvac.pt\/wp-content\/uploads\/2021\/12\/md-05_AASilva-Da-Serie-Shelter_Col-IVS.jpg\" \/>\n\n\t\t\t\t\t<div class=\"ms-info\"><strong>Augusto Alves da Silva<\/strong><br \/>Da s\u00e9rie Shelter, 1999<br \/>2 provas fotogr\u00e1ficas por destrui\u00e7\u00e3o selectiva de corantes (Ilfochrome)<br \/>Colec\u00e7\u00e3o Isabel Vaz Lopes. Depositado no MNAC<\/div>\n\n\n\t<div class=\"ms-thumb\" ><div class=\"ms-tab-context\"><div class=\"&quot;ms-tab-context&quot;\"><\/div><\/div>\n<\/div>\n\t\t\t\t<\/div>\n\t\t\t\t<div  class=\"ms-slide\" data-delay=\"3\" data-fill-mode=\"fill\"  >\n\t\t\t\t\t<img decoding=\"async\" src=\"https:\/\/www.mvac.pt\/wp-content\/plugins\/master-slider\/public\/assets\/css\/blank.gif\" alt=\"\" title=\"\" data-src=\"https:\/\/www.mvac.pt\/wp-content\/uploads\/2021\/12\/md-06_13163.jpg\" \/>\n\n\t\t\t\t\t<div class=\"ms-info\"><strong>Jorge Molder<\/strong><br \/>Um dia cinzento, 1981<br \/>Papel Fotogr\u00e1fico<br \/>Colec\u00e7\u00e3o Gulbenkian<\/div>\n\n\n\t<div class=\"ms-thumb\" ><div class=\"ms-tab-context\"><div class=\"&quot;ms-tab-context&quot;\"><\/div><\/div>\n<\/div>\n\t\t\t\t<\/div>\n\t\t\t\t<div  class=\"ms-slide\" data-delay=\"3\" data-fill-mode=\"fill\"  >\n\t\t\t\t\t<img decoding=\"async\" src=\"https:\/\/www.mvac.pt\/wp-content\/plugins\/master-slider\/public\/assets\/css\/blank.gif\" alt=\"\" title=\"\" data-src=\"https:\/\/www.mvac.pt\/wp-content\/uploads\/2021\/12\/md-07_13859.jpg\" \/>\n\n\t\t\t\t\t<div class=\"ms-info\"><strong>Jorge Molder<\/strong><br \/>N\u00e3o tem que me contar seja o que for, 2007<br \/>Papel Arches,\u00a0Fotografia impressa a jacto de tinta<br \/>Colec\u00e7\u00e3o Gulbenkian<\/div>\n\n\n\t<div class=\"ms-thumb\" ><div class=\"ms-tab-context\"><div class=\"&quot;ms-tab-context&quot;\"><\/div><\/div>\n<\/div>\n\t\t\t\t<\/div>\n\t\t\t\t<div  class=\"ms-slide\" data-delay=\"3\" data-fill-mode=\"fill\"  >\n\t\t\t\t\t<img decoding=\"async\" src=\"https:\/\/www.mvac.pt\/wp-content\/plugins\/master-slider\/public\/assets\/css\/blank.gif\" alt=\"\" title=\"\" data-src=\"https:\/\/www.mvac.pt\/wp-content\/uploads\/2021\/12\/md-08_13875.jpg\" \/>\n\n\t\t\t\t\t<div class=\"ms-info\"><strong>Jorge Molder<\/strong><br \/>N\u00e3o tem que me contar seja o que for, 2008<br \/>Papel Arches,\u00a0Fotografia impressa a jacto de tinta<br \/>Colec\u00e7\u00e3o Gulbenkian<\/div>\n\n\n\t<div class=\"ms-thumb\" ><div class=\"ms-tab-context\"><div class=\"&quot;ms-tab-context&quot;\"><\/div><\/div>\n<\/div>\n\t\t\t\t<\/div>\n\t\t\t\t<div  class=\"ms-slide\" data-delay=\"3\" data-fill-mode=\"fill\"  >\n\t\t\t\t\t<img decoding=\"async\" src=\"https:\/\/www.mvac.pt\/wp-content\/plugins\/master-slider\/public\/assets\/css\/blank.gif\" alt=\"\" title=\"\" data-src=\"https:\/\/www.mvac.pt\/wp-content\/uploads\/2021\/12\/md-09_O-Encantador-de-Serpentes-2007-1024x610-1.jpg\" \/>\n\n\t\t\t\t\t<div class=\"ms-info\"><strong>Jo\u00e3o Tabarra<\/strong><br \/>O Encantador de Serpentes, 2007<br \/>HD, projec\u00e7\u00e3o, loop, cor, sem som, edi\u00e7\u00e3o de 5+1 PA, dimens\u00f5es vari\u00e1veis de projec\u00e7\u00e3o.<br \/>Colec\u00e7\u00e3o Ant\u00f3nio Cachola<\/div>\n\n\n\t<div class=\"ms-thumb\" ><div class=\"ms-tab-context\"><div class=\"&quot;ms-tab-context&quot;\"><\/div><\/div>\n<\/div>\n\t\t\t\t<\/div>\n\t\t\t\t<div  class=\"ms-slide\" data-delay=\"3\" data-fill-mode=\"fill\"  >\n\t\t\t\t\t<img decoding=\"async\" src=\"https:\/\/www.mvac.pt\/wp-content\/plugins\/master-slider\/public\/assets\/css\/blank.gif\" alt=\"\" title=\"\" data-src=\"https:\/\/www.mvac.pt\/wp-content\/uploads\/2021\/12\/md-10_joaotabarraplusjamais.jpg\" \/>\n\n\t\t\t\t\t<div class=\"ms-info\"><strong>Jo\u00e3o Tabarra<\/strong><br \/>Trues Lies and Alibis \u2014 Marche Solitaire, 1999<\/div>\n\n\n\t<div class=\"ms-thumb\" ><div class=\"ms-tab-context\"><div class=\"&quot;ms-tab-context&quot;\"><\/div><\/div>\n<\/div>\n\t\t\t\t<\/div>\n\t\t\t\t<div  class=\"ms-slide\" data-delay=\"3\" data-fill-mode=\"fill\"  >\n\t\t\t\t\t<img decoding=\"async\" src=\"https:\/\/www.mvac.pt\/wp-content\/plugins\/master-slider\/public\/assets\/css\/blank.gif\" alt=\"\" title=\"\" data-src=\"https:\/\/www.mvac.pt\/wp-content\/uploads\/2021\/12\/md-11_20140323_105741_hdr.jpg\" \/>\n\n\t\t\t\t\t<div class=\"ms-info\"><strong>Jo\u00e3o Tabarra<\/strong><br \/>Portugueses na Europa, 1995<br \/>Fotografia a cores<br \/>Colec\u00e7\u00e3o Igor Da Costa<\/div>\n\n\n\t<div class=\"ms-thumb\" ><div class=\"ms-tab-context\"><div class=\"&quot;ms-tab-context&quot;\"><\/div><\/div>\n<\/div>\n\t\t\t\t<\/div>\n\t\t\t\t<div  class=\"ms-slide\" data-delay=\"3\" data-fill-mode=\"fill\"  >\n\t\t\t\t\t<img decoding=\"async\" src=\"https:\/\/www.mvac.pt\/wp-content\/plugins\/master-slider\/public\/assets\/css\/blank.gif\" alt=\"\" title=\"\" data-src=\"https:\/\/www.mvac.pt\/wp-content\/uploads\/2021\/12\/md-12_.jpg\" \/>\n\n\t\t\t\t\t<div class=\"ms-info\"><strong>Jo\u00e3o Tabarra<\/strong><br \/>No pain no gain, 1999<br \/>Impress\u00e3o digital sobre papel colado em PVC<br \/>Museu do Chiado<\/div>\n\n\n\t<div class=\"ms-thumb\" ><div class=\"ms-tab-context\"><div class=\"&quot;ms-tab-context&quot;\"><\/div><\/div>\n<\/div>\n\t\t\t\t<\/div>\n\t\t\t\t<div  class=\"ms-slide\" data-delay=\"3\" data-fill-mode=\"fill\"  >\n\t\t\t\t\t<img decoding=\"async\" src=\"https:\/\/www.mvac.pt\/wp-content\/plugins\/master-slider\/public\/assets\/css\/blank.gif\" alt=\"\" title=\"\" data-src=\"https:\/\/www.mvac.pt\/wp-content\/uploads\/2021\/12\/md-13_961.jpg\" \/>\n\n\t\t\t\t\t<div class=\"ms-info\"><strong>Eurico Lino do Vale<\/strong><br \/>Nicolas 2001<br \/>Papel de fibra,\u00a0Fotografia<br \/>Colec\u00e7\u00e3o Gulbenkian<\/div>\n\n\n\t<div class=\"ms-thumb\" ><div class=\"ms-tab-context\"><div class=\"&quot;ms-tab-context&quot;\"><\/div><\/div>\n<\/div>\n\t\t\t\t<\/div>\n\t\t\t\t<div  class=\"ms-slide\" data-delay=\"3\" data-fill-mode=\"fill\"  >\n\t\t\t\t\t<img decoding=\"async\" src=\"https:\/\/www.mvac.pt\/wp-content\/plugins\/master-slider\/public\/assets\/css\/blank.gif\" alt=\"\" title=\"\" data-src=\"https:\/\/www.mvac.pt\/wp-content\/uploads\/2021\/12\/md-14_415.jpg\" \/>\n\n\t\t\t\t\t<div class=\"ms-info\"><strong>Nuno Cera<\/strong><br \/>Smog #15 2000<br \/>Alum\u00ednio e Papel Fotogr\u00e1fico\u00a0C-print e Tinta acr\u00edlica<br \/>Colec\u00e7\u00e3o Gulbenkian<\/div>\n\n\n\t<div class=\"ms-thumb\" ><div class=\"ms-tab-context\"><div class=\"&quot;ms-tab-context&quot;\"><\/div><\/div>\n<\/div>\n\t\t\t\t<\/div>\n\t\t\t\t<div  class=\"ms-slide\" data-delay=\"3\" data-fill-mode=\"fill\"  >\n\t\t\t\t\t<img decoding=\"async\" src=\"https:\/\/www.mvac.pt\/wp-content\/plugins\/master-slider\/public\/assets\/css\/blank.gif\" alt=\"\" title=\"\" data-src=\"https:\/\/www.mvac.pt\/wp-content\/uploads\/2021\/12\/md-15_10356.jpg\" \/>\n\n\t\t\t\t\t<div class=\"ms-info\"><strong>Paulo Nozolino<\/strong><br \/>S\/ T\u00edtulo 1981<br \/>Papel Fotogr\u00e1fico<br \/>Colec\u00e7\u00e3o Gulbenkian<\/div>\n\n\n\t<div class=\"ms-thumb\" ><div class=\"ms-tab-context\"><div class=\"&quot;ms-tab-context&quot;\"><\/div><\/div>\n<\/div>\n\t\t\t\t<\/div>\n\t\t\t\t<div  class=\"ms-slide\" data-delay=\"3\" data-fill-mode=\"fill\"  >\n\t\t\t\t\t<img decoding=\"async\" src=\"https:\/\/www.mvac.pt\/wp-content\/plugins\/master-slider\/public\/assets\/css\/blank.gif\" alt=\"\" title=\"\" data-src=\"https:\/\/www.mvac.pt\/wp-content\/uploads\/2021\/12\/md-16_Onofre-inv-2860.jpg\" \/>\n\n\t\t\t\t\t<div class=\"ms-info\"><strong>Jo\u00e3o Onofre<\/strong><br \/>Untitled (Vulture in the studio), 2002<br \/>V\u00eddeo (DVD), cor, som<\/div>\n\n\n\t<div class=\"ms-thumb\" ><div class=\"ms-tab-context\"><div class=\"&quot;ms-tab-context&quot;\"><\/div><\/div>\n<\/div>\n\t\t\t\t<\/div>\n\t\t\t\t<div  class=\"ms-slide\" data-delay=\"3\" data-fill-mode=\"fill\"  >\n\t\t\t\t\t<img decoding=\"async\" src=\"https:\/\/www.mvac.pt\/wp-content\/plugins\/master-slider\/public\/assets\/css\/blank.gif\" alt=\"\" title=\"\" data-src=\"https:\/\/www.mvac.pt\/wp-content\/uploads\/2021\/12\/md-17_7957.jpg\" \/>\n\n\t\t\t\t\t<div class=\"ms-info\"><strong>Filipa C\u00e9sar<\/strong><br \/>Product Displacement, 2002<br \/>Televis\u00e3o, V\u00eddeoDVD<br \/>Colec\u00e7\u00e3o Gulbenkian<\/div>\n\n\n\t<div class=\"ms-thumb\" ><div class=\"ms-tab-context\"><div class=\"&quot;ms-tab-context&quot;\"><\/div><\/div>\n<\/div>\n\t\t\t\t<\/div>\n\t\t\t\t<div  class=\"ms-slide\" data-delay=\"3\" data-fill-mode=\"fill\"  >\n\t\t\t\t\t<img decoding=\"async\" src=\"https:\/\/www.mvac.pt\/wp-content\/plugins\/master-slider\/public\/assets\/css\/blank.gif\" alt=\"\" title=\"\" data-src=\"https:\/\/www.mvac.pt\/wp-content\/uploads\/2021\/12\/md-18_thea11-20-18.jpg\" \/>\n\n\t\t\t\t\t<div class=\"ms-info\"><strong>Filipa C\u00e9sar<\/strong><br \/>Berlin Zoo 2003<br \/>V\u00eddeo<\/div>\n\n\n\t<div class=\"ms-thumb\" ><div class=\"ms-tab-context\"><div class=\"&quot;ms-tab-context&quot;\"><\/div><\/div>\n<\/div>\n\t\t\t\t<\/div>\n\n\t\t\t<\/div>\n\t\t\t<!-- END MasterSlider Main -->\n\n\t\t\t \n\t\t<\/div>\n\t\t<!-- END MasterSlider -->\n\n\t\t<script>\n\t\t(function ( $ ) {\n\t\t\t\"use strict\";\n\n\t\t\t$(function () {\n\t\t\t\tvar masterslider_10e7 = new MasterSlider();\n\n\t\t\t\t\/\/ slider controls\n\t\t\t\tmasterslider_10e7.control('arrows'     ,{ autohide:false, overVideo:true  });\n\t\t\t\tmasterslider_10e7.control('slideinfo'  ,{ autohide:false, overVideo:true, dir:'h', align:'bottom',inset:false , margin:10   });\n\t\t\t\t\/\/ slider setup\n\t\t\t\tmasterslider_10e7.setup(\"MS61b342b2310e7\", {\n\t\t\t\t\t\twidth           : 580,\n\t\t\t\t\t\theight          : 580,\n\t\t\t\t\t\tminHeight       : 0,\n\t\t\t\t\t\tspace           : 0,\n\t\t\t\t\t\tstart           : 1,\n\t\t\t\t\t\tgrabCursor      : true,\n\t\t\t\t\t\tswipe           : true,\n\t\t\t\t\t\tmouse           : true,\n\t\t\t\t\t\tlayout          : \"boxed\",\n\t\t\t\t\t\twheel           : false,\n\t\t\t\t\t\tautoplay        : false,\n\t\t\t\t\t\tinstantStartLayers:false,\n\t\t\t\t\t\tloop            : false,\n\t\t\t\t\t\tshuffle         : false,\n\t\t\t\t\t\tpreload         : 0,\n\t\t\t\t\t\theightLimit     : true,\n\t\t\t\t\t\tautoHeight      : true,\n\t\t\t\t\t\tsmoothHeight    : true,\n\t\t\t\t\t\tendPause        : false,\n\t\t\t\t\t\toverPause       : true,\n\t\t\t\t\t\tfillMode        : \"fill\",\n\t\t\t\t\t\tcenterControls  : true,\n\t\t\t\t\t\tstartOnAppear   : false,\n\t\t\t\t\t\tlayersMode      : \"center\",\n\t\t\t\t\t\thideLayers      : false,\n\t\t\t\t\t\tfullscreenMargin: 0,\n\t\t\t\t\t\tspeed           : 20,\n\t\t\t\t\t\tdir             : \"h\",\n\t\t\t\t\t\tparallaxMode    : 'swipe',\n\t\t\t\t\t\tview            : \"basic\"\n\t\t\t\t});\n\n\t\t\t\t\n\t\t\t\twindow.masterslider_instances = window.masterslider_instances || [];\n\t\t\t\twindow.masterslider_instances.push( masterslider_10e7 );\n\t\t\t });\n\n\t\t})(jQuery);\n\t\t<\/script>","protected":false},"excerpt":{"rendered":"<p>Em conson\u00e2ncia com o que se passava no estrangeiro, ainda que com alguns anos de atraso, a fotografia e o v\u00eddeo conquistaram um lugar de pleno direito no museu. Mais do que uma unidade tem\u00e1tica nas abordagens \u2014\u00a0que n\u00e3o havia \u2014 o que marca este per\u00edodo \u00e9 o pr\u00f3prio\u00a0medium, a facilidade com que ele leva [&hellip;]<\/p>\n","protected":false},"author":1,"featured_media":0,"parent":0,"menu_order":0,"comment_status":"closed","ping_status":"closed","template":"","meta":{"footnotes":""},"class_list":["post-52","page","type-page","status-publish","hentry"],"_links":{"self":[{"href":"http:\/\/www.mvac.pt\/en\/wp-json\/wp\/v2\/pages\/52","targetHints":{"allow":["GET"]}}],"collection":[{"href":"http:\/\/www.mvac.pt\/en\/wp-json\/wp\/v2\/pages"}],"about":[{"href":"http:\/\/www.mvac.pt\/en\/wp-json\/wp\/v2\/types\/page"}],"author":[{"embeddable":true,"href":"http:\/\/www.mvac.pt\/en\/wp-json\/wp\/v2\/users\/1"}],"replies":[{"embeddable":true,"href":"http:\/\/www.mvac.pt\/en\/wp-json\/wp\/v2\/comments?post=52"}],"version-history":[{"count":2,"href":"http:\/\/www.mvac.pt\/en\/wp-json\/wp\/v2\/pages\/52\/revisions"}],"predecessor-version":[{"id":142,"href":"http:\/\/www.mvac.pt\/en\/wp-json\/wp\/v2\/pages\/52\/revisions\/142"}],"wp:attachment":[{"href":"http:\/\/www.mvac.pt\/en\/wp-json\/wp\/v2\/media?parent=52"}],"curies":[{"name":"wp","href":"https:\/\/api.w.org\/{rel}","templated":true}]}}