{"id":49,"date":"2021-11-26T14:15:17","date_gmt":"2021-11-26T14:15:17","guid":{"rendered":"https:\/\/www.mvac.pt\/?page_id=49"},"modified":"2021-12-03T12:21:27","modified_gmt":"2021-12-03T12:21:27","slug":"12-pluralidade-pos-moderna","status":"publish","type":"page","link":"http:\/\/www.mvac.pt\/en\/12-pluralidade-pos-moderna\/","title":{"rendered":"12. The new post-modern plurality"},"content":{"rendered":"<figure class=\"wp-block-image size-full\"><img loading=\"lazy\" decoding=\"async\" width=\"420\" height=\"231\" src=\"https:\/\/www.mvac.pt\/wp-content\/uploads\/2021\/11\/pm-2_FS-0204.jpg\" alt=\"\" class=\"wp-image-50\" srcset=\"https:\/\/www.mvac.pt\/wp-content\/uploads\/2021\/11\/pm-2_FS-0204.jpg 420w, https:\/\/www.mvac.pt\/wp-content\/uploads\/2021\/11\/pm-2_FS-0204-300x165.jpg 300w, https:\/\/www.mvac.pt\/wp-content\/uploads\/2021\/11\/pm-2_FS-0204-18x10.jpg 18w\" sizes=\"auto, (max-width: 420px) 100vw, 420px\" \/><figcaption>Cabrita, A Casa dos Murm\u00farios, 1990, Funda\u00e7\u00e3o de Serralves<\/figcaption><\/figure>\n\n\n\n<p class=\"translation-block\">1983 marks, more than symbolically, the beginning of a new era for art in Portugal. The inauguration of the Gulbenkian Foundation's Centre for Modern Art, made a much-needed addition to the modern art scene in Portugal, a modern art museum. The exhibition <em>\u201cAfter Modernism\u201d( Depois do Modernismo)<\/em>, which created a general consensus on the freedom and diversity of individual expressions, definitively freed from the narratives of the modernism and the avant-garde, they started the social artistry and legitimized a myriad of practices that together only had in common the desire for freedom, which was in line with the euphoria of the economic growth that agitated the country.<\/p>\n\n\n\n<p class=\"translation-block\">The second half of the decade was full of new exhibition rooms dedicated to contemporary productions, we highlight the work of Luis Serpa who, in continuity with the exhibition called <em>Depois do Modernismo<\/em>, creates the C\u00f3micos gallery, committed to the boldest artists in the scene and bringing relevant foreign artists to Portugal, and culminating with the Serralves Foundation in 1989, committed to building a reference museum and contributing to broaden the countries\u2019 art collection.<\/p>\n\n\n\n<p>Public commissioning was a factor in this era. The most visible and ambitious project was the Lisbon Metro, which included an ambitious decorative program, both for the new stations that marked the expansion of the network, and to the refurbishment of the older stations. Many city councils followed Lisbon\u2019s example and created relevant requests for work in the public space.<\/p>\n\n\n\n<p>From the aesthetic point of view, the main trait of this time is precisely the absence of unity. Art in Portugal was definitively freed from the stylistic corsets and even the organized groups that emerged such as <em>Homeost\u00e9ticos<\/em>, were characterized by their individuality, and abstract principles that were not reflected in the visual arts.<\/p>\n\n\n\n\t\t<!-- MasterSlider -->\n\t\t<div id=\"P_MS61b33bdfb4caf\" class=\"master-slider-parent msl ms-parent-id-12\" style=\"max-width:600px;\">\n\n\t\t\t\n\t\t\t<!-- MasterSlider Main -->\n\t\t\t<div id=\"MS61b33bdfb4caf\" class=\"master-slider ms-skin-default\" >\n\t\t\t\t \t\t\t\t \n\t\t\t\t<div  class=\"ms-slide\" data-delay=\"3\" data-fill-mode=\"fill\"  >\n\t\t\t\t\t<img decoding=\"async\" src=\"https:\/\/www.mvac.pt\/wp-content\/plugins\/master-slider\/public\/assets\/css\/blank.gif\" alt=\"\" title=\"\" data-src=\"https:\/\/www.mvac.pt\/wp-content\/uploads\/2021\/12\/p-20_SC-0128-scaled.jpg\" \/>\n\n\t\t\t\t\t<div class=\"ms-info\"><strong>Leonel Moura<\/strong><br \/>North Territory,\u00a01987<br \/>Fotografia, ferro, vidro<br \/>Colec\u00e7\u00e3o do Estado em dep\u00f3sito em Serralves<\/div>\n\n\n\t<div class=\"ms-thumb\" ><div class=\"ms-tab-context\"><div class=\"&quot;ms-tab-context&quot;\"><\/div><\/div>\n<\/div>\n\t\t\t\t<\/div>\n\t\t\t\t<div  class=\"ms-slide\" data-delay=\"3\" data-fill-mode=\"fill\"  >\n\t\t\t\t\t<img decoding=\"async\" src=\"https:\/\/www.mvac.pt\/wp-content\/plugins\/master-slider\/public\/assets\/css\/blank.gif\" alt=\"\" title=\"\" data-src=\"https:\/\/www.mvac.pt\/wp-content\/uploads\/2021\/12\/p-19_19294.jpg\" \/>\n\n\t\t\t\t\t<div class=\"ms-info\"><strong>Leonel Moura<\/strong><br \/>S\/T\u00edtulo (Am\u00e1lia # 6,) 1987<br \/>Papel Fotogr\u00e1fico e Ferro,\u00a0Fotografia e Tinta acr\u00edlica<br \/>Colec\u00e7\u00e3o Gulbenkian<\/div>\n\n\n\t<div class=\"ms-thumb\" ><div class=\"ms-tab-context\"><div class=\"&quot;ms-tab-context&quot;\"><\/div><\/div>\n<\/div>\n\t\t\t\t<\/div>\n\t\t\t\t<div  class=\"ms-slide\" data-delay=\"3\" data-fill-mode=\"fill\"  >\n\t\t\t\t\t<img decoding=\"async\" src=\"https:\/\/www.mvac.pt\/wp-content\/plugins\/master-slider\/public\/assets\/css\/blank.gif\" alt=\"\" title=\"\" data-src=\"https:\/\/www.mvac.pt\/wp-content\/uploads\/2021\/12\/p-18_pedro_portugal_eucalipto.jpg\" \/>\n\n\t\t\t\t\t<div class=\"ms-info\"><strong>Pedro Portugal<\/strong><br \/>Eucalipto Homenagem, 1991<br \/>BMW 316i, Eucalipto globulus (12m)<\/div>\n\n\n\t<div class=\"ms-thumb\" ><div class=\"ms-tab-context\"><div class=\"&quot;ms-tab-context&quot;\"><\/div><\/div>\n<\/div>\n\t\t\t\t<\/div>\n\t\t\t\t<div  class=\"ms-slide\" data-delay=\"3\" data-fill-mode=\"fill\"  >\n\t\t\t\t\t<img decoding=\"async\" src=\"https:\/\/www.mvac.pt\/wp-content\/plugins\/master-slider\/public\/assets\/css\/blank.gif\" alt=\"\" title=\"\" data-src=\"https:\/\/www.mvac.pt\/wp-content\/uploads\/2021\/12\/p-17_8920.jpg\" \/>\n\n\t\t\t\t\t<div class=\"ms-info\"><strong>Pedro Portugal<\/strong><br \/>Sem t\u00edtulo,\u00a01989<br \/>Tinta acr\u00edlica sobre tela<br \/>Colec\u00e7\u00e3o Gulbenkian<\/div>\n\n\n\t<div class=\"ms-thumb\" ><div class=\"ms-tab-context\"><div class=\"&quot;ms-tab-context&quot;\"><\/div><\/div>\n<\/div>\n\t\t\t\t<\/div>\n\t\t\t\t<div  class=\"ms-slide\" data-delay=\"3\" data-fill-mode=\"fill\"  >\n\t\t\t\t\t<img decoding=\"async\" src=\"https:\/\/www.mvac.pt\/wp-content\/plugins\/master-slider\/public\/assets\/css\/blank.gif\" alt=\"\" title=\"\" data-src=\"https:\/\/www.mvac.pt\/wp-content\/uploads\/2021\/12\/p-16_19715.jpg\" \/>\n\n\t\t\t\t\t<div class=\"ms-info\"><strong>Pedro Portugal<\/strong><br \/>Sem t\u00edtulo,\u00a01990<br \/>Serigrafia sobre papel Fabriano<br \/>Colec\u00e7\u00e3o Gulbenkian<\/div>\n\n\n\t<div class=\"ms-thumb\" ><div class=\"ms-tab-context\"><div class=\"&quot;ms-tab-context&quot;\"><\/div><\/div>\n<\/div>\n\t\t\t\t<\/div>\n\t\t\t\t<div  class=\"ms-slide\" data-delay=\"3\" data-fill-mode=\"fill\"  >\n\t\t\t\t\t<img decoding=\"async\" src=\"https:\/\/www.mvac.pt\/wp-content\/plugins\/master-slider\/public\/assets\/css\/blank.gif\" alt=\"\" title=\"\" data-src=\"https:\/\/www.mvac.pt\/wp-content\/uploads\/2021\/12\/p-15_SC-0494.jpg\" \/>\n\n\t\t\t\t\t<div class=\"ms-info\"><strong>Pedro Casqueiro<\/strong><br \/>Sem t\u00edtulo,\u00a01985<br \/>Tinta acr\u00edlica e colagem sobre tela<br \/>Colec\u00e7\u00e3o do Estado em dep\u00f3sito em Serralves<\/div>\n\n\n\t<div class=\"ms-thumb\" ><div class=\"ms-tab-context\"><div class=\"&quot;ms-tab-context&quot;\"><\/div><\/div>\n<\/div>\n\t\t\t\t<\/div>\n\t\t\t\t<div  class=\"ms-slide\" data-delay=\"3\" data-fill-mode=\"fill\"  >\n\t\t\t\t\t<img decoding=\"async\" src=\"https:\/\/www.mvac.pt\/wp-content\/plugins\/master-slider\/public\/assets\/css\/blank.gif\" alt=\"\" title=\"\" data-src=\"https:\/\/www.mvac.pt\/wp-content\/uploads\/2021\/12\/p-14_4493.jpg\" \/>\n\n\t\t\t\t\t<div class=\"ms-info\"><strong>Pedro Casqueiro<\/strong><br \/>Galeria, 1997<br \/>Tinta acr\u00edlica sobre tela<br \/>Colec\u00e7\u00e3o Gulbenkian<\/div>\n\n\n\t<div class=\"ms-thumb\" ><div class=\"ms-tab-context\"><div class=\"&quot;ms-tab-context&quot;\"><\/div><\/div>\n<\/div>\n\t\t\t\t<\/div>\n\t\t\t\t<div  class=\"ms-slide\" data-delay=\"3\" data-fill-mode=\"fill\"  >\n\t\t\t\t\t<img decoding=\"async\" src=\"https:\/\/www.mvac.pt\/wp-content\/plugins\/master-slider\/public\/assets\/css\/blank.gif\" alt=\"\" title=\"\" data-src=\"https:\/\/www.mvac.pt\/wp-content\/uploads\/2021\/12\/p-13_6458.jpg\" \/>\n\n\t\t\t\t\t<div class=\"ms-info\"><strong>Pedro Proen\u00e7a<\/strong><br \/>S\/ T\u00edtulo (desenho de Natal) 1999<br \/>Papel,Ecoline e Tinta-da-china<br \/>Colec\u00e7\u00e3o Gulbenkian<\/div>\n\n\n\t<div class=\"ms-thumb\" ><div class=\"ms-tab-context\"><div class=\"&quot;ms-tab-context&quot;\"><\/div><\/div>\n<\/div>\n\t\t\t\t<\/div>\n\t\t\t\t<div  class=\"ms-slide\" data-delay=\"3\" data-fill-mode=\"fill\"  >\n\t\t\t\t\t<img decoding=\"async\" src=\"https:\/\/www.mvac.pt\/wp-content\/plugins\/master-slider\/public\/assets\/css\/blank.gif\" alt=\"\" title=\"\" data-src=\"https:\/\/www.mvac.pt\/wp-content\/uploads\/2021\/12\/p-12_6470.jpg\" \/>\n\n\t\t\t\t\t<div class=\"ms-info\"><strong>Pedro Proen\u00e7a<\/strong><br \/>Sempre os Mesmos e as Mesmas, 1991<br \/>Cartolina,\u00a0Tinta-da-china<br \/>Colec\u00e7\u00e3o Gulbenkian<\/div>\n\n\n\t<div class=\"ms-thumb\" ><div class=\"ms-tab-context\"><div class=\"&quot;ms-tab-context&quot;\"><\/div><\/div>\n<\/div>\n\t\t\t\t<\/div>\n\t\t\t\t<div  class=\"ms-slide\" data-delay=\"3\" data-fill-mode=\"fill\"  >\n\t\t\t\t\t<img decoding=\"async\" src=\"https:\/\/www.mvac.pt\/wp-content\/plugins\/master-slider\/public\/assets\/css\/blank.gif\" alt=\"\" title=\"\" data-src=\"https:\/\/www.mvac.pt\/wp-content\/uploads\/2021\/12\/p-11_pedro-calapez_02GP1833.jpg\" \/>\n\n\t\t\t\t\t<div class=\"ms-info\"><strong>Pedro Calapez<\/strong><br \/>Sem t\u00edtulo, 1995<br \/>Papel Fabriano,\u00a0Serigrafia<br \/>Colec\u00e7\u00e3o Gulbenkian<\/div>\n\n\n\t<div class=\"ms-thumb\" ><div class=\"ms-tab-context\"><div class=\"&quot;ms-tab-context&quot;\"><\/div><\/div>\n<\/div>\n\t\t\t\t<\/div>\n\t\t\t\t<div  class=\"ms-slide\" data-delay=\"3\" data-fill-mode=\"fill\"  >\n\t\t\t\t\t<img decoding=\"async\" src=\"https:\/\/www.mvac.pt\/wp-content\/plugins\/master-slider\/public\/assets\/css\/blank.gif\" alt=\"\" title=\"\" data-src=\"https:\/\/www.mvac.pt\/wp-content\/uploads\/2021\/12\/p-10_PM-0051.jpg\" \/>\n\n\t\t\t\t\t<div class=\"ms-info\"><strong>Pedro Calapez<\/strong><br \/>Sem t\u00edtulo, 1984<br \/>Desenho sobre papel<br \/>Colec\u00e7\u00e3o da Funda\u00e7\u00e3o de Serralves<\/div>\n\n\n\t<div class=\"ms-thumb\" ><div class=\"ms-tab-context\"><div class=\"&quot;ms-tab-context&quot;\"><\/div><\/div>\n<\/div>\n\t\t\t\t<\/div>\n\t\t\t\t<div  class=\"ms-slide\" data-delay=\"3\" data-fill-mode=\"fill\"  >\n\t\t\t\t\t<img decoding=\"async\" src=\"https:\/\/www.mvac.pt\/wp-content\/plugins\/master-slider\/public\/assets\/css\/blank.gif\" alt=\"\" title=\"\" data-src=\"https:\/\/www.mvac.pt\/wp-content\/uploads\/2021\/12\/p-09_8627.jpg\" \/>\n\n\t\t\t\t\t<div class=\"ms-info\"><strong>Rui Sanches<\/strong><br \/>Sem t\u00edtulo, 1991<br \/>Aglomerado e Contraplacado<br \/>Colec\u00e7\u00e3o Gulbenkian<\/div>\n\n\n\t<div class=\"ms-thumb\" ><div class=\"ms-tab-context\"><div class=\"&quot;ms-tab-context&quot;\"><\/div><\/div>\n<\/div>\n\t\t\t\t<\/div>\n\t\t\t\t<div  class=\"ms-slide\" data-delay=\"3\" data-fill-mode=\"fill\"  >\n\t\t\t\t\t<img decoding=\"async\" src=\"https:\/\/www.mvac.pt\/wp-content\/plugins\/master-slider\/public\/assets\/css\/blank.gif\" alt=\"\" title=\"\" data-src=\"https:\/\/www.mvac.pt\/wp-content\/uploads\/2021\/12\/p-08_19534.jpg\" \/>\n\n\t\t\t\t\t<div class=\"ms-info\"><strong>Rui Sanches<\/strong><br \/>Sem t\u00edtulo, 2000<br \/>Contraplaca dode tola<br \/>Colec\u00e7\u00e3o Gulbenkian<\/div>\n\n\n\t<div class=\"ms-thumb\" ><div class=\"ms-tab-context\"><div class=\"&quot;ms-tab-context&quot;\"><\/div><\/div>\n<\/div>\n\t\t\t\t<\/div>\n\t\t\t\t<div  class=\"ms-slide\" data-delay=\"3\" data-fill-mode=\"fill\"  >\n\t\t\t\t\t<img decoding=\"async\" src=\"https:\/\/www.mvac.pt\/wp-content\/plugins\/master-slider\/public\/assets\/css\/blank.gif\" alt=\"\" title=\"\" data-src=\"https:\/\/www.mvac.pt\/wp-content\/uploads\/2021\/12\/p-07_5091.jpg\" \/>\n\n\t\t\t\t\t<div class=\"ms-info\"><strong>Rui Sanches<\/strong><br \/>Tiroliro, 1988<br \/>Madeira e A\u00e7o<br \/>Colec\u00e7\u00e3o Gulbenkian<\/div>\n\n\n\t<div class=\"ms-thumb\" ><div class=\"ms-tab-context\"><div class=\"&quot;ms-tab-context&quot;\"><\/div><\/div>\n<\/div>\n\t\t\t\t<\/div>\n\t\t\t\t<div  class=\"ms-slide\" data-delay=\"3\" data-fill-mode=\"fill\"  >\n\t\t\t\t\t<img decoding=\"async\" src=\"https:\/\/www.mvac.pt\/wp-content\/plugins\/master-slider\/public\/assets\/css\/blank.gif\" alt=\"\" title=\"\" data-src=\"https:\/\/www.mvac.pt\/wp-content\/uploads\/2021\/12\/p-06_19536.jpg\" \/>\n\n\t\t\t\t\t<div class=\"ms-info\"><strong>Jos\u00e9 Pedro Croft<\/strong><br \/>Sem t\u00edtulo, 1993<br \/>Madeira e Gesso<br \/>Colec\u00e7\u00e3o Gulbenkian<\/div>\n\n\n\t<div class=\"ms-thumb\" ><div class=\"ms-tab-context\"><div class=\"&quot;ms-tab-context&quot;\"><\/div><\/div>\n<\/div>\n\t\t\t\t<\/div>\n\t\t\t\t<div  class=\"ms-slide\" data-delay=\"3\" data-fill-mode=\"fill\"  >\n\t\t\t\t\t<img decoding=\"async\" src=\"https:\/\/www.mvac.pt\/wp-content\/plugins\/master-slider\/public\/assets\/css\/blank.gif\" alt=\"\" title=\"\" data-src=\"https:\/\/www.mvac.pt\/wp-content\/uploads\/2021\/12\/p-05_4524.jpg\" \/>\n\n\t\t\t\t\t<div class=\"ms-info\"><strong>Jos\u00e9 Pedro Croft<\/strong><br \/>Sem t\u00edtulo, 1986<br \/>M\u00e1rmore<br \/>Colec\u00e7\u00e3o do Estado em dep\u00f3sito em Serralves<\/div>\n\n\n\t<div class=\"ms-thumb\" ><div class=\"ms-tab-context\"><div class=\"&quot;ms-tab-context&quot;\"><\/div><\/div>\n<\/div>\n\t\t\t\t<\/div>\n\t\t\t\t<div  class=\"ms-slide\" data-delay=\"3\" data-fill-mode=\"fill\"  >\n\t\t\t\t\t<img decoding=\"async\" src=\"https:\/\/www.mvac.pt\/wp-content\/plugins\/master-slider\/public\/assets\/css\/blank.gif\" alt=\"\" title=\"\" data-src=\"https:\/\/www.mvac.pt\/wp-content\/uploads\/2021\/12\/p-04_FS-1690.jpg\" \/>\n\n\t\t\t\t\t<div class=\"ms-info\"><strong>Jos\u00e9 Pedro Croft<\/strong><br \/>Sem t\u00edtulo, 2010<br \/>Ferro, vidro, espelho<br \/>Colec\u00e7\u00e3o da Funda\u00e7\u00e3o de Serralves<\/div>\n\n\n\t<div class=\"ms-thumb\" ><div class=\"ms-tab-context\"><div class=\"&quot;ms-tab-context&quot;\"><\/div><\/div>\n<\/div>\n\t\t\t\t<\/div>\n\t\t\t\t<div  class=\"ms-slide\" data-delay=\"3\" data-fill-mode=\"fill\"  >\n\t\t\t\t\t<img decoding=\"async\" src=\"https:\/\/www.mvac.pt\/wp-content\/plugins\/master-slider\/public\/assets\/css\/blank.gif\" alt=\"\" title=\"\" data-src=\"https:\/\/www.mvac.pt\/wp-content\/uploads\/2021\/12\/p-03_1059.jpg\" \/>\n\n\t\t\t\t\t<div class=\"ms-info\">Pedro Cabrita Reis<br \/>Compound group # ??, 2007<br \/>A\u00e7o<br \/>Colec\u00e7\u00e3o Berardo<\/div>\n\n\n\t<div class=\"ms-thumb\" ><div class=\"ms-tab-context\"><div class=\"&quot;ms-tab-context&quot;\"><\/div><\/div>\n<\/div>\n\t\t\t\t<\/div>\n\t\t\t\t<div  class=\"ms-slide\" data-delay=\"3\" data-fill-mode=\"fill\"  >\n\t\t\t\t\t<img decoding=\"async\" src=\"https:\/\/www.mvac.pt\/wp-content\/plugins\/master-slider\/public\/assets\/css\/blank.gif\" alt=\"\" title=\"\" data-src=\"https:\/\/www.mvac.pt\/wp-content\/uploads\/2021\/12\/p-01_8371.jpg\" \/>\n\n\t\t\t\t\t<div class=\"ms-info\"><strong>Pedro Cabrita Reis<\/strong><br \/>A Casa dos Murm\u00farios, 1990<br \/>M\u00e1rmore<br \/>Colec\u00e7\u00e3o da Funda\u00e7\u00e3o de Serralves<\/div>\n\n\n\t<div class=\"ms-thumb\" ><div class=\"ms-tab-context\"><div class=\"&quot;ms-tab-context&quot;\"><\/div><\/div>\n<\/div>\n\t\t\t\t<\/div>\n\t\t\t\t<div  class=\"ms-slide\" data-delay=\"3\" data-fill-mode=\"fill\"  >\n\t\t\t\t\t<img decoding=\"async\" src=\"https:\/\/www.mvac.pt\/wp-content\/plugins\/master-slider\/public\/assets\/css\/blank.gif\" alt=\"\" title=\"\" data-src=\"https:\/\/www.mvac.pt\/wp-content\/uploads\/2021\/12\/p-02_FS-0204.jpg\" \/>\n\n\t\t\t\t\t<div class=\"ms-info ms-info-empty\">&nbsp;<\/div>\n\n\n\t<div class=\"ms-thumb\" ><div class=\"ms-tab-context\"><div class=\"&quot;ms-tab-context&quot;\"><\/div><\/div>\n<\/div>\n\t\t\t\t<\/div>\n\n\t\t\t<\/div>\n\t\t\t<!-- END MasterSlider Main -->\n\n\t\t\t \n\t\t<\/div>\n\t\t<!-- END MasterSlider -->\n\n\t\t<script>\n\t\t(function ( $ ) {\n\t\t\t\"use strict\";\n\n\t\t\t$(function () {\n\t\t\t\tvar masterslider_4caf = new MasterSlider();\n\n\t\t\t\t\/\/ slider controls\n\t\t\t\tmasterslider_4caf.control('arrows'     ,{ autohide:false, overVideo:true  });\n\t\t\t\tmasterslider_4caf.control('slideinfo'  ,{ autohide:false, overVideo:true, dir:'h', align:'bottom',inset:false , margin:10   });\n\t\t\t\t\/\/ slider setup\n\t\t\t\tmasterslider_4caf.setup(\"MS61b33bdfb4caf\", {\n\t\t\t\t\t\twidth           : 580,\n\t\t\t\t\t\theight          : 580,\n\t\t\t\t\t\tminHeight       : 0,\n\t\t\t\t\t\tspace           : 0,\n\t\t\t\t\t\tstart           : 1,\n\t\t\t\t\t\tgrabCursor      : true,\n\t\t\t\t\t\tswipe           : true,\n\t\t\t\t\t\tmouse           : true,\n\t\t\t\t\t\tlayout          : \"boxed\",\n\t\t\t\t\t\twheel           : false,\n\t\t\t\t\t\tautoplay        : false,\n\t\t\t\t\t\tinstantStartLayers:false,\n\t\t\t\t\t\tloop            : false,\n\t\t\t\t\t\tshuffle         : false,\n\t\t\t\t\t\tpreload         : 0,\n\t\t\t\t\t\theightLimit     : true,\n\t\t\t\t\t\tautoHeight      : true,\n\t\t\t\t\t\tsmoothHeight    : true,\n\t\t\t\t\t\tendPause        : false,\n\t\t\t\t\t\toverPause       : true,\n\t\t\t\t\t\tfillMode        : \"fill\",\n\t\t\t\t\t\tcenterControls  : true,\n\t\t\t\t\t\tstartOnAppear   : false,\n\t\t\t\t\t\tlayersMode      : \"center\",\n\t\t\t\t\t\thideLayers      : false,\n\t\t\t\t\t\tfullscreenMargin: 0,\n\t\t\t\t\t\tspeed           : 20,\n\t\t\t\t\t\tdir             : \"h\",\n\t\t\t\t\t\tparallaxMode    : 'swipe',\n\t\t\t\t\t\tview            : \"basic\"\n\t\t\t\t});\n\n\t\t\t\t\n\t\t\t\twindow.masterslider_instances = window.masterslider_instances || [];\n\t\t\t\twindow.masterslider_instances.push( masterslider_4caf );\n\t\t\t });\n\n\t\t})(jQuery);\n\t\t<\/script>","protected":false},"excerpt":{"rendered":"<p>1983 marca, mais do que simbolicamente, o in\u00edcio de uma nova era na arte em Portugal. A inaugura\u00e7\u00e3o do&nbsp;Centro de Arte Moderna&nbsp;da Funda\u00e7\u00e3o Gulbenkian, que veio colmatar a antiga e muito sentida falta de um museu de arte moderna em Portugal, e a exposi\u00e7\u00e3o&nbsp;Depois do Modernismo, que teve o m\u00e9rito de criar um consenso generalizado [&hellip;]<\/p>\n","protected":false},"author":1,"featured_media":0,"parent":0,"menu_order":0,"comment_status":"closed","ping_status":"closed","template":"","meta":{"footnotes":""},"class_list":["post-49","page","type-page","status-publish","hentry"],"_links":{"self":[{"href":"http:\/\/www.mvac.pt\/en\/wp-json\/wp\/v2\/pages\/49","targetHints":{"allow":["GET"]}}],"collection":[{"href":"http:\/\/www.mvac.pt\/en\/wp-json\/wp\/v2\/pages"}],"about":[{"href":"http:\/\/www.mvac.pt\/en\/wp-json\/wp\/v2\/types\/page"}],"author":[{"embeddable":true,"href":"http:\/\/www.mvac.pt\/en\/wp-json\/wp\/v2\/users\/1"}],"replies":[{"embeddable":true,"href":"http:\/\/www.mvac.pt\/en\/wp-json\/wp\/v2\/comments?post=49"}],"version-history":[{"count":2,"href":"http:\/\/www.mvac.pt\/en\/wp-json\/wp\/v2\/pages\/49\/revisions"}],"predecessor-version":[{"id":141,"href":"http:\/\/www.mvac.pt\/en\/wp-json\/wp\/v2\/pages\/49\/revisions\/141"}],"wp:attachment":[{"href":"http:\/\/www.mvac.pt\/en\/wp-json\/wp\/v2\/media?parent=49"}],"curies":[{"name":"wp","href":"https:\/\/api.w.org\/{rel}","templated":true}]}}