{"id":43,"date":"2021-11-26T14:08:26","date_gmt":"2021-11-26T14:08:26","guid":{"rendered":"https:\/\/www.mvac.pt\/?page_id=43"},"modified":"2021-12-03T12:19:43","modified_gmt":"2021-12-03T12:19:43","slug":"10-arte-vida","status":"publish","type":"page","link":"http:\/\/www.mvac.pt\/en\/10-arte-vida\/","title":{"rendered":"10. Art and Life"},"content":{"rendered":"<figure class=\"wp-block-image size-large\"><img loading=\"lazy\" decoding=\"async\" width=\"1024\" height=\"471\" src=\"https:\/\/www.mvac.pt\/wp-content\/uploads\/2021\/11\/av-5_Alberto-Carneiro-FS0651-003-1024x471.jpg\" alt=\"Alberto Carneiro, Opera\u00e7\u00e3o Est\u00e9tica em Vilar do Para\u00edso - vers\u00e3o amarela, 1973, Funda\u00e7\u00e3o de Serralves\" class=\"wp-image-44\" srcset=\"https:\/\/www.mvac.pt\/wp-content\/uploads\/2021\/11\/av-5_Alberto-Carneiro-FS0651-003-1024x471.jpg 1024w, https:\/\/www.mvac.pt\/wp-content\/uploads\/2021\/11\/av-5_Alberto-Carneiro-FS0651-003-300x138.jpg 300w, https:\/\/www.mvac.pt\/wp-content\/uploads\/2021\/11\/av-5_Alberto-Carneiro-FS0651-003-768x353.jpg 768w, https:\/\/www.mvac.pt\/wp-content\/uploads\/2021\/11\/av-5_Alberto-Carneiro-FS0651-003-1536x706.jpg 1536w, https:\/\/www.mvac.pt\/wp-content\/uploads\/2021\/11\/av-5_Alberto-Carneiro-FS0651-003-2048x942.jpg 2048w, https:\/\/www.mvac.pt\/wp-content\/uploads\/2021\/11\/av-5_Alberto-Carneiro-FS0651-003-18x8.jpg 18w, https:\/\/www.mvac.pt\/wp-content\/uploads\/2021\/11\/av-5_Alberto-Carneiro-FS0651-003-1200x552.jpg 1200w, https:\/\/www.mvac.pt\/wp-content\/uploads\/2021\/11\/av-5_Alberto-Carneiro-FS0651-003-1980x911.jpg 1980w\" sizes=\"auto, (max-width: 1024px) 100vw, 1024px\" \/><figcaption>Alberto Carneiro, Opera\u00e7\u00e3o Est\u00e9tica em Vilar do Para\u00edso &#8211; vers\u00e3o amarela, 1973, Funda\u00e7\u00e3o de Serralves<\/figcaption><\/figure>\n\n\n\n<p class=\"translation-block\">The 1970s was filled with radicalization of experiences, this can be seen by analyzing the materiality of the pieces. Photography started to gain some reputation, and started to be taken into account as an artistic medium by law, the same thing happened with film, first with the 8mm film cameras and then, when video started to become increasingly popular (however, this would take time to deploy in Portugal), this opened the possibility of capturing time events that, otherwise, wouldn\u2019t overcome the ephemerality of times and would eventually not be known. This new technological paradigm triggered the proliferation of dematerialized pieces that thus ensured permanence and continuity through records and its dissemination. Happenings and performances, often in public spaces or in unusual locations, attracted the less accommodating artists and implicated the audience in a direct way, that was never seen before. Often, the destruction of the pieces was part of the project, so these only lived through the records.<\/p>\n\n\n\n<p>It was in these times that the desire to establish a profound and intense relationship between art and life came true, a relationship that in its full form would culminate in the reorganization of the places each one occupied, this would give the artist a more interventive role in the society.<\/p>\n\n\n\n<p class=\"translation-block\">The 70\u2019s were marked by the dynamic and agglutinating role of Ernesto de Sousa who, besides many other less-known initiatives, organized the exhibition <em>\u201cDo vazio \u00e0 pro-voca\u00e7\u00e3o\u201c (From emptiness to teasing)<\/em>, in 1971, and the exhibition that would turn into the most disruptive and marking exhibition of the Portuguese arts, <em>\u201cAlternativa Zero\u201d<\/em> (Zero Alternative) in 1977. These initiatives represented the peek in a collective movement in the Portuguese art scene, and broadened not only the audience\u2019s universe, but the way that they would hand themselves into the artistic fruition.<\/p>\n\n\n\n\t\t<!-- MasterSlider -->\n\t\t<div id=\"P_MS61aa8930222c7\" class=\"master-slider-parent msl ms-parent-id-10\" style=\"max-width:600px;\">\n\n\t\t\t\n\t\t\t<!-- MasterSlider Main -->\n\t\t\t<div id=\"MS61aa8930222c7\" class=\"master-slider ms-skin-default\" >\n\t\t\t\t \t\t\t\t \n\t\t\t\t<div  class=\"ms-slide\" data-delay=\"3\" data-fill-mode=\"fill\"  >\n\t\t\t\t\t<img decoding=\"async\" src=\"https:\/\/www.mvac.pt\/wp-content\/plugins\/master-slider\/public\/assets\/css\/blank.gif\" alt=\"\" title=\"\" data-src=\"https:\/\/www.mvac.pt\/wp-content\/uploads\/2021\/12\/av-01_leonel-moura.jpg\" \/>\n\n\t\t\t\t\t<div class=\"ms-info\"><strong>Leonel Moura<\/strong><br \/>Potlatch ou a Morte do Artista, 1979<br \/>Papel Fotogr\u00e1fico,\u00a0Colec\u00e7\u00e3o Gulbenkian<\/div>\n\n\n\t<div class=\"ms-thumb\" ><div class=\"ms-tab-context\"><div class=\"&quot;ms-tab-context&quot;\"><\/div><\/div>\n<\/div>\n\t\t\t\t<\/div>\n\t\t\t\t<div  class=\"ms-slide\" data-delay=\"3\" data-fill-mode=\"fill\"  >\n\t\t\t\t\t<img decoding=\"async\" src=\"https:\/\/www.mvac.pt\/wp-content\/plugins\/master-slider\/public\/assets\/css\/blank.gif\" alt=\"\" title=\"\" data-src=\"https:\/\/www.mvac.pt\/wp-content\/uploads\/2021\/12\/av-02_Jorge-Pinheiro-partitura-para-canto-livre-005.jpg\" \/>\n\n\t\t\t\t\t<div class=\"ms-info\"><strong>Jorge Pinheiro<\/strong><br \/>Partitura para um canto livre,\u00a01976<br \/>Pautas de m\u00fasica, estantes (7 elementos), Colec\u00e7\u00e3o da Funda\u00e7\u00e3o de Serralves<\/div>\n\n\n\t<div class=\"ms-thumb\" ><div class=\"ms-tab-context\"><div class=\"&quot;ms-tab-context&quot;\"><\/div><\/div>\n<\/div>\n\t\t\t\t<\/div>\n\t\t\t\t<div  class=\"ms-slide\" data-delay=\"3\" data-fill-mode=\"fill\"  >\n\t\t\t\t\t<img decoding=\"async\" src=\"https:\/\/www.mvac.pt\/wp-content\/plugins\/master-slider\/public\/assets\/css\/blank.gif\" alt=\"\" title=\"\" data-src=\"https:\/\/www.mvac.pt\/wp-content\/uploads\/2021\/12\/av-03_26ceb928119927113d34fd7cd3b5bce4.jpg\" \/>\n\n\t\t\t\t\t<div class=\"ms-info\"><strong>Alberto Carneiro<\/strong><br \/>Uma floresta para os teus sonhos, 1969<br \/>Troncos de madeira de pinho tratados<br \/>(Vista de <em>Alternativa Zero<\/em>)<\/div>\n\n\n\t<div class=\"ms-thumb\" ><div class=\"ms-tab-context\"><div class=\"&quot;ms-tab-context&quot;\"><\/div><\/div>\n<\/div>\n\t\t\t\t<\/div>\n\t\t\t\t<div  class=\"ms-slide\" data-delay=\"3\" data-fill-mode=\"fill\"  >\n\t\t\t\t\t<img decoding=\"async\" src=\"https:\/\/www.mvac.pt\/wp-content\/plugins\/master-slider\/public\/assets\/css\/blank.gif\" alt=\"\" title=\"\" data-src=\"https:\/\/www.mvac.pt\/wp-content\/uploads\/2021\/12\/av-04_380.jpg\" \/>\n\n\t\t\t\t\t<div class=\"ms-info\"><strong>Alberto Carneiro<\/strong><br \/>Uma floresta para os teus sonhos, 1970<br \/>Troncos de madeira de pinho tratados, Colec\u00e7\u00e3o Gulbenkian<\/div>\n\n\n\t<div class=\"ms-thumb\" ><div class=\"ms-tab-context\"><div class=\"&quot;ms-tab-context&quot;\"><\/div><\/div>\n<\/div>\n\t\t\t\t<\/div>\n\t\t\t\t<div  class=\"ms-slide\" data-delay=\"3\" data-fill-mode=\"fill\"  >\n\t\t\t\t\t<img decoding=\"async\" src=\"https:\/\/www.mvac.pt\/wp-content\/plugins\/master-slider\/public\/assets\/css\/blank.gif\" alt=\"\" title=\"\" data-src=\"https:\/\/www.mvac.pt\/wp-content\/uploads\/2021\/12\/av-05_.jpg\" \/>\n\n\t\t\t\t\t<div class=\"ms-info\"><strong>Alberto Carneiro<\/strong><br \/>Trajeto dum Corpo 1976<br \/>Fotografia p\/b (46 elementos) e fotografia a cores (2 elementos)Ed. 2\/2,\u00a0Colec\u00e7\u00e3o da Funda\u00e7\u00e3o de Serralves<\/div>\n\n\n\t<div class=\"ms-thumb\" ><div class=\"ms-tab-context\"><div class=\"&quot;ms-tab-context&quot;\"><\/div><\/div>\n<\/div>\n\t\t\t\t<\/div>\n\t\t\t\t<div  class=\"ms-slide\" data-delay=\"3\" data-fill-mode=\"fill\"  >\n\t\t\t\t\t<img decoding=\"async\" src=\"https:\/\/www.mvac.pt\/wp-content\/plugins\/master-slider\/public\/assets\/css\/blank.gif\" alt=\"\" title=\"\" data-src=\"https:\/\/www.mvac.pt\/wp-content\/uploads\/2021\/12\/av-06_meneres.jpg\" \/>\n\n\t\t\t\t\t<div class=\"ms-info\"><strong>Clara Men\u00e9res<\/strong><br \/>Mulher-Terra-Vida 1977<br \/>Acr\u00edlico, terra, relva<\/div>\n\n\n\t<div class=\"ms-thumb\" ><div class=\"ms-tab-context\"><div class=\"&quot;ms-tab-context&quot;\"><\/div><\/div>\n<\/div>\n\t\t\t\t<\/div>\n\t\t\t\t<div  class=\"ms-slide\" data-delay=\"3\" data-fill-mode=\"fill\"  >\n\t\t\t\t\t<img decoding=\"async\" src=\"https:\/\/www.mvac.pt\/wp-content\/plugins\/master-slider\/public\/assets\/css\/blank.gif\" alt=\"\" title=\"\" data-src=\"https:\/\/www.mvac.pt\/wp-content\/uploads\/2021\/12\/av-07_3_2.jpg\" \/>\n\n\t\t\t\t\t<div class=\"ms-info\"><strong>Ana Hatherly<\/strong><br \/>Rotura (performance na galeria Quadrum), 1977\u00a0<br \/>Arquivo Fernando Aguiar<\/div>\n\n\n\t<div class=\"ms-thumb\" ><div class=\"ms-tab-context\"><div class=\"&quot;ms-tab-context&quot;\"><\/div><\/div>\n<\/div>\n\t\t\t\t<\/div>\n\t\t\t\t<div  class=\"ms-slide\" data-delay=\"3\" data-fill-mode=\"fill\"  >\n\t\t\t\t\t<img decoding=\"async\" src=\"https:\/\/www.mvac.pt\/wp-content\/plugins\/master-slider\/public\/assets\/css\/blank.gif\" alt=\"\" title=\"\" data-src=\"https:\/\/www.mvac.pt\/wp-content\/uploads\/2021\/12\/av-08_8643.jpg\" \/>\n\n\t\t\t\t\t<div class=\"ms-info\"><strong>Ana Vieira<\/strong><br \/>Ambiente \u2013 Sala de Jantar 1971<br \/>Rede, prato em loi\u00e7a, copos de vidro, faca em inox, madeira pintada de branco, nylon pintado a spray azul e algod\u00e3o pintado. Colec\u00e7\u00e3o Gulbenkian<\/div>\n\n\n\t<div class=\"ms-thumb\" ><div class=\"ms-tab-context\"><div class=\"&quot;ms-tab-context&quot;\"><\/div><\/div>\n<\/div>\n\t\t\t\t<\/div>\n\t\t\t\t<div  class=\"ms-slide\" data-delay=\"3\" data-fill-mode=\"fill\"  >\n\t\t\t\t\t<img decoding=\"async\" src=\"https:\/\/www.mvac.pt\/wp-content\/plugins\/master-slider\/public\/assets\/css\/blank.gif\" alt=\"\" title=\"\" data-src=\"https:\/\/www.mvac.pt\/wp-content\/uploads\/2021\/12\/av-09_Ana-Vieira_18E1846_Desocultacao_-_instalacao-Hall-e-Nave-Marco_Setembro-2018_.jpg\" \/>\n\n\t\t\t\t\t<div class=\"ms-info\"><strong>Ana Vieira<\/strong><br \/>Oculta\u00e7\u00e3o\/Desoculta\u00e7\u00e3o, 1978<br \/>Tijolos, letra em vinil, Colec\u00e7\u00e3o Gulbenkian<\/div>\n\n\n\t<div class=\"ms-thumb\" ><div class=\"ms-tab-context\"><div class=\"&quot;ms-tab-context&quot;\"><\/div><\/div>\n<\/div>\n\t\t\t\t<\/div>\n\t\t\t\t<div  class=\"ms-slide\" data-delay=\"3\" data-fill-mode=\"fill\"  >\n\t\t\t\t\t<img decoding=\"async\" src=\"https:\/\/www.mvac.pt\/wp-content\/plugins\/master-slider\/public\/assets\/css\/blank.gif\" alt=\"\" title=\"\" data-src=\"https:\/\/www.mvac.pt\/wp-content\/uploads\/2021\/12\/av-10_fs-0567.jpg\" \/>\n\n\t\t\t\t\t<div class=\"ms-info\"><strong>Ana Vieira<\/strong><br \/>Mesa-Paisagem, 1973<br \/>Mesa de madeira, pintura a spray sobre tecido, metal, cer\u00e2mica, tecido e objectos (1 prato, talheres, argola de guardanapos, guardanapo, areia, barco). Colec\u00e7\u00e3o da Funda\u00e7\u00e3o de Serralves<\/div>\n\n\n\t<div class=\"ms-thumb\" ><div class=\"ms-tab-context\"><div class=\"&quot;ms-tab-context&quot;\"><\/div><\/div>\n<\/div>\n\t\t\t\t<\/div>\n\t\t\t\t<div  class=\"ms-slide\" data-delay=\"3\" data-fill-mode=\"fill\"  >\n\t\t\t\t\t<img decoding=\"async\" src=\"https:\/\/www.mvac.pt\/wp-content\/plugins\/master-slider\/public\/assets\/css\/blank.gif\" alt=\"\" title=\"\" data-src=\"https:\/\/www.mvac.pt\/wp-content\/uploads\/2021\/12\/av-11_2f61d7586f8d5e2fe83f774a6ba1f25c.jpg\" \/>\n\n\t\t\t\t\t<div class=\"ms-info\"><strong>Ernesto de Sousa, Noronha da Costa e outros<\/strong><br \/>Encontro do Guincho, 1969<\/div>\n\n\n\t<div class=\"ms-thumb\" ><div class=\"ms-tab-context\"><div class=\"&quot;ms-tab-context&quot;\"><\/div><\/div>\n<\/div>\n\t\t\t\t<\/div>\n\t\t\t\t<div  class=\"ms-slide\" data-delay=\"3\" data-fill-mode=\"fill\"  >\n\t\t\t\t\t<img decoding=\"async\" src=\"https:\/\/www.mvac.pt\/wp-content\/plugins\/master-slider\/public\/assets\/css\/blank.gif\" alt=\"\" title=\"\" data-src=\"https:\/\/www.mvac.pt\/wp-content\/uploads\/2021\/12\/av-12_FS-0749.jpg\" \/>\n\n\t\t\t\t\t<div class=\"ms-info\"><strong>Helena Almeida<\/strong><br \/>Tela rosa para vestir 1969<br \/>Fotografia p\/b,\u00a0Colec\u00e7\u00e3o da Funda\u00e7\u00e3o de Serralves<\/div>\n\n\n\t<div class=\"ms-thumb\" ><div class=\"ms-tab-context\"><div class=\"&quot;ms-tab-context&quot;\"><\/div><\/div>\n<\/div>\n\t\t\t\t<\/div>\n\t\t\t\t<div  class=\"ms-slide\" data-delay=\"3\" data-fill-mode=\"fill\"  >\n\t\t\t\t\t<img decoding=\"async\" src=\"https:\/\/www.mvac.pt\/wp-content\/plugins\/master-slider\/public\/assets\/css\/blank.gif\" alt=\"\" title=\"\" data-src=\"https:\/\/www.mvac.pt\/wp-content\/uploads\/2021\/12\/av-13_FS-0744.jpg\" \/>\n\n\t\t\t\t\t<div class=\"ms-info\"><strong>Helena Almeida<\/strong><br \/>Sem t\u00edtulo,\u00a01967<br \/>Tinta acr\u00edlica sobre tela, volumes em tela pintada a tinta acr\u00edlica dentro de bolsa de PVC.<br \/>Colec\u00e7\u00e3o da Funda\u00e7\u00e3o de Serralves<\/div>\n\n\n\t<div class=\"ms-thumb\" ><div class=\"ms-tab-context\"><div class=\"&quot;ms-tab-context&quot;\"><\/div><\/div>\n<\/div>\n\t\t\t\t<\/div>\n\t\t\t\t<div  class=\"ms-slide\" data-delay=\"3\" data-fill-mode=\"fill\"  >\n\t\t\t\t\t<img decoding=\"async\" src=\"https:\/\/www.mvac.pt\/wp-content\/plugins\/master-slider\/public\/assets\/css\/blank.gif\" alt=\"\" title=\"\" data-src=\"https:\/\/www.mvac.pt\/wp-content\/uploads\/2021\/12\/av-14_FS-0746-scaled.jpg\" \/>\n\n\t\t\t\t\t<div class=\"ms-info\"><strong>Helena Almeida<\/strong><br \/>Sem t\u00edtulo,\u00a01968<br \/>Tinta acr\u00edlica sobre tela e madeira.<br \/>Colec\u00e7\u00e3o da Funda\u00e7\u00e3o de Serralves<\/div>\n\n\n\t<div class=\"ms-thumb\" ><div class=\"ms-tab-context\"><div class=\"&quot;ms-tab-context&quot;\"><\/div><\/div>\n<\/div>\n\t\t\t\t<\/div>\n\t\t\t\t<div  class=\"ms-slide\" data-delay=\"3\" data-fill-mode=\"fill\"  >\n\t\t\t\t\t<img decoding=\"async\" src=\"https:\/\/www.mvac.pt\/wp-content\/plugins\/master-slider\/public\/assets\/css\/blank.gif\" alt=\"\" title=\"\" data-src=\"https:\/\/www.mvac.pt\/wp-content\/uploads\/2021\/12\/av-15_FS-0554.jpg\" \/>\n\n\t\t\t\t\t<div class=\"ms-info\"><strong>Helena Almeida<\/strong><br \/>Pintura habitada,\u00a01975<br \/>Tinta acr\u00edlica sobre fotografia p\/b.<br \/>Colec\u00e7\u00e3o da Funda\u00e7\u00e3o de Serralves<\/div>\n\n\n\t<div class=\"ms-thumb\" ><div class=\"ms-tab-context\"><div class=\"&quot;ms-tab-context&quot;\"><\/div><\/div>\n<\/div>\n\t\t\t\t<\/div>\n\t\t\t\t<div  class=\"ms-slide\" data-delay=\"3\" data-fill-mode=\"fill\"  >\n\t\t\t\t\t<img decoding=\"async\" src=\"https:\/\/www.mvac.pt\/wp-content\/plugins\/master-slider\/public\/assets\/css\/blank.gif\" alt=\"\" title=\"\" data-src=\"https:\/\/www.mvac.pt\/wp-content\/uploads\/2021\/12\/av-16_4737.jpg\" \/>\n\n\t\t\t\t\t<div class=\"ms-info\"><strong>Helena Almeida<\/strong><br \/>Tela habitada 1976<br \/>Aparite e Cart\u00e3o,\u00a0Fotografia.<br \/>Colec\u00e7\u00e3o Gulbenkian<\/div>\n\n\n\t<div class=\"ms-thumb\" ><div class=\"ms-tab-context\"><div class=\"&quot;ms-tab-context&quot;\"><\/div><\/div>\n<\/div>\n\t\t\t\t<\/div>\n\t\t\t\t<div  class=\"ms-slide\" data-delay=\"3\" data-fill-mode=\"fill\"  >\n\t\t\t\t\t<img decoding=\"async\" src=\"https:\/\/www.mvac.pt\/wp-content\/plugins\/master-slider\/public\/assets\/css\/blank.gif\" alt=\"\" title=\"\" data-src=\"https:\/\/www.mvac.pt\/wp-content\/uploads\/2021\/12\/av-17_8006.jpg\" \/>\n\n\t\t\t\t\t<div class=\"ms-info\"><strong>Helena Almeida<\/strong><br \/>Ouve-me 1979<br \/>V\u00eddeo Super 8, V\u00eddeo DVD e V\u00eddeo VHS<br \/>Colec\u00e7\u00e3o Gulbenkian<\/div>\n\n\n\t<div class=\"ms-thumb\" ><div class=\"ms-tab-context\"><div class=\"&quot;ms-tab-context&quot;\"><\/div><\/div>\n<\/div>\n\t\t\t\t<\/div>\n\n\t\t\t<\/div>\n\t\t\t<!-- END MasterSlider Main -->\n\n\t\t\t \n\t\t<\/div>\n\t\t<!-- END MasterSlider -->\n\n\t\t<script>\n\t\t(function ( $ ) {\n\t\t\t\"use strict\";\n\n\t\t\t$(function () {\n\t\t\t\tvar masterslider_22c7 = new MasterSlider();\n\n\t\t\t\t\/\/ slider controls\n\t\t\t\tmasterslider_22c7.control('arrows'     ,{ autohide:false, overVideo:true  });\n\t\t\t\tmasterslider_22c7.control('slideinfo'  ,{ autohide:false, overVideo:true, dir:'h', align:'bottom',inset:false , margin:10   });\n\t\t\t\t\/\/ slider setup\n\t\t\t\tmasterslider_22c7.setup(\"MS61aa8930222c7\", {\n\t\t\t\t\t\twidth           : 580,\n\t\t\t\t\t\theight          : 580,\n\t\t\t\t\t\tminHeight       : 0,\n\t\t\t\t\t\tspace           : 0,\n\t\t\t\t\t\tstart           : 1,\n\t\t\t\t\t\tgrabCursor      : true,\n\t\t\t\t\t\tswipe           : true,\n\t\t\t\t\t\tmouse           : true,\n\t\t\t\t\t\tlayout          : \"boxed\",\n\t\t\t\t\t\twheel           : false,\n\t\t\t\t\t\tautoplay        : false,\n\t\t\t\t\t\tinstantStartLayers:false,\n\t\t\t\t\t\tloop            : false,\n\t\t\t\t\t\tshuffle         : false,\n\t\t\t\t\t\tpreload         : 0,\n\t\t\t\t\t\theightLimit     : true,\n\t\t\t\t\t\tautoHeight      : true,\n\t\t\t\t\t\tsmoothHeight    : true,\n\t\t\t\t\t\tendPause        : false,\n\t\t\t\t\t\toverPause       : true,\n\t\t\t\t\t\tfillMode        : \"fill\",\n\t\t\t\t\t\tcenterControls  : true,\n\t\t\t\t\t\tstartOnAppear   : false,\n\t\t\t\t\t\tlayersMode      : \"center\",\n\t\t\t\t\t\thideLayers      : false,\n\t\t\t\t\t\tfullscreenMargin: 0,\n\t\t\t\t\t\tspeed           : 20,\n\t\t\t\t\t\tdir             : \"h\",\n\t\t\t\t\t\tparallaxMode    : 'swipe',\n\t\t\t\t\t\tview            : \"basic\"\n\t\t\t\t});\n\n\t\t\t\t\n\t\t\t\twindow.masterslider_instances = window.masterslider_instances || [];\n\t\t\t\twindow.masterslider_instances.push( masterslider_22c7 );\n\t\t\t });\n\n\t\t})(jQuery);\n\t\t<\/script>","protected":false},"excerpt":{"rendered":"<p>A d\u00e9cada de 1970 levou ao extremo a radicaliza\u00e7\u00e3o das experi\u00eancias e o aspecto onde isso se fez sentir com maior intensidade foi a materialidade das obras. O crescimento da respeitabilidade da fotografia que, por esse tempo, passar a ser tida em conta como&nbsp;medium&nbsp;art\u00edstico de pelo direito, o mesmo acontecendo com o filme, primeiro com [&hellip;]<\/p>\n","protected":false},"author":1,"featured_media":0,"parent":0,"menu_order":0,"comment_status":"closed","ping_status":"closed","template":"","meta":{"footnotes":""},"class_list":["post-43","page","type-page","status-publish","hentry"],"_links":{"self":[{"href":"http:\/\/www.mvac.pt\/en\/wp-json\/wp\/v2\/pages\/43","targetHints":{"allow":["GET"]}}],"collection":[{"href":"http:\/\/www.mvac.pt\/en\/wp-json\/wp\/v2\/pages"}],"about":[{"href":"http:\/\/www.mvac.pt\/en\/wp-json\/wp\/v2\/types\/page"}],"author":[{"embeddable":true,"href":"http:\/\/www.mvac.pt\/en\/wp-json\/wp\/v2\/users\/1"}],"replies":[{"embeddable":true,"href":"http:\/\/www.mvac.pt\/en\/wp-json\/wp\/v2\/comments?post=43"}],"version-history":[{"count":2,"href":"http:\/\/www.mvac.pt\/en\/wp-json\/wp\/v2\/pages\/43\/revisions"}],"predecessor-version":[{"id":139,"href":"http:\/\/www.mvac.pt\/en\/wp-json\/wp\/v2\/pages\/43\/revisions\/139"}],"wp:attachment":[{"href":"http:\/\/www.mvac.pt\/en\/wp-json\/wp\/v2\/media?parent=43"}],"curies":[{"name":"wp","href":"https:\/\/api.w.org\/{rel}","templated":true}]}}