{"id":404,"date":"2021-12-14T18:20:42","date_gmt":"2021-12-14T18:20:42","guid":{"rendered":"https:\/\/www.mvac.pt\/?page_id=404"},"modified":"2021-12-14T18:50:36","modified_gmt":"2021-12-14T18:50:36","slug":"visitar-o-mvac","status":"publish","type":"page","link":"http:\/\/www.mvac.pt\/en\/","title":{"rendered":""},"content":{"rendered":"<p>The mvac is a virtual museum of contemporary art, created with the goal of showing the artistic production in Portugal throughout the past century.<\/p>\n\n\n\n<p>The museum is divided into three distinct rooms: the permanent collection (organized in 14 themed rooms) and two temporary exhibitions. All rooms are accessible from the website\u2019s menu.<\/p>\n\n\n\n<div style=\"height:100px\" aria-hidden=\"true\" class=\"wp-block-spacer\"><\/div>\n\n\n\n<p><\/p>\n\n\n\n<p><strong>Permanent colection<\/strong><\/p>\n\n\n\n<figure class=\"wp-block-image size-large\"><a href=\"https:\/\/www.mvac.pt\/en\/1-os-saloes-da-insurreicao-modernista\/\"><img loading=\"lazy\" decoding=\"async\" width=\"1024\" height=\"683\" src=\"https:\/\/www.mvac.pt\/wp-content\/uploads\/2021\/12\/ml-11_burning_forbidden_sea-1024x683.jpg\" alt=\"\" class=\"wp-image-359\" srcset=\"https:\/\/www.mvac.pt\/wp-content\/uploads\/2021\/12\/ml-11_burning_forbidden_sea-1024x683.jpg 1024w, https:\/\/www.mvac.pt\/wp-content\/uploads\/2021\/12\/ml-11_burning_forbidden_sea-300x200.jpg 300w, https:\/\/www.mvac.pt\/wp-content\/uploads\/2021\/12\/ml-11_burning_forbidden_sea-768x512.jpg 768w, https:\/\/www.mvac.pt\/wp-content\/uploads\/2021\/12\/ml-11_burning_forbidden_sea-1536x1024.jpg 1536w, https:\/\/www.mvac.pt\/wp-content\/uploads\/2021\/12\/ml-11_burning_forbidden_sea-2048x1366.jpg 2048w, https:\/\/www.mvac.pt\/wp-content\/uploads\/2021\/12\/ml-11_burning_forbidden_sea-18x12.jpg 18w, https:\/\/www.mvac.pt\/wp-content\/uploads\/2021\/12\/ml-11_burning_forbidden_sea-1200x800.jpg 1200w, https:\/\/www.mvac.pt\/wp-content\/uploads\/2021\/12\/ml-11_burning_forbidden_sea-1980x1320.jpg 1980w\" sizes=\"auto, (max-width: 1024px) 100vw, 1024px\" \/><\/a><\/figure>\n\n\n\n<p><a href=\"http:\/\/www.mvac.pt\/en\/1-os-saloes-da-insurreicao-modernista\/\">visit<\/a><\/p>\n\n\n\n<div style=\"height:100px\" aria-hidden=\"true\" class=\"wp-block-spacer\"><\/div>\n\n\n\n<p><strong>Ant\u00f3nio Soares: May Revolution<\/strong><\/p>\n\n\n\n<figure class=\"wp-block-image size-large\"><a href=\"https:\/\/www.mvac.pt\/en\/antonio-soares-a-revolucao-de-maio\/\"><img loading=\"lazy\" decoding=\"async\" width=\"1024\" height=\"774\" src=\"https:\/\/www.mvac.pt\/wp-content\/uploads\/2021\/12\/so-03_soares_revolucao-de-maio_2000-1024x774.jpg\" alt=\"\" class=\"wp-image-373\" srcset=\"https:\/\/www.mvac.pt\/wp-content\/uploads\/2021\/12\/so-03_soares_revolucao-de-maio_2000-1024x774.jpg 1024w, https:\/\/www.mvac.pt\/wp-content\/uploads\/2021\/12\/so-03_soares_revolucao-de-maio_2000-300x227.jpg 300w, https:\/\/www.mvac.pt\/wp-content\/uploads\/2021\/12\/so-03_soares_revolucao-de-maio_2000-768x581.jpg 768w, https:\/\/www.mvac.pt\/wp-content\/uploads\/2021\/12\/so-03_soares_revolucao-de-maio_2000-1536x1161.jpg 1536w, https:\/\/www.mvac.pt\/wp-content\/uploads\/2021\/12\/so-03_soares_revolucao-de-maio_2000-16x12.jpg 16w, https:\/\/www.mvac.pt\/wp-content\/uploads\/2021\/12\/so-03_soares_revolucao-de-maio_2000-1200x907.jpg 1200w, https:\/\/www.mvac.pt\/wp-content\/uploads\/2021\/12\/so-03_soares_revolucao-de-maio_2000-1980x1497.jpg 1980w, https:\/\/www.mvac.pt\/wp-content\/uploads\/2021\/12\/so-03_soares_revolucao-de-maio_2000.jpg 2000w\" sizes=\"auto, (max-width: 1024px) 100vw, 1024px\" \/><\/a><\/figure>\n\n\n\n<p>Temporary exhibition<br>December 2021 to February 2022<br><a href=\"https:\/\/www.mvac.pt\/en\/antonio-soares-a-revolucao-de-maio\/\" data-type=\"URL\" data-id=\"https:\/\/www.mvac.pt\/antonio-soares-a-revolucao-de-maio\/\">visit<\/a><\/p>\n\n\n\n<div style=\"height:100px\" aria-hidden=\"true\" class=\"wp-block-spacer\"><\/div>\n\n\n\n<p><strong>body | woman | body<\/strong><\/p>\n\n\n\n<figure class=\"wp-block-image size-full\"><a href=\"https:\/\/www.mvac.pt\/en\/mulher-corpo-mulher\/\"><img loading=\"lazy\" decoding=\"async\" width=\"596\" height=\"768\" src=\"https:\/\/www.mvac.pt\/wp-content\/uploads\/2021\/12\/m-01_Self-portrait_Aurelia_de_Sousa.jpg\" alt=\"\" class=\"wp-image-378\" srcset=\"https:\/\/www.mvac.pt\/wp-content\/uploads\/2021\/12\/m-01_Self-portrait_Aurelia_de_Sousa.jpg 596w, https:\/\/www.mvac.pt\/wp-content\/uploads\/2021\/12\/m-01_Self-portrait_Aurelia_de_Sousa-233x300.jpg 233w, https:\/\/www.mvac.pt\/wp-content\/uploads\/2021\/12\/m-01_Self-portrait_Aurelia_de_Sousa-9x12.jpg 9w\" sizes=\"auto, (max-width: 596px) 100vw, 596px\" \/><\/a><\/figure>\n\n\n\n<p>Temporary exhibition<br>December 2021 to February 2022<br><a href=\"https:\/\/www.mvac.pt\/en\/mulher-corpo-mulher\/\" data-type=\"URL\" data-id=\"https:\/\/www.mvac.pt\/mulher-corpo-mulher\/\">visit<\/a><\/p>","protected":false},"excerpt":{"rendered":"<p>O mvac \u00e9 um museu virtual de arte contempor\u00e2nea, criado para dar a conhecer a produ\u00e7\u00e3o art\u00edstica em Portugal ao longo do \u00faltimo s\u00e9culo. O museu divide-se em tr\u00eas espa\u00e7os distintos: a colec\u00e7\u00e3o permanente (organizada em 14 salas tem\u00e1ticas) e duas exposi\u00e7\u00f5es tempor\u00e1rias. Todas as salas est\u00e3o acess\u00edveis a partir do menu do site. Colec\u00e7\u00e3o [&hellip;]<\/p>\n","protected":false},"author":1,"featured_media":0,"parent":0,"menu_order":0,"comment_status":"closed","ping_status":"closed","template":"","meta":{"footnotes":""},"class_list":["post-404","page","type-page","status-publish","hentry"],"_links":{"self":[{"href":"http:\/\/www.mvac.pt\/en\/wp-json\/wp\/v2\/pages\/404","targetHints":{"allow":["GET"]}}],"collection":[{"href":"http:\/\/www.mvac.pt\/en\/wp-json\/wp\/v2\/pages"}],"about":[{"href":"http:\/\/www.mvac.pt\/en\/wp-json\/wp\/v2\/types\/page"}],"author":[{"embeddable":true,"href":"http:\/\/www.mvac.pt\/en\/wp-json\/wp\/v2\/users\/1"}],"replies":[{"embeddable":true,"href":"http:\/\/www.mvac.pt\/en\/wp-json\/wp\/v2\/comments?post=404"}],"version-history":[{"count":9,"href":"http:\/\/www.mvac.pt\/en\/wp-json\/wp\/v2\/pages\/404\/revisions"}],"predecessor-version":[{"id":415,"href":"http:\/\/www.mvac.pt\/en\/wp-json\/wp\/v2\/pages\/404\/revisions\/415"}],"wp:attachment":[{"href":"http:\/\/www.mvac.pt\/en\/wp-json\/wp\/v2\/media?parent=404"}],"curies":[{"name":"wp","href":"https:\/\/api.w.org\/{rel}","templated":true}]}}