{"id":39,"date":"2021-11-26T14:04:39","date_gmt":"2021-11-26T14:04:39","guid":{"rendered":"https:\/\/www.mvac.pt\/?page_id=39"},"modified":"2021-12-03T12:19:23","modified_gmt":"2021-12-03T12:19:23","slug":"9-olhar-para-fora","status":"publish","type":"page","link":"http:\/\/www.mvac.pt\/en\/9-olhar-para-fora\/","title":{"rendered":"9. Looking into the outside"},"content":{"rendered":"<figure class=\"wp-block-image size-large\"><img loading=\"lazy\" decoding=\"async\" width=\"1024\" height=\"334\" src=\"https:\/\/www.mvac.pt\/wp-content\/uploads\/2021\/11\/o-14_37788-1024x334.jpg\" alt=\"\" class=\"wp-image-41\" srcset=\"https:\/\/www.mvac.pt\/wp-content\/uploads\/2021\/11\/o-14_37788-1024x334.jpg 1024w, https:\/\/www.mvac.pt\/wp-content\/uploads\/2021\/11\/o-14_37788-300x98.jpg 300w, https:\/\/www.mvac.pt\/wp-content\/uploads\/2021\/11\/o-14_37788-768x250.jpg 768w, https:\/\/www.mvac.pt\/wp-content\/uploads\/2021\/11\/o-14_37788-1536x500.jpg 1536w, https:\/\/www.mvac.pt\/wp-content\/uploads\/2021\/11\/o-14_37788-2048x667.jpg 2048w, https:\/\/www.mvac.pt\/wp-content\/uploads\/2021\/11\/o-14_37788-18x6.jpg 18w, https:\/\/www.mvac.pt\/wp-content\/uploads\/2021\/11\/o-14_37788-1200x391.jpg 1200w, https:\/\/www.mvac.pt\/wp-content\/uploads\/2021\/11\/o-14_37788-1980x645.jpg 1980w\" sizes=\"auto, (max-width: 1024px) 100vw, 1024px\" \/><figcaption>Lourdes Castro, Comedor, 1961, Museu do Chiado<\/figcaption><\/figure>\n\n\n\n<p>The beginning of the 1950\u2019s was an ungrateful period for artists that were not connected to the regime. The official showings were closed (S.P.N.\/S.N.I.) in 1951, there were no buyers to keep the art halls of General Exhibitions of Fine Arts open, which would end in 1956 due to having no autonomous market \u2013 It wasn\u2019t enough, not even to maintain Galeria de Mar\u00e7o, which was open between 1952 and 1954\u2014the artists faced a brief period of professional distress, which nevertheless did not compromise the deepening of innovative experiences in the aesthetic domain.<\/p>\n\n\n\n<p>On the second half of the decade, Calouste Gulbenkian Foundation was created, which would come to have, at that time and in the following decades, an irreplaceable role in supporting contemporary art and artists, and was instrumental in a certain revolution that took place in the 1960\u2019s. Four factors were central for its role: the organization of the Exhibitions of Fine Arts, which, despite being critiqued when opened due to the choice of artists \u2014 which included a large number of academics of anachronic work \u2014 allowed to show and reward a new generation whose work was distinguished; the publication of the journal Col\u00f3quio in 1959, which helped broaden the horizons of the aesthetic and the maturing of critical thinking; the regular acquisition of pieces by contemporary artists for the creation of a collection, which would show itself to be profitable internationally and nationally; The most important of the four, the creation of scholarships that led numerous artists to profitable stays abroad in 1957.<\/p>\n\n\n\n<p>The broadening of the horizons was the most relevant factor of the 60\u2019s it would come to irreversibly change the national artistic scene, even though a considerably large part of the artists opted for remaining abroad when the scholarship ended. Most of the scholarship requests came from Paris, reinforcing the 1900\u2019s tradition, however, the loss for artistic centrality in the French capital, due to talented artists escaping the Second World War, led some artists to seek schools in London and New York.<\/p>\n\n\n\n\t\t<!-- MasterSlider -->\n\t\t<div id=\"P_MS61aa841dad1d6\" class=\"master-slider-parent msl ms-parent-id-9\" style=\"max-width:600px;\">\n\n\t\t\t\n\t\t\t<!-- MasterSlider Main -->\n\t\t\t<div id=\"MS61aa841dad1d6\" class=\"master-slider ms-skin-default\" >\n\t\t\t\t \t\t\t\t \n\t\t\t\t<div  class=\"ms-slide\" data-delay=\"3\" data-fill-mode=\"fill\"  >\n\t\t\t\t\t<img decoding=\"async\" src=\"https:\/\/www.mvac.pt\/wp-content\/plugins\/master-slider\/public\/assets\/css\/blank.gif\" alt=\"\" title=\"\" data-src=\"https:\/\/www.mvac.pt\/wp-content\/uploads\/2021\/12\/o-01_19527.jpg\" \/>\n\n\t\t\t\t\t<div class=\"ms-info\"><strong>Jorge Pinheiro<\/strong><br \/>Sem t\u00edtulo, 1968<br \/>\u00d3leo sobre madeira,\u00a0Colec\u00e7\u00e3o Gulbenkian<\/div>\n\n\n\t<div class=\"ms-thumb\" ><div class=\"ms-tab-context\"><div class=\"&quot;ms-tab-context&quot;\"><\/div><\/div>\n<\/div>\n\t\t\t\t<\/div>\n\t\t\t\t<div  class=\"ms-slide\" data-delay=\"3\" data-fill-mode=\"fill\"  >\n\t\t\t\t\t<img decoding=\"async\" src=\"https:\/\/www.mvac.pt\/wp-content\/plugins\/master-slider\/public\/assets\/css\/blank.gif\" alt=\"\" title=\"\" data-src=\"https:\/\/www.mvac.pt\/wp-content\/uploads\/2021\/12\/o-02_FS-0212.jpg\" \/>\n\n\t\t\t\t\t<div class=\"ms-info\"><strong>Jorge Pinheiro<\/strong><br \/>Sem t\u00edtulo 1968<br \/>\u00d3leo sobre madeira,\u00a0Colec\u00e7\u00e3o da Funda\u00e7\u00e3o de Serralves<\/div>\n\n\n\t<div class=\"ms-thumb\" ><div class=\"ms-tab-context\"><div class=\"&quot;ms-tab-context&quot;\"><\/div><\/div>\n<\/div>\n\t\t\t\t<\/div>\n\t\t\t\t<div  class=\"ms-slide\" data-delay=\"3\" data-fill-mode=\"fill\"  >\n\t\t\t\t\t<img decoding=\"async\" src=\"https:\/\/www.mvac.pt\/wp-content\/plugins\/master-slider\/public\/assets\/css\/blank.gif\" alt=\"\" title=\"\" data-src=\"https:\/\/www.mvac.pt\/wp-content\/uploads\/2021\/12\/o-03_FS-0766.jpg\" \/>\n\n\t\t\t\t\t<div class=\"ms-info\"><strong>Jorge Pinheiro<\/strong><br \/>Sem t\u00edtulo, 1968<br \/>Tinta industrial sobre madeira,\u00a0Colec\u00e7\u00e3o da Funda\u00e7\u00e3o de Serralves<\/div>\n\n\n\t<div class=\"ms-thumb\" ><div class=\"ms-tab-context\"><div class=\"&quot;ms-tab-context&quot;\"><\/div><\/div>\n<\/div>\n\t\t\t\t<\/div>\n\t\t\t\t<div  class=\"ms-slide\" data-delay=\"3\" data-fill-mode=\"fill\"  >\n\t\t\t\t\t<img decoding=\"async\" src=\"https:\/\/www.mvac.pt\/wp-content\/plugins\/master-slider\/public\/assets\/css\/blank.gif\" alt=\"\" title=\"\" data-src=\"https:\/\/www.mvac.pt\/wp-content\/uploads\/2021\/12\/o-04_4438.jpg\" \/>\n\n\t\t\t\t\t<div class=\"ms-info\"><strong>Jo\u00e3o Vieira<\/strong><br \/>Uma Rosa \u00c9, 1968<br \/>\u00d3leo sobre tela,\u00a0Colec\u00e7\u00e3o Gulbenkian<\/div>\n\n\n\t<div class=\"ms-thumb\" ><div class=\"ms-tab-context\"><div class=\"&quot;ms-tab-context&quot;\"><\/div><\/div>\n<\/div>\n\t\t\t\t<\/div>\n\t\t\t\t<div  class=\"ms-slide\" data-delay=\"3\" data-fill-mode=\"fill\"  >\n\t\t\t\t\t<img decoding=\"async\" src=\"https:\/\/www.mvac.pt\/wp-content\/plugins\/master-slider\/public\/assets\/css\/blank.gif\" alt=\"\" title=\"\" data-src=\"https:\/\/www.mvac.pt\/wp-content\/uploads\/2021\/12\/o-05_7019.jpg\" \/>\n\n\t\t\t\t\t<div class=\"ms-info\"><strong>Costa Pinheiro<\/strong><br \/>Homenagem a Malevitch, 1967<br \/>\u00d3leo sobre tela,\u00a0Colec\u00e7\u00e3o Gulbenkian<\/div>\n\n\n\t<div class=\"ms-thumb\" ><div class=\"ms-tab-context\"><div class=\"&quot;ms-tab-context&quot;\"><\/div><\/div>\n<\/div>\n\t\t\t\t<\/div>\n\t\t\t\t<div  class=\"ms-slide\" data-delay=\"3\" data-fill-mode=\"fill\"  >\n\t\t\t\t\t<img decoding=\"async\" src=\"https:\/\/www.mvac.pt\/wp-content\/plugins\/master-slider\/public\/assets\/css\/blank.gif\" alt=\"\" title=\"\" data-src=\"https:\/\/www.mvac.pt\/wp-content\/uploads\/2021\/12\/o-06_7020.jpg\" \/>\n\n\t\t\t\t\t<div class=\"ms-info\"><strong>Costa Pinheiro<\/strong><br \/>Do Sofrimento, 1960<br \/>\u00d3leo sobre tela,\u00a0Colec\u00e7\u00e3o Gulbenkian<\/div>\n\n\n\t<div class=\"ms-thumb\" ><div class=\"ms-tab-context\"><div class=\"&quot;ms-tab-context&quot;\"><\/div><\/div>\n<\/div>\n\t\t\t\t<\/div>\n\t\t\t\t<div  class=\"ms-slide\" data-delay=\"3\" data-fill-mode=\"fill\"  >\n\t\t\t\t\t<img decoding=\"async\" src=\"https:\/\/www.mvac.pt\/wp-content\/plugins\/master-slider\/public\/assets\/css\/blank.gif\" alt=\"\" title=\"\" data-src=\"https:\/\/www.mvac.pt\/wp-content\/uploads\/2021\/12\/o-07_9075.jpg\" \/>\n\n\t\t\t\t\t<div class=\"ms-info\"><strong>Paula Rego<\/strong><br \/><em>S. Vomiting the P\u00e1tria<\/em> 1960<br \/>\u00d3leo sobre tela,\u00a0Colec\u00e7\u00e3o Gulbenkian<\/div>\n\n\n\t<div class=\"ms-thumb\" ><div class=\"ms-tab-context\"><div class=\"&quot;ms-tab-context&quot;\"><\/div><\/div>\n<\/div>\n\t\t\t\t<\/div>\n\t\t\t\t<div  class=\"ms-slide\" data-delay=\"3\" data-fill-mode=\"fill\"  >\n\t\t\t\t\t<img decoding=\"async\" src=\"https:\/\/www.mvac.pt\/wp-content\/plugins\/master-slider\/public\/assets\/css\/blank.gif\" alt=\"\" title=\"\" data-src=\"https:\/\/www.mvac.pt\/wp-content\/uploads\/2021\/12\/o-08_f1cd9acc11cd3f077fc327fe2f166432j.jpg\" \/>\n\n\t\t\t\t\t<div class=\"ms-info\"><strong>Paula Rego<\/strong><br \/><em>Stray Dogs (The Dogs of Barcelona),<\/em> 1965<br \/>\u00d3leo sobre tela,\u00a0Colec\u00e7\u00e3o Jo\u00e3o Rendeiro (paradeiro desconhecido)<\/div>\n\n\n\t<div class=\"ms-thumb\" ><div class=\"ms-tab-context\"><div class=\"&quot;ms-tab-context&quot;\"><\/div><\/div>\n<\/div>\n\t\t\t\t<\/div>\n\t\t\t\t<div  class=\"ms-slide\" data-delay=\"3\" data-fill-mode=\"fill\"  >\n\t\t\t\t\t<img decoding=\"async\" src=\"https:\/\/www.mvac.pt\/wp-content\/plugins\/master-slider\/public\/assets\/css\/blank.gif\" alt=\"\" title=\"\" data-src=\"https:\/\/www.mvac.pt\/wp-content\/uploads\/2021\/12\/o-09_8063.jpg\" \/>\n\n\t\t\t\t\t<div class=\"ms-info\"><strong>J\u00falio Pomar<\/strong><br \/>Cegos de Madrid, \u00a01957<br \/>\u00d3leo sobre tela,\u00a0Colec\u00e7\u00e3o Gulbenkian<\/div>\n\n\n\t<div class=\"ms-thumb\" ><div class=\"ms-tab-context\"><div class=\"&quot;ms-tab-context&quot;\"><\/div><\/div>\n<\/div>\n\t\t\t\t<\/div>\n\t\t\t\t<div  class=\"ms-slide\" data-delay=\"3\" data-fill-mode=\"fill\"  >\n\t\t\t\t\t<img decoding=\"async\" src=\"https:\/\/www.mvac.pt\/wp-content\/plugins\/master-slider\/public\/assets\/css\/blank.gif\" alt=\"\" title=\"\" data-src=\"https:\/\/www.mvac.pt\/wp-content\/uploads\/2021\/12\/o-10_fullsize_image-2301.jpg\" \/>\n\n\t\t\t\t\t<div class=\"ms-info\"><strong>Waldemar d\u2019Orey<\/strong><br \/><em>Mobile<\/em> 1964<br \/>A\u00e7o e madeira pintada<\/div>\n\n\n\t<div class=\"ms-thumb\" ><div class=\"ms-tab-context\"><div class=\"&quot;ms-tab-context&quot;\"><\/div><\/div>\n<\/div>\n\t\t\t\t<\/div>\n\t\t\t\t<div  class=\"ms-slide\" data-delay=\"3\" data-fill-mode=\"fill\"  >\n\t\t\t\t\t<img decoding=\"async\" src=\"https:\/\/www.mvac.pt\/wp-content\/plugins\/master-slider\/public\/assets\/css\/blank.gif\" alt=\"\" title=\"\" data-src=\"https:\/\/www.mvac.pt\/wp-content\/uploads\/2021\/12\/o-11_8473.jpg\" \/>\n\n\t\t\t\t\t<div class=\"ms-info\"><strong>Lourdes Castro<\/strong><br \/>Caixa madeira 1963<br \/>Madeira,\u00a0Tinta e Assemblage, Colec\u00e7\u00e3o Gulbenkian<\/div>\n\n\n\t<div class=\"ms-thumb\" ><div class=\"ms-tab-context\"><div class=\"&quot;ms-tab-context&quot;\"><\/div><\/div>\n<\/div>\n\t\t\t\t<\/div>\n\t\t\t\t<div  class=\"ms-slide\" data-delay=\"3\" data-fill-mode=\"fill\"  >\n\t\t\t\t\t<img decoding=\"async\" src=\"https:\/\/www.mvac.pt\/wp-content\/plugins\/master-slider\/public\/assets\/css\/blank.gif\" alt=\"\" title=\"\" data-src=\"https:\/\/www.mvac.pt\/wp-content\/uploads\/2021\/12\/o-12_lourdescastro-348001-dmf2011a.jpg\" \/>\n\n\t\t\t\t\t<div class=\"ms-info\"><strong>Lourdes Castro<\/strong><br \/>Caixa Alum\u00ednio (lagostins) 1962<br \/>T\u00e9cnica mista, Colec\u00e7\u00e3o Caixa Geral de Dep\u00f3sitos<\/div>\n\n\n\t<div class=\"ms-thumb\" ><div class=\"ms-tab-context\"><div class=\"&quot;ms-tab-context&quot;\"><\/div><\/div>\n<\/div>\n\t\t\t\t<\/div>\n\t\t\t\t<div  class=\"ms-slide\" data-delay=\"3\" data-fill-mode=\"fill\"  >\n\t\t\t\t\t<img decoding=\"async\" src=\"https:\/\/www.mvac.pt\/wp-content\/plugins\/master-slider\/public\/assets\/css\/blank.gif\" alt=\"\" title=\"\" data-src=\"https:\/\/www.mvac.pt\/wp-content\/uploads\/2021\/12\/o-13_27164.jpg\" \/>\n\n\t\t\t\t\t<div class=\"ms-info\"><strong>Lourdes Castro<\/strong><br \/>Sombras deitadas, 1969<br \/>Len\u00e7ol bordado \u00e0 m\u00e3o, Museu do Chiado<\/div>\n\n\n\t<div class=\"ms-thumb\" ><div class=\"ms-tab-context\"><div class=\"&quot;ms-tab-context&quot;\"><\/div><\/div>\n<\/div>\n\t\t\t\t<\/div>\n\t\t\t\t<div  class=\"ms-slide\" data-delay=\"3\" data-fill-mode=\"fill\"  >\n\t\t\t\t\t<img decoding=\"async\" src=\"https:\/\/www.mvac.pt\/wp-content\/plugins\/master-slider\/public\/assets\/css\/blank.gif\" alt=\"\" title=\"\" data-src=\"https:\/\/www.mvac.pt\/wp-content\/uploads\/2021\/12\/o-14_37788.jpg\" \/>\n\n\t\t\t\t\t<div class=\"ms-info\"><strong>Lourdes Castro<\/strong><br \/>Comedor 1961<br \/>Assemblagem de objectos com pintura a alum\u00ednio,\u00a0Museu do Chiado<\/div>\n\n\n\t<div class=\"ms-thumb\" ><div class=\"ms-tab-context\"><div class=\"&quot;ms-tab-context&quot;\"><\/div><\/div>\n<\/div>\n\t\t\t\t<\/div>\n\t\t\t\t<div  class=\"ms-slide\" data-delay=\"3\" data-fill-mode=\"fill\"  >\n\t\t\t\t\t<img decoding=\"async\" src=\"https:\/\/www.mvac.pt\/wp-content\/plugins\/master-slider\/public\/assets\/css\/blank.gif\" alt=\"\" title=\"\" data-src=\"https:\/\/www.mvac.pt\/wp-content\/uploads\/2021\/12\/o-15_19524.jpg\" \/>\n\n\t\t\t\t\t<div class=\"ms-info\"><strong>Lourdes Castro<\/strong><br \/><em>In the Caf\u00e9<\/em>, 1964<br \/>Plexiglass, Madeira e Acr\u00edlico,\u00a0Tinta acr\u00edlica, Colec\u00e7\u00e3o Gulbenkian<\/div>\n\n\n\t<div class=\"ms-thumb\" ><div class=\"ms-tab-context\"><div class=\"&quot;ms-tab-context&quot;\"><\/div><\/div>\n<\/div>\n\t\t\t\t<\/div>\n\t\t\t\t<div  class=\"ms-slide\" data-delay=\"3\" data-fill-mode=\"fill\"  >\n\t\t\t\t\t<img decoding=\"async\" src=\"https:\/\/www.mvac.pt\/wp-content\/plugins\/master-slider\/public\/assets\/css\/blank.gif\" alt=\"\" title=\"\" data-src=\"https:\/\/www.mvac.pt\/wp-content\/uploads\/2021\/12\/o-16_19526.jpg\" \/>\n\n\t\t\t\t\t<div class=\"ms-info\"><strong>Ren\u00e9 Bertholo<\/strong><br \/>Nuvem com Superf\u00edcie Vari\u00e1vel \u2013 III, 1967<br \/>Alum\u00ednio, Programador e Motor,\u00a0Alum\u00ednio pintado, Colec\u00e7\u00e3o Gulbenkian<\/div>\n\n\n\t<div class=\"ms-thumb\" ><div class=\"ms-tab-context\"><div class=\"&quot;ms-tab-context&quot;\"><\/div><\/div>\n<\/div>\n\t\t\t\t<\/div>\n\t\t\t\t<div  class=\"ms-slide\" data-delay=\"3\" data-fill-mode=\"fill\"  >\n\t\t\t\t\t<img decoding=\"async\" src=\"https:\/\/www.mvac.pt\/wp-content\/plugins\/master-slider\/public\/assets\/css\/blank.gif\" alt=\"\" title=\"\" data-src=\"https:\/\/www.mvac.pt\/wp-content\/uploads\/2021\/12\/o-17_FS-0773a.jpg\" \/>\n\n\t\t\t\t\t<div class=\"ms-info\"><strong>Ren\u00e9 Bertholo<\/strong><br \/>Palmeira,\u00a01966<br \/>Alum\u00ednio pintado, ventoinha el\u00e9trica, Serralves<\/div>\n\n\n\t<div class=\"ms-thumb\" ><div class=\"ms-tab-context\"><div class=\"&quot;ms-tab-context&quot;\"><\/div><\/div>\n<\/div>\n\t\t\t\t<\/div>\n\t\t\t\t<div  class=\"ms-slide\" data-delay=\"3\" data-fill-mode=\"fill\"  >\n\t\t\t\t\t<img decoding=\"async\" src=\"https:\/\/www.mvac.pt\/wp-content\/plugins\/master-slider\/public\/assets\/css\/blank.gif\" alt=\"\" title=\"\" data-src=\"https:\/\/www.mvac.pt\/wp-content\/uploads\/2021\/12\/o-18_7732.jpg\" \/>\n\n\t\t\t\t\t<div class=\"ms-info\"><strong>Jos\u00e9 Escada<\/strong><br \/>S\/T\u00edtulo (Relevo Espacial) 1974<br \/>Madeira,\u00a0Chapa de ferro recortada, Colec\u00e7\u00e3o Gulbenkian<\/div>\n\n\n\t<div class=\"ms-thumb\" ><div class=\"ms-tab-context\"><div class=\"&quot;ms-tab-context&quot;\"><\/div><\/div>\n<\/div>\n\t\t\t\t<\/div>\n\n\t\t\t<\/div>\n\t\t\t<!-- END MasterSlider Main -->\n\n\t\t\t \n\t\t<\/div>\n\t\t<!-- END MasterSlider -->\n\n\t\t<script>\n\t\t(function ( $ ) {\n\t\t\t\"use strict\";\n\n\t\t\t$(function () {\n\t\t\t\tvar masterslider_d1d6 = new MasterSlider();\n\n\t\t\t\t\/\/ slider controls\n\t\t\t\tmasterslider_d1d6.control('arrows'     ,{ autohide:false, overVideo:true  });\n\t\t\t\tmasterslider_d1d6.control('slideinfo'  ,{ autohide:false, overVideo:true, dir:'h', align:'bottom',inset:false , margin:10   });\n\t\t\t\t\/\/ slider setup\n\t\t\t\tmasterslider_d1d6.setup(\"MS61aa841dad1d6\", {\n\t\t\t\t\t\twidth           : 580,\n\t\t\t\t\t\theight          : 580,\n\t\t\t\t\t\tminHeight       : 0,\n\t\t\t\t\t\tspace           : 0,\n\t\t\t\t\t\tstart           : 1,\n\t\t\t\t\t\tgrabCursor      : true,\n\t\t\t\t\t\tswipe           : true,\n\t\t\t\t\t\tmouse           : true,\n\t\t\t\t\t\tlayout          : \"boxed\",\n\t\t\t\t\t\twheel           : false,\n\t\t\t\t\t\tautoplay        : false,\n\t\t\t\t\t\tinstantStartLayers:false,\n\t\t\t\t\t\tloop            : false,\n\t\t\t\t\t\tshuffle         : false,\n\t\t\t\t\t\tpreload         : 0,\n\t\t\t\t\t\theightLimit     : true,\n\t\t\t\t\t\tautoHeight      : true,\n\t\t\t\t\t\tsmoothHeight    : true,\n\t\t\t\t\t\tendPause        : false,\n\t\t\t\t\t\toverPause       : true,\n\t\t\t\t\t\tfillMode        : \"fill\",\n\t\t\t\t\t\tcenterControls  : true,\n\t\t\t\t\t\tstartOnAppear   : false,\n\t\t\t\t\t\tlayersMode      : \"center\",\n\t\t\t\t\t\thideLayers      : false,\n\t\t\t\t\t\tfullscreenMargin: 0,\n\t\t\t\t\t\tspeed           : 20,\n\t\t\t\t\t\tdir             : \"h\",\n\t\t\t\t\t\tparallaxMode    : 'swipe',\n\t\t\t\t\t\tview            : \"basic\"\n\t\t\t\t});\n\n\t\t\t\t\n\t\t\t\twindow.masterslider_instances = window.masterslider_instances || [];\n\t\t\t\twindow.masterslider_instances.push( masterslider_d1d6 );\n\t\t\t });\n\n\t\t})(jQuery);\n\t\t<\/script>","protected":false},"excerpt":{"rendered":"<p>O in\u00edcio da d\u00e9cada de cinquenta foi um per\u00edodo ingrato para os artistas sem liga\u00e7\u00f5es ao regime. Terminadas as exposi\u00e7\u00f5es oficiais (S.P.N.\/S.N.I.) em 1951, sem compradores que garantissem a sustentabilidade dos expositores das Exposi\u00e7\u00f5es Gerais de Artes Pl\u00e1sticas, que terminariam em 1956 e sem um mercado aut\u00f3nomo \u2014 que n\u00e3o chegou, sequer, para manter em [&hellip;]<\/p>\n","protected":false},"author":1,"featured_media":0,"parent":0,"menu_order":0,"comment_status":"closed","ping_status":"closed","template":"","meta":{"footnotes":""},"class_list":["post-39","page","type-page","status-publish","hentry"],"_links":{"self":[{"href":"http:\/\/www.mvac.pt\/en\/wp-json\/wp\/v2\/pages\/39","targetHints":{"allow":["GET"]}}],"collection":[{"href":"http:\/\/www.mvac.pt\/en\/wp-json\/wp\/v2\/pages"}],"about":[{"href":"http:\/\/www.mvac.pt\/en\/wp-json\/wp\/v2\/types\/page"}],"author":[{"embeddable":true,"href":"http:\/\/www.mvac.pt\/en\/wp-json\/wp\/v2\/users\/1"}],"replies":[{"embeddable":true,"href":"http:\/\/www.mvac.pt\/en\/wp-json\/wp\/v2\/comments?post=39"}],"version-history":[{"count":2,"href":"http:\/\/www.mvac.pt\/en\/wp-json\/wp\/v2\/pages\/39\/revisions"}],"predecessor-version":[{"id":138,"href":"http:\/\/www.mvac.pt\/en\/wp-json\/wp\/v2\/pages\/39\/revisions\/138"}],"wp:attachment":[{"href":"http:\/\/www.mvac.pt\/en\/wp-json\/wp\/v2\/media?parent=39"}],"curies":[{"name":"wp","href":"https:\/\/api.w.org\/{rel}","templated":true}]}}