{"id":36,"date":"2021-11-26T13:06:12","date_gmt":"2021-11-26T13:06:12","guid":{"rendered":"https:\/\/www.mvac.pt\/?page_id=36"},"modified":"2021-12-03T12:18:57","modified_gmt":"2021-12-03T12:18:57","slug":"8-abstraccao","status":"publish","type":"page","link":"http:\/\/www.mvac.pt\/en\/8-abstraccao\/","title":{"rendered":"8. Abstract art"},"content":{"rendered":"<figure class=\"wp-block-image size-full\"><img loading=\"lazy\" decoding=\"async\" width=\"655\" height=\"649\" src=\"https:\/\/www.mvac.pt\/wp-content\/uploads\/2021\/11\/ab-6_lanhas-o10-50.jpg\" alt=\"\" class=\"wp-image-37\" srcset=\"https:\/\/www.mvac.pt\/wp-content\/uploads\/2021\/11\/ab-6_lanhas-o10-50.jpg 655w, https:\/\/www.mvac.pt\/wp-content\/uploads\/2021\/11\/ab-6_lanhas-o10-50-300x297.jpg 300w, https:\/\/www.mvac.pt\/wp-content\/uploads\/2021\/11\/ab-6_lanhas-o10-50-150x150.jpg 150w, https:\/\/www.mvac.pt\/wp-content\/uploads\/2021\/11\/ab-6_lanhas-o10-50-12x12.jpg 12w\" sizes=\"auto, (max-width: 655px) 100vw, 655px\" \/><figcaption>Fernando Lanhas, O10\u201350, 1950, Museu do Chiado<\/figcaption><\/figure>\n\n\n\n<p>The first abstractionist experiences in Portugal surfaced in the second half of the decade of 1910, brought by Amadeo de Souza-Cardoso and Guilherme Santa-Rita.<\/p>\n\n\n\n<p class=\"translation-block\">After an interregnum of over a decade, these two artists reinstated abstractionism in Paris. Vieira da Silva moved to Paris, with his widowed mother, in 1928, and it was there that he started a new artistic life, going to important schools and starting a collaboration with art buyers, which granted him the sale of a painting to MoMa in New York, right on that first year. Ant\u00f3nio Pedro, who was disappointed with Law and Writing in Portugal, traveled temporarily to Paris to study in Sorbonne, where he studied Aesthetic and History of the Art alongside with big international figures. In 1935, he takes part in the creation of <em>Dimensionism<\/em> and signs the manifest together with Duchamp, Mir\u00f3, Kandinsky, Calder and others. He tries to publish this manifest in Portugal, with no success. <em>Dimensionism<\/em> leads Pedro to trade poetry for painting and originates a compilation of abstract pieces that would be showcased among us, with very little impact. At the same time, he was opening the Up gallery, where he would promote his first individual exhibition in Portugal by Maria Helena Vieira da Silva.<\/p>\n\n\n\n<p class=\"translation-block\">For two decades, abstract painting was practically not seen in Portugal, and it was only in 1953, that an exhibition held by Edgar Pillet, a French man, shook the country and divided the critiques. It then paved the way to the first abstractionist initiative, the First Hall of Abstract Art, in Galeria de Mar\u00e7o in 1954, where the option for non-figurative art ended in itself. From there on, numerous artists incorporated abstractionism in their productions, compiling them into their own aesthetic, as had happened before with the surrealist artists in the exhibition of <em>Azevedo, Lemos and Vespeira<\/em> in 1952. This would later happen again and in the same way with the Pop Art influences.<\/p>\n\n\n\n\t\t<!-- MasterSlider -->\n\t\t<div id=\"P_MS61aa47b3c5362\" class=\"master-slider-parent msl ms-parent-id-8\" style=\"max-width:600px;\">\n\n\t\t\t\n\t\t\t<!-- MasterSlider Main -->\n\t\t\t<div id=\"MS61aa47b3c5362\" class=\"master-slider ms-skin-default\" >\n\t\t\t\t \t\t\t\t \n\t\t\t\t<div  class=\"ms-slide\" data-delay=\"3\" data-fill-mode=\"fill\"  >\n\t\t\t\t\t<img decoding=\"async\" src=\"https:\/\/www.mvac.pt\/wp-content\/plugins\/master-slider\/public\/assets\/css\/blank.gif\" alt=\"\" title=\"\" data-src=\"https:\/\/www.mvac.pt\/wp-content\/uploads\/2021\/12\/ab-01_antonio-pedro-poeme-dimensionel.jpg\" \/>\n\n\t\t\t\t\t<div class=\"ms-info\"><strong>Ant\u00f3nio Pedro<\/strong><br \/><em>(Po\u00e8me dimensionnel) Abstractions g\u00e9ometriques<\/em>, 1935<br \/>Guache sobre cartolina e l\u00e1pis sobre papel, Museu do Chiado<\/div>\n\n\n\t<div class=\"ms-thumb\" ><div class=\"ms-tab-context\"><div class=\"&quot;ms-tab-context&quot;\"><\/div><\/div>\n<\/div>\n\t\t\t\t<\/div>\n\t\t\t\t<div  class=\"ms-slide\" data-delay=\"3\" data-fill-mode=\"fill\"  >\n\t\t\t\t\t<img decoding=\"async\" src=\"https:\/\/www.mvac.pt\/wp-content\/plugins\/master-slider\/public\/assets\/css\/blank.gif\" alt=\"\" title=\"\" data-src=\"https:\/\/www.mvac.pt\/wp-content\/uploads\/2021\/12\/ab-02_8879.jpg\" \/>\n\n\t\t\t\t\t<div class=\"ms-info\"><strong>Ant\u00f3nio Pedro<\/strong><br \/><em>Refoulement<\/em>, 1936<br \/>\u00d3leo sobre tela, Colec\u00e7\u00e3o Gulbenkian<\/div>\n\n\n\t<div class=\"ms-thumb\" ><div class=\"ms-tab-context\"><div class=\"&quot;ms-tab-context&quot;\"><\/div><\/div>\n<\/div>\n\t\t\t\t<\/div>\n\t\t\t\t<div  class=\"ms-slide\" data-delay=\"3\" data-fill-mode=\"fill\"  >\n\t\t\t\t\t<img decoding=\"async\" src=\"https:\/\/www.mvac.pt\/wp-content\/plugins\/master-slider\/public\/assets\/css\/blank.gif\" alt=\"\" title=\"\" data-src=\"https:\/\/www.mvac.pt\/wp-content\/uploads\/2021\/12\/ab-03_19397.jpg\" \/>\n\n\t\t\t\t\t<div class=\"ms-info\"><strong>Vieira da Silva<\/strong><br \/><em>Composition<\/em>, 1936<br \/>\u00d3leo sobre tela, Colec\u00e7\u00e3o Gulbenkian<\/div>\n\n\n\t<div class=\"ms-thumb\" ><div class=\"ms-tab-context\"><div class=\"&quot;ms-tab-context&quot;\"><\/div><\/div>\n<\/div>\n\t\t\t\t<\/div>\n\t\t\t\t<div  class=\"ms-slide\" data-delay=\"3\" data-fill-mode=\"fill\"  >\n\t\t\t\t\t<img decoding=\"async\" src=\"https:\/\/www.mvac.pt\/wp-content\/plugins\/master-slider\/public\/assets\/css\/blank.gif\" alt=\"\" title=\"\" data-src=\"https:\/\/www.mvac.pt\/wp-content\/uploads\/2021\/12\/ab-04_598.jpg\" \/>\n\n\t\t\t\t\t<div class=\"ms-info\"><strong>Vieira da Silva<\/strong><br \/><em>Composition<\/em>, 1948<br \/>\u00d3leo sobre tela, Colec\u00e7\u00e3o Gulbenkian<\/div>\n\n\n\t<div class=\"ms-thumb\" ><div class=\"ms-tab-context\"><div class=\"&quot;ms-tab-context&quot;\"><\/div><\/div>\n<\/div>\n\t\t\t\t<\/div>\n\t\t\t\t<div  class=\"ms-slide\" data-delay=\"3\" data-fill-mode=\"fill\"  >\n\t\t\t\t\t<img decoding=\"async\" src=\"https:\/\/www.mvac.pt\/wp-content\/plugins\/master-slider\/public\/assets\/css\/blank.gif\" alt=\"\" title=\"\" data-src=\"https:\/\/www.mvac.pt\/wp-content\/uploads\/2021\/12\/ab-05_13802.jpg\" \/>\n\n\t\t\t\t\t<div class=\"ms-info\"><strong>Vieira da Silva<\/strong><br \/><em>La biblioth\u00e8que en feu<\/em>, 1974<\/div>\n\n\n\t<div class=\"ms-thumb\" ><div class=\"ms-tab-context\"><div class=\"&quot;ms-tab-context&quot;\"><\/div><\/div>\n<\/div>\n\t\t\t\t<\/div>\n\t\t\t\t<div  class=\"ms-slide\" data-delay=\"3\" data-fill-mode=\"fill\"  >\n\t\t\t\t\t<img decoding=\"async\" src=\"https:\/\/www.mvac.pt\/wp-content\/plugins\/master-slider\/public\/assets\/css\/blank.gif\" alt=\"\" title=\"\" data-src=\"https:\/\/www.mvac.pt\/wp-content\/uploads\/2021\/12\/ab-06_lanhas-o10-50.jpg\" \/>\n\n\t\t\t\t\t<div class=\"ms-info\"><strong>Fernando Lanhas<\/strong><br \/>O10\u201350, 1950<br \/>\u00d3leo sobre tela, Museu do Chiado<\/div>\n\n\n\t<div class=\"ms-thumb\" ><div class=\"ms-tab-context\"><div class=\"&quot;ms-tab-context&quot;\"><\/div><\/div>\n<\/div>\n\t\t\t\t<\/div>\n\t\t\t\t<div  class=\"ms-slide\" data-delay=\"3\" data-fill-mode=\"fill\"  >\n\t\t\t\t\t<img decoding=\"async\" src=\"https:\/\/www.mvac.pt\/wp-content\/plugins\/master-slider\/public\/assets\/css\/blank.gif\" alt=\"\" title=\"\" data-src=\"https:\/\/www.mvac.pt\/wp-content\/uploads\/2021\/12\/ab-07_lanhas-cais-44.jpg\" \/>\n\n\t\t\t\t\t<div class=\"ms-info\"><strong>Fernando Lanhas<\/strong><br \/>Cais 44, 1943<br \/>\u00d3leo sobre tela, Museu do Chiado<\/div>\n\n\n\t<div class=\"ms-thumb\" ><div class=\"ms-tab-context\"><div class=\"&quot;ms-tab-context&quot;\"><\/div><\/div>\n<\/div>\n\t\t\t\t<\/div>\n\t\t\t\t<div  class=\"ms-slide\" data-delay=\"3\" data-fill-mode=\"fill\"  >\n\t\t\t\t\t<img decoding=\"async\" src=\"https:\/\/www.mvac.pt\/wp-content\/plugins\/master-slider\/public\/assets\/css\/blank.gif\" alt=\"\" title=\"\" data-src=\"https:\/\/www.mvac.pt\/wp-content\/uploads\/2021\/12\/ab-08_lanhas-O2-44.jpg\" \/>\n\n\t\t\t\t\t<div class=\"ms-info\"><strong>Fernando Lanhas<\/strong><br \/>O2\u201344, 1944<br \/>\u00d3leo sobre tela, Museu do Chiado<\/div>\n\n\n\t<div class=\"ms-thumb\" ><div class=\"ms-tab-context\"><div class=\"&quot;ms-tab-context&quot;\"><\/div><\/div>\n<\/div>\n\t\t\t\t<\/div>\n\t\t\t\t<div  class=\"ms-slide\" data-delay=\"3\" data-fill-mode=\"fill\"  >\n\t\t\t\t\t<img decoding=\"async\" src=\"https:\/\/www.mvac.pt\/wp-content\/plugins\/master-slider\/public\/assets\/css\/blank.gif\" alt=\"\" title=\"\" data-src=\"https:\/\/www.mvac.pt\/wp-content\/uploads\/2021\/12\/ab-09_nadir-afonso-espaceillimite-maquina-cinetica.jpg\" \/>\n\n\t\t\t\t\t<div class=\"ms-info\"><strong>Nadir Afonso<\/strong><br \/><em>Espacillimit\u00e9<\/em> (m\u00e1quina cin\u00e9tica), c. 1956<br \/>\u00d3leo sobre tela, madeira, motor el\u00e9ctrico e mecanismo, Museu do Chiado<\/div>\n\n\n\t<div class=\"ms-thumb\" ><div class=\"ms-tab-context\"><div class=\"&quot;ms-tab-context&quot;\"><\/div><\/div>\n<\/div>\n\t\t\t\t<\/div>\n\t\t\t\t<div  class=\"ms-slide\" data-delay=\"3\" data-fill-mode=\"fill\"  >\n\t\t\t\t\t<img decoding=\"async\" src=\"https:\/\/www.mvac.pt\/wp-content\/plugins\/master-slider\/public\/assets\/css\/blank.gif\" alt=\"\" title=\"\" data-src=\"https:\/\/www.mvac.pt\/wp-content\/uploads\/2021\/12\/ab-10_5313.jpg\" \/>\n\n\t\t\t\t\t<div class=\"ms-info\"><strong>Nadir Afonso<\/strong><br \/>Veneza, 1962<br \/>Grafite e \u00d3leo sobre tela,\u00a0Colec\u00e7\u00e3o Gulbenkian<\/div>\n\n\n\t<div class=\"ms-thumb\" ><div class=\"ms-tab-context\"><div class=\"&quot;ms-tab-context&quot;\"><\/div><\/div>\n<\/div>\n\t\t\t\t<\/div>\n\t\t\t\t<div  class=\"ms-slide\" data-delay=\"3\" data-fill-mode=\"fill\"  >\n\t\t\t\t\t<img decoding=\"async\" src=\"https:\/\/www.mvac.pt\/wp-content\/plugins\/master-slider\/public\/assets\/css\/blank.gif\" alt=\"\" title=\"\" data-src=\"https:\/\/www.mvac.pt\/wp-content\/uploads\/2021\/12\/ab-11_SR-0003.jpg\" \/>\n\n\t\t\t\t\t<div class=\"ms-info\"><strong>Nadir Afonso<\/strong><br \/><em>Jazz Band<\/em>, 1971<br \/>Guache sobre papel, Col. Museu Nacional de Soares dos Reis, em dep\u00f3sito na Funda\u00e7\u00e3o de Serralves<\/div>\n\n\n\t<div class=\"ms-thumb\" ><div class=\"ms-tab-context\"><div class=\"&quot;ms-tab-context&quot;\"><\/div><\/div>\n<\/div>\n\t\t\t\t<\/div>\n\t\t\t\t<div  class=\"ms-slide\" data-delay=\"3\" data-fill-mode=\"fill\"  >\n\t\t\t\t\t<img decoding=\"async\" src=\"https:\/\/www.mvac.pt\/wp-content\/plugins\/master-slider\/public\/assets\/css\/blank.gif\" alt=\"\" title=\"\" data-src=\"https:\/\/www.mvac.pt\/wp-content\/uploads\/2021\/12\/ab-12_5178.jpg\" \/>\n\n\t\t\t\t\t<div class=\"ms-info\"><strong>Almada Negreiros<\/strong><br \/>Rela\u00e7\u00e3o 9\/10, 1957<br \/>\u00d3leo sobre tela, Colec\u00e7\u00e3o Gulbenkian<\/div>\n\n\n\t<div class=\"ms-thumb\" ><div class=\"ms-tab-context\"><div class=\"&quot;ms-tab-context&quot;\"><\/div><\/div>\n<\/div>\n\t\t\t\t<\/div>\n\t\t\t\t<div  class=\"ms-slide\" data-delay=\"3\" data-fill-mode=\"fill\"  >\n\t\t\t\t\t<img decoding=\"async\" src=\"https:\/\/www.mvac.pt\/wp-content\/plugins\/master-slider\/public\/assets\/css\/blank.gif\" alt=\"\" title=\"\" data-src=\"https:\/\/www.mvac.pt\/wp-content\/uploads\/2021\/12\/ab-13_5179.jpg\" \/>\n\n\t\t\t\t\t<div class=\"ms-info\"><strong>Almada Negreiros<\/strong><br \/>Quadrante I, 1957<br \/>\u00d3leo sobre tela, Colec\u00e7\u00e3o Gulbenkian<\/div>\n\n\n\t<div class=\"ms-thumb\" ><div class=\"ms-tab-context\"><div class=\"&quot;ms-tab-context&quot;\"><\/div><\/div>\n<\/div>\n\t\t\t\t<\/div>\n\t\t\t\t<div  class=\"ms-slide\" data-delay=\"3\" data-fill-mode=\"fill\"  >\n\t\t\t\t\t<img decoding=\"async\" src=\"https:\/\/www.mvac.pt\/wp-content\/plugins\/master-slider\/public\/assets\/css\/blank.gif\" alt=\"\" title=\"\" data-src=\"https:\/\/www.mvac.pt\/wp-content\/uploads\/2021\/12\/ab-14_5180.jpg\" \/>\n\n\t\t\t\t\t<div class=\"ms-info\"><strong>Almada Negreiros<\/strong><br \/>O Ponto de Bauh\u00fctte, 1957<br \/>\u00d3leo sobre tela, Colec\u00e7\u00e3o Gulbenkian<\/div>\n\n\n\t<div class=\"ms-thumb\" ><div class=\"ms-tab-context\"><div class=\"&quot;ms-tab-context&quot;\"><\/div><\/div>\n<\/div>\n\t\t\t\t<\/div>\n\n\t\t\t<\/div>\n\t\t\t<!-- END MasterSlider Main -->\n\n\t\t\t \n\t\t<\/div>\n\t\t<!-- END MasterSlider -->\n\n\t\t<script>\n\t\t(function ( $ ) {\n\t\t\t\"use strict\";\n\n\t\t\t$(function () {\n\t\t\t\tvar masterslider_5362 = new MasterSlider();\n\n\t\t\t\t\/\/ slider controls\n\t\t\t\tmasterslider_5362.control('arrows'     ,{ autohide:false, overVideo:true  });\n\t\t\t\tmasterslider_5362.control('slideinfo'  ,{ autohide:false, overVideo:true, dir:'h', align:'bottom',inset:false , margin:10   });\n\t\t\t\t\/\/ slider setup\n\t\t\t\tmasterslider_5362.setup(\"MS61aa47b3c5362\", {\n\t\t\t\t\t\twidth           : 580,\n\t\t\t\t\t\theight          : 580,\n\t\t\t\t\t\tminHeight       : 0,\n\t\t\t\t\t\tspace           : 0,\n\t\t\t\t\t\tstart           : 1,\n\t\t\t\t\t\tgrabCursor      : true,\n\t\t\t\t\t\tswipe           : true,\n\t\t\t\t\t\tmouse           : true,\n\t\t\t\t\t\tlayout          : \"boxed\",\n\t\t\t\t\t\twheel           : false,\n\t\t\t\t\t\tautoplay        : false,\n\t\t\t\t\t\tinstantStartLayers:false,\n\t\t\t\t\t\tloop            : false,\n\t\t\t\t\t\tshuffle         : false,\n\t\t\t\t\t\tpreload         : 0,\n\t\t\t\t\t\theightLimit     : true,\n\t\t\t\t\t\tautoHeight      : true,\n\t\t\t\t\t\tsmoothHeight    : true,\n\t\t\t\t\t\tendPause        : false,\n\t\t\t\t\t\toverPause       : true,\n\t\t\t\t\t\tfillMode        : \"fill\",\n\t\t\t\t\t\tcenterControls  : true,\n\t\t\t\t\t\tstartOnAppear   : false,\n\t\t\t\t\t\tlayersMode      : \"center\",\n\t\t\t\t\t\thideLayers      : false,\n\t\t\t\t\t\tfullscreenMargin: 0,\n\t\t\t\t\t\tspeed           : 20,\n\t\t\t\t\t\tdir             : \"h\",\n\t\t\t\t\t\tparallaxMode    : 'swipe',\n\t\t\t\t\t\tview            : \"basic\"\n\t\t\t\t});\n\n\t\t\t\t\n\t\t\t\twindow.masterslider_instances = window.masterslider_instances || [];\n\t\t\t\twindow.masterslider_instances.push( masterslider_5362 );\n\t\t\t });\n\n\t\t})(jQuery);\n\t\t<\/script>","protected":false},"excerpt":{"rendered":"<p>As primeiras experi\u00eancias abstraccionistas em Portugal surgiram na segunda metade da d\u00e9cada de 1910, pela m\u00e3o de Amadeo e de Santa-Rita. Depois de um interregno de mais de uma d\u00e9cada, foi em Paris que dois artistas portugueses retomaram o abstraccionismo. Vieira da Silva mudou-se para Paris, com a m\u00e3e vi\u00fava, em 1928, e ali encetou [&hellip;]<\/p>\n","protected":false},"author":1,"featured_media":0,"parent":0,"menu_order":0,"comment_status":"closed","ping_status":"closed","template":"","meta":{"footnotes":""},"class_list":["post-36","page","type-page","status-publish","hentry"],"_links":{"self":[{"href":"http:\/\/www.mvac.pt\/en\/wp-json\/wp\/v2\/pages\/36","targetHints":{"allow":["GET"]}}],"collection":[{"href":"http:\/\/www.mvac.pt\/en\/wp-json\/wp\/v2\/pages"}],"about":[{"href":"http:\/\/www.mvac.pt\/en\/wp-json\/wp\/v2\/types\/page"}],"author":[{"embeddable":true,"href":"http:\/\/www.mvac.pt\/en\/wp-json\/wp\/v2\/users\/1"}],"replies":[{"embeddable":true,"href":"http:\/\/www.mvac.pt\/en\/wp-json\/wp\/v2\/comments?post=36"}],"version-history":[{"count":2,"href":"http:\/\/www.mvac.pt\/en\/wp-json\/wp\/v2\/pages\/36\/revisions"}],"predecessor-version":[{"id":137,"href":"http:\/\/www.mvac.pt\/en\/wp-json\/wp\/v2\/pages\/36\/revisions\/137"}],"wp:attachment":[{"href":"http:\/\/www.mvac.pt\/en\/wp-json\/wp\/v2\/media?parent=36"}],"curies":[{"name":"wp","href":"https:\/\/api.w.org\/{rel}","templated":true}]}}