{"id":30,"date":"2021-11-26T12:53:27","date_gmt":"2021-11-26T12:53:27","guid":{"rendered":"https:\/\/www.mvac.pt\/?page_id=30"},"modified":"2021-12-03T12:18:06","modified_gmt":"2021-12-03T12:18:06","slug":"6-neo-realismo","status":"publish","type":"page","link":"http:\/\/www.mvac.pt\/en\/6-neo-realismo\/","title":{"rendered":"6. New Realism"},"content":{"rendered":"<blockquote class=\"wp-block-quote is-layout-flow wp-block-quote-is-layout-flow\"><p><em>\u00abOur paintings have to be useful, serve a purpose to man, take care of their problems that have been longing for a solution for so long\u2026<\/em><\/p><p><em>Let\u2019s make paintings for everyone, let everyone look at us as men. This is our duty. \u00bb<\/em><\/p><cite><em>Vespeira,&nbsp;Aos pintores portugueses \u2014 carta aberta, A Tarde, 4\/8\/1945<\/em><\/cite><\/blockquote>\n\n\n\n<figure class=\"wp-block-image size-large\"><img loading=\"lazy\" decoding=\"async\" width=\"1024\" height=\"470\" src=\"https:\/\/www.mvac.pt\/wp-content\/uploads\/2021\/11\/nr-0_49640793306_0a32554ed5_o-1024x470.jpg\" alt=\"\" class=\"wp-image-31\" srcset=\"https:\/\/www.mvac.pt\/wp-content\/uploads\/2021\/11\/nr-0_49640793306_0a32554ed5_o-1024x470.jpg 1024w, https:\/\/www.mvac.pt\/wp-content\/uploads\/2021\/11\/nr-0_49640793306_0a32554ed5_o-300x138.jpg 300w, https:\/\/www.mvac.pt\/wp-content\/uploads\/2021\/11\/nr-0_49640793306_0a32554ed5_o-768x353.jpg 768w, https:\/\/www.mvac.pt\/wp-content\/uploads\/2021\/11\/nr-0_49640793306_0a32554ed5_o-1536x705.jpg 1536w, https:\/\/www.mvac.pt\/wp-content\/uploads\/2021\/11\/nr-0_49640793306_0a32554ed5_o-2048x940.jpg 2048w, https:\/\/www.mvac.pt\/wp-content\/uploads\/2021\/11\/nr-0_49640793306_0a32554ed5_o-18x8.jpg 18w, https:\/\/www.mvac.pt\/wp-content\/uploads\/2021\/11\/nr-0_49640793306_0a32554ed5_o-1200x551.jpg 1200w, https:\/\/www.mvac.pt\/wp-content\/uploads\/2021\/11\/nr-0_49640793306_0a32554ed5_o-1980x909.jpg 1980w\" sizes=\"auto, (max-width: 1024px) 100vw, 1024px\" \/><figcaption>Manuel Filipe, O homem e a m\u00e1quina, 1943, Colec\u00e7\u00e3o Gulbenkian<\/figcaption><\/figure>\n\n\n\n<p>The European art in-between wars was marked by the return to balance, and by the reappearance of realism. Up until a certain point, realism was popular with dictatorial regimens that were in place for almost the whole continent. This was a reaction to the radical vanguards started in the beginning of the 19th century. However, the motivation was beyond visual arts, it had its roots in the generalized desire for a social regrouping and reorganization after the destruction caused by The First World War.<\/p>\n\n\n\n<p>In Portugal, the reappearance of the New Realism in visual arts had a different drive. The vanguards were never really established, so the balance was never lost, the ignition was political conscience, that mobilized artists to have sympathy for the people that were explored and oppressed by fascism.<\/p>\n\n\n\n<p>After being firmly established in literature, after the Second World War, New Realism started to gain its consistence when a group of young artists established themselves in the leftist press, regularly publishing articles that went on to build and clarify the movement\u2019s ideologies.<\/p>\n\n\n\n<p>New Realism didn\u2019t have much in common with the 19th century realism. Although both chose topics that were connected to the hardness of life, New Realism wanted to start a transforming action in art, not only showing the problems, but, specifically, contributing to a social revolution, to elevate the people to a state they were never able to be in. There were two vectors of great importance: one, using art to expose as much as possible, this depended on the artists only, who did everything in their power to accomplish it. Two, they defended thar art should be accessible to everyone, until then, art was exclusively for the higher classes. Attaining this goal was way beyond the means that these youngsters had. Their dream of reproducing the big American mural paintings encountered difficulties within the regime, who wanted the buildings walls to be exclusively for advertisement. The only vehicle to allow realism to get to a bigger audience with less economic means was illustrations and print.<\/p>\n\n\n\n\t\t<!-- MasterSlider -->\n\t\t<div id=\"P_MS61aa2e8762e46\" class=\"master-slider-parent msl ms-parent-id-6\" style=\"max-width:600px;\">\n\n\t\t\t\n\t\t\t<!-- MasterSlider Main -->\n\t\t\t<div id=\"MS61aa2e8762e46\" class=\"master-slider ms-skin-default\" >\n\t\t\t\t \t\t\t\t \n\t\t\t\t<div  class=\"ms-slide\" data-delay=\"3\" data-fill-mode=\"fill\"  >\n\t\t\t\t\t<img decoding=\"async\" src=\"https:\/\/www.mvac.pt\/wp-content\/plugins\/master-slider\/public\/assets\/css\/blank.gif\" alt=\"\" title=\"\" data-src=\"https:\/\/www.mvac.pt\/wp-content\/uploads\/2021\/12\/nr-01_9194.jpg\" \/>\n\n\t\t\t\t\t<div class=\"ms-info\"><strong>Marcelino Vespeira<\/strong><br \/>Apertado pela fome, 1945<br \/>\u00d3leo sobre tela,\u00a0Colec\u00e7\u00e3o Gulbenkian<\/div>\n\n\n\t<div class=\"ms-thumb\" ><div class=\"ms-tab-context\"><div class=\"&quot;ms-tab-context&quot;\"><\/div><\/div>\n<\/div>\n\t\t\t\t<\/div>\n\t\t\t\t<div  class=\"ms-slide\" data-delay=\"3\" data-fill-mode=\"fill\"  >\n\t\t\t\t\t<img decoding=\"async\" src=\"https:\/\/www.mvac.pt\/wp-content\/plugins\/master-slider\/public\/assets\/css\/blank.gif\" alt=\"\" title=\"\" data-src=\"https:\/\/www.mvac.pt\/wp-content\/uploads\/2021\/12\/nr-02_9315.jpg\" \/>\n\n\t\t\t\t\t<div class=\"ms-info\"><strong>Manuel Filipe<\/strong><br \/>O homem e a m\u00e1quina, 1943<br \/>Mina negra sobre papel, Colec\u00e7\u00e3o Gulbenkian<\/div>\n\n\n\t<div class=\"ms-thumb\" ><div class=\"ms-tab-context\"><div class=\"&quot;ms-tab-context&quot;\"><\/div><\/div>\n<\/div>\n\t\t\t\t<\/div>\n\t\t\t\t<div  class=\"ms-slide\" data-delay=\"3\" data-fill-mode=\"fill\"  >\n\t\t\t\t\t<img decoding=\"async\" src=\"https:\/\/www.mvac.pt\/wp-content\/plugins\/master-slider\/public\/assets\/css\/blank.gif\" alt=\"\" title=\"\" data-src=\"https:\/\/www.mvac.pt\/wp-content\/uploads\/2021\/12\/nr-03.jpg\" \/>\n\n\t\t\t\t\t<div class=\"ms-info\"><strong>Manuel Filipe<\/strong><br \/>O homem e a m\u00e1quina, 1943<br \/>Mina negra sobre papel, Colec\u00e7\u00e3o Gulbenkian<\/div>\n\n\n\t<div class=\"ms-thumb\" ><div class=\"ms-tab-context\"><div class=\"&quot;ms-tab-context&quot;\"><\/div><\/div>\n<\/div>\n\t\t\t\t<\/div>\n\t\t\t\t<div  class=\"ms-slide\" data-delay=\"3\" data-fill-mode=\"fill\"  >\n\t\t\t\t\t<img decoding=\"async\" src=\"https:\/\/www.mvac.pt\/wp-content\/plugins\/master-slider\/public\/assets\/css\/blank.gif\" alt=\"\" title=\"\" data-src=\"https:\/\/www.mvac.pt\/wp-content\/uploads\/2021\/12\/nr-04_pomar-o-gadanheiro.jpg\" \/>\n\n\t\t\t\t\t<div class=\"ms-info\"><strong>J\u00falio Pomar<\/strong><br \/>Gadanheiro, 1945<br \/>\u00d3leo sobre aglomerado de madeira, Museu do Chiado<\/div>\n\n\n\t<div class=\"ms-thumb\" ><div class=\"ms-tab-context\"><div class=\"&quot;ms-tab-context&quot;\"><\/div><\/div>\n<\/div>\n\t\t\t\t<\/div>\n\t\t\t\t<div  class=\"ms-slide\" data-delay=\"3\" data-fill-mode=\"fill\"  >\n\t\t\t\t\t<img decoding=\"async\" src=\"https:\/\/www.mvac.pt\/wp-content\/plugins\/master-slider\/public\/assets\/css\/blank.gif\" alt=\"\" title=\"\" data-src=\"https:\/\/www.mvac.pt\/wp-content\/uploads\/2021\/12\/nr-05_mw-1280.jpg\" \/>\n\n\t\t\t\t\t<div class=\"ms-info\"><strong>J\u00falio Pomar<\/strong><br \/>Almo\u00e7o do Trolha, 1946-50<br \/>\u00d3leo sobre tela, Colec\u00e7\u00e3o Manuel de Brito<\/div>\n\n\n\t<div class=\"ms-thumb\" ><div class=\"ms-tab-context\"><div class=\"&quot;ms-tab-context&quot;\"><\/div><\/div>\n<\/div>\n\t\t\t\t<\/div>\n\t\t\t\t<div  class=\"ms-slide\" data-delay=\"3\" data-fill-mode=\"fill\"  >\n\t\t\t\t\t<img decoding=\"async\" src=\"https:\/\/www.mvac.pt\/wp-content\/plugins\/master-slider\/public\/assets\/css\/blank.gif\" alt=\"\" title=\"\" data-src=\"https:\/\/www.mvac.pt\/wp-content\/uploads\/2021\/12\/nr-06_jp.jpg\" \/>\n\n\t\t\t\t\t<div class=\"ms-info\"><strong>J\u00falio Pomar<\/strong><br \/>Resist\u00eancia, 1946<br \/>\u00d3leo sobre aglomerado, Colec\u00e7\u00e3o do Museu de Lisboa em dep\u00f3sito na Funda\u00e7\u00e3o J\u00falio Pomar<\/div>\n\n\n\t<div class=\"ms-thumb\" ><div class=\"ms-tab-context\"><div class=\"&quot;ms-tab-context&quot;\"><\/div><\/div>\n<\/div>\n\t\t\t\t<\/div>\n\t\t\t\t<div  class=\"ms-slide\" data-delay=\"3\" data-fill-mode=\"fill\"  >\n\t\t\t\t\t<img decoding=\"async\" src=\"https:\/\/www.mvac.pt\/wp-content\/plugins\/master-slider\/public\/assets\/css\/blank.gif\" alt=\"\" title=\"\" data-src=\"https:\/\/www.mvac.pt\/wp-content\/uploads\/2021\/12\/nr-07_11594.jpg\" \/>\n\n\t\t\t\t\t<div class=\"ms-info\"><strong>Lima de Freitas<\/strong><br \/>Sem t\u00edtulo, 1946<br \/>Pastel e Carv\u00e3o sobre papel, Colec\u00e7\u00e3o Gulbenkian<\/div>\n\n\n\t<div class=\"ms-thumb\" ><div class=\"ms-tab-context\"><div class=\"&quot;ms-tab-context&quot;\"><\/div><\/div>\n<\/div>\n\t\t\t\t<\/div>\n\t\t\t\t<div  class=\"ms-slide\" data-delay=\"3\" data-fill-mode=\"fill\"  >\n\t\t\t\t\t<img decoding=\"async\" src=\"https:\/\/www.mvac.pt\/wp-content\/plugins\/master-slider\/public\/assets\/css\/blank.gif\" alt=\"\" title=\"\" data-src=\"https:\/\/www.mvac.pt\/wp-content\/uploads\/2021\/12\/nr-08_2578.jpg\" \/>\n\n\t\t\t\t\t<div class=\"ms-info\"><strong>Cipriano Dourado<\/strong><br \/>Sem t\u00edtulo, 1947<br \/>L\u00e1pis litogr\u00e1fico sobre papel, Colec\u00e7\u00e3o Gulbenkian<\/div>\n\n\n\t<div class=\"ms-thumb\" ><div class=\"ms-tab-context\"><div class=\"&quot;ms-tab-context&quot;\"><\/div><\/div>\n<\/div>\n\t\t\t\t<\/div>\n\t\t\t\t<div  class=\"ms-slide\" data-delay=\"3\" data-fill-mode=\"fill\"  >\n\t\t\t\t\t<img decoding=\"async\" src=\"https:\/\/www.mvac.pt\/wp-content\/plugins\/master-slider\/public\/assets\/css\/blank.gif\" alt=\"\" title=\"\" data-src=\"https:\/\/www.mvac.pt\/wp-content\/uploads\/2021\/12\/nr-09_5284.jpg\" \/>\n\n\t\t\t\t\t<div class=\"ms-info\"><strong>Augusto Gomes<\/strong><br \/>A carta, 1953<br \/>\u00d3leo sobre cart\u00e3o, Colec\u00e7\u00e3o Gulbenkian<\/div>\n\n\n\t<div class=\"ms-thumb\" ><div class=\"ms-tab-context\"><div class=\"&quot;ms-tab-context&quot;\"><\/div><\/div>\n<\/div>\n\t\t\t\t<\/div>\n\t\t\t\t<div  class=\"ms-slide\" data-delay=\"3\" data-fill-mode=\"fill\"  >\n\t\t\t\t\t<img decoding=\"async\" src=\"https:\/\/www.mvac.pt\/wp-content\/plugins\/master-slider\/public\/assets\/css\/blank.gif\" alt=\"\" title=\"\" data-src=\"https:\/\/www.mvac.pt\/wp-content\/uploads\/2021\/12\/nr-10_11392.jpg\" \/>\n\n\t\t\t\t\t<div class=\"ms-info\"><strong>Augusto Gomes<\/strong><br \/>Sem t\u00edtulo, 1953<br \/>Tinta-da-china e grafite sobre papel, Colec\u00e7\u00e3o Gulbenkian<\/div>\n\n\n\t<div class=\"ms-thumb\" ><div class=\"ms-tab-context\"><div class=\"&quot;ms-tab-context&quot;\"><\/div><\/div>\n<\/div>\n\t\t\t\t<\/div>\n\t\t\t\t<div  class=\"ms-slide\" data-delay=\"3\" data-fill-mode=\"fill\"  >\n\t\t\t\t\t<img decoding=\"async\" src=\"https:\/\/www.mvac.pt\/wp-content\/plugins\/master-slider\/public\/assets\/css\/blank.gif\" alt=\"\" title=\"\" data-src=\"https:\/\/www.mvac.pt\/wp-content\/uploads\/2021\/12\/nr-11_08-sss.jpg\" \/>\n\n\t\t\t\t\t<div class=\"ms-info\"><strong>Manuel Ribeiro de Pavia<\/strong><br \/>Ilustra\u00e7\u00f5es para uma edi\u00e7\u00e3o especial do livro <em>Fanga<\/em>, de Alves Redol (nunca publicada)<br \/>Colec\u00e7\u00e3o particular<\/div>\n\n\n\t<div class=\"ms-thumb\" ><div class=\"ms-tab-context\"><div class=\"&quot;ms-tab-context&quot;\"><\/div><\/div>\n<\/div>\n\t\t\t\t<\/div>\n\t\t\t\t<div  class=\"ms-slide\" data-delay=\"3\" data-fill-mode=\"fill\"  >\n\t\t\t\t\t<img decoding=\"async\" src=\"https:\/\/www.mvac.pt\/wp-content\/plugins\/master-slider\/public\/assets\/css\/blank.gif\" alt=\"\" title=\"\" data-src=\"https:\/\/www.mvac.pt\/wp-content\/uploads\/2021\/12\/nr-12_980625541_20783c51cd.jpg\" \/>\n\n\t\t\t\t\t<div class=\"ms-info\"><strong>Manuel Ribeiro de Pavia<\/strong><br \/>Capa do livro <em>Gaib\u00e9us<\/em>, de Alves Redol, 1939<\/div>\n\n\n\t<div class=\"ms-thumb\" ><div class=\"ms-tab-context\"><div class=\"&quot;ms-tab-context&quot;\"><\/div><\/div>\n<\/div>\n\t\t\t\t<\/div>\n\t\t\t\t<div  class=\"ms-slide\" data-delay=\"3\" data-fill-mode=\"fill\"  >\n\t\t\t\t\t<img decoding=\"async\" src=\"https:\/\/www.mvac.pt\/wp-content\/plugins\/master-slider\/public\/assets\/css\/blank.gif\" alt=\"\" title=\"\" data-src=\"https:\/\/www.mvac.pt\/wp-content\/uploads\/2021\/12\/nr-13_10183.jpg\" \/>\n\n\t\t\t\t\t<div class=\"ms-info\"><strong>Manuel Ribeiro de Pavia<\/strong><br \/>Capa do livro <em>Vila Adormecida<\/em>, de Antunes da Silva, 1947<\/div>\n\n\n\t<div class=\"ms-thumb\" ><div class=\"ms-tab-context\"><div class=\"&quot;ms-tab-context&quot;\"><\/div><\/div>\n<\/div>\n\t\t\t\t<\/div>\n\n\t\t\t<\/div>\n\t\t\t<!-- END MasterSlider Main -->\n\n\t\t\t \n\t\t<\/div>\n\t\t<!-- END MasterSlider -->\n\n\t\t<script>\n\t\t(function ( $ ) {\n\t\t\t\"use strict\";\n\n\t\t\t$(function () {\n\t\t\t\tvar masterslider_2e46 = new MasterSlider();\n\n\t\t\t\t\/\/ slider controls\n\t\t\t\tmasterslider_2e46.control('arrows'     ,{ autohide:false, overVideo:true  });\n\t\t\t\tmasterslider_2e46.control('slideinfo'  ,{ autohide:false, overVideo:true, dir:'h', align:'bottom',inset:false , margin:10   });\n\t\t\t\t\/\/ slider setup\n\t\t\t\tmasterslider_2e46.setup(\"MS61aa2e8762e46\", {\n\t\t\t\t\t\twidth           : 580,\n\t\t\t\t\t\theight          : 580,\n\t\t\t\t\t\tminHeight       : 0,\n\t\t\t\t\t\tspace           : 0,\n\t\t\t\t\t\tstart           : 1,\n\t\t\t\t\t\tgrabCursor      : true,\n\t\t\t\t\t\tswipe           : true,\n\t\t\t\t\t\tmouse           : true,\n\t\t\t\t\t\tlayout          : \"boxed\",\n\t\t\t\t\t\twheel           : false,\n\t\t\t\t\t\tautoplay        : false,\n\t\t\t\t\t\tinstantStartLayers:false,\n\t\t\t\t\t\tloop            : false,\n\t\t\t\t\t\tshuffle         : false,\n\t\t\t\t\t\tpreload         : 0,\n\t\t\t\t\t\theightLimit     : true,\n\t\t\t\t\t\tautoHeight      : true,\n\t\t\t\t\t\tsmoothHeight    : true,\n\t\t\t\t\t\tendPause        : false,\n\t\t\t\t\t\toverPause       : true,\n\t\t\t\t\t\tfillMode        : \"fill\",\n\t\t\t\t\t\tcenterControls  : true,\n\t\t\t\t\t\tstartOnAppear   : false,\n\t\t\t\t\t\tlayersMode      : \"center\",\n\t\t\t\t\t\thideLayers      : false,\n\t\t\t\t\t\tfullscreenMargin: 0,\n\t\t\t\t\t\tspeed           : 20,\n\t\t\t\t\t\tdir             : \"h\",\n\t\t\t\t\t\tparallaxMode    : 'swipe',\n\t\t\t\t\t\tview            : \"basic\"\n\t\t\t\t});\n\n\t\t\t\t\n\t\t\t\twindow.masterslider_instances = window.masterslider_instances || [];\n\t\t\t\twindow.masterslider_instances.push( masterslider_2e46 );\n\t\t\t });\n\n\t\t})(jQuery);\n\t\t<\/script>","protected":false},"excerpt":{"rendered":"<p>\u00abNossa pintura tem de ser \u00fatil, servir os homens, tratar os seus problemas que h\u00e1 tanto gritam por resolu\u00e7\u00e3o&#8230; Fa\u00e7amos pintura para todos, que todos nos olhem como homens. \u00c9 este nosso dever.\u00bb Vespeira,&nbsp;Aos pintores portugueses \u2014 carta aberta, A Tarde, 4\/8\/1945 A arte europeia de entre guerras ficou marcada por um retorno \u00e0 ordem [&hellip;]<\/p>\n","protected":false},"author":1,"featured_media":0,"parent":0,"menu_order":0,"comment_status":"closed","ping_status":"closed","template":"","meta":{"footnotes":""},"class_list":["post-30","page","type-page","status-publish","hentry"],"_links":{"self":[{"href":"http:\/\/www.mvac.pt\/en\/wp-json\/wp\/v2\/pages\/30","targetHints":{"allow":["GET"]}}],"collection":[{"href":"http:\/\/www.mvac.pt\/en\/wp-json\/wp\/v2\/pages"}],"about":[{"href":"http:\/\/www.mvac.pt\/en\/wp-json\/wp\/v2\/types\/page"}],"author":[{"embeddable":true,"href":"http:\/\/www.mvac.pt\/en\/wp-json\/wp\/v2\/users\/1"}],"replies":[{"embeddable":true,"href":"http:\/\/www.mvac.pt\/en\/wp-json\/wp\/v2\/comments?post=30"}],"version-history":[{"count":2,"href":"http:\/\/www.mvac.pt\/en\/wp-json\/wp\/v2\/pages\/30\/revisions"}],"predecessor-version":[{"id":135,"href":"http:\/\/www.mvac.pt\/en\/wp-json\/wp\/v2\/pages\/30\/revisions\/135"}],"wp:attachment":[{"href":"http:\/\/www.mvac.pt\/en\/wp-json\/wp\/v2\/media?parent=30"}],"curies":[{"name":"wp","href":"https:\/\/api.w.org\/{rel}","templated":true}]}}