{"id":18,"date":"2021-11-26T12:05:29","date_gmt":"2021-11-26T12:05:29","guid":{"rendered":"https:\/\/www.mvac.pt\/?page_id=18"},"modified":"2021-12-02T21:55:11","modified_gmt":"2021-12-02T21:55:11","slug":"2-futuristas","status":"publish","type":"page","link":"http:\/\/www.mvac.pt\/en\/2-futuristas\/","title":{"rendered":"2. Futurists"},"content":{"rendered":"<div class=\"wp-block-image\"><figure class=\"aligncenter size-full\"><img loading=\"lazy\" decoding=\"async\" width=\"442\" height=\"600\" src=\"https:\/\/www.mvac.pt\/wp-content\/uploads\/2021\/11\/f-1_Almadanegreiros1917.jpg\" alt=\"\" class=\"wp-image-19\" srcset=\"https:\/\/www.mvac.pt\/wp-content\/uploads\/2021\/11\/f-1_Almadanegreiros1917.jpg 442w, https:\/\/www.mvac.pt\/wp-content\/uploads\/2021\/11\/f-1_Almadanegreiros1917-221x300.jpg 221w, https:\/\/www.mvac.pt\/wp-content\/uploads\/2021\/11\/f-1_Almadanegreiros1917-9x12.jpg 9w\" sizes=\"auto, (max-width: 442px) 100vw, 442px\" \/><\/figure><\/div>\n\n\n\n<blockquote class=\"wp-block-quote is-layout-flow wp-block-quote-is-layout-flow\"><p>\u00ab4. The magnificence of the world has been enriched with a new beauty: the beauty of speed. A racing car, adorned with thick tubes that resemble snakes with an explosive breath... a roaring car, which seems to run under fire is more beautiful than The Winged Victory of Samothrace.\"<\/p><cite>Funda\u00e7\u00e3o e Manifesto do Futurismo,&nbsp;Le Figaro, 20 de fevereiro de 1909.<\/cite><\/blockquote>\n\n\n\n<p>Futurism was one of the most fleeting movements of the 20th century. Born in Italy, by the hand of Filippo Tommaso Marinetti, and expanded internationally after a theatrical gesture, being published in the front page of Le Figaro, the Futurist Manifest, in 1909.&nbsp;<em>Le Figaro<\/em>&nbsp;do Manifesto Futurista.<\/p>\n\n\n\n<p>Futurism, as many of the pioneer movements in the 1900\u2019s, was seen as an insult to tradition. The futurists sought to fight the \"prejudice of the Sublime Themes\" and the greatness of the subjects, which were so dear to the 18th century tradition, they also fought the \"art-mimesis\", replacing it with \"art-life\" that represented contemporaneousness.<\/p>\n\n\n\n<p class=\"translation-block\">Futurism touched almost all art territories. Starting in literature, it quickly spread to the fine arts, architecture and the performing arts. In 1910, a succession of specialized manifests made their principles and intentions clear. From the art point of view, two principles allow us to recognize Futurism in its pictorial and sculptural manifestations: The \"chromatic divisionism\", previously introduced by the Impressionists, that helped style the first futuristic paintings, but the most evident distinctive feature \u2014 which would extend to all artistic domains \u2014 was shown in the Technical Manifest of Futuristic Paintings, in 1910: <em>\"Everything moves, everything runs, everything turns quickly. A figure never presents itself static, but it appears and disappears quickly. The persistence of images in the eye, causes moving objects to multiply and distort, and they succeed, one after the other, in a way that resembles vibrations in the space they go throug.\"<\/em><\/p>\n\n\n\n<p>Futurism, which placed \u201cIdea\u201d above \u201cStyle\u201d, often resorted to explanatory titles for the pieces. The war \u2014 <em>\"the hygiene of the world\" <\/em>&nbsp;<em>\u2014<\/em>&nbsp;significantly reduced Futurism\u2019s impact and, after 1918, the movement lost its glow and eventually subsided amidst Fascism.<\/p>\n\n\n\n<p class=\"translation-block\">The great mentor of Futurism in Portugal was Guilherme Santa-Rita, the painter who contacted the Italian futurists in Paris. He came back from Marinetti with the task of finding an editor for the manifests. Portuguese Futurism was even more fleeting and had some literary expression \u2014 the Orpheu magazine, promoted by Fernando Pessoa and Ant\u00f3nio Ferro, and the unique edition of Futurist Portugal, seized by the police just outside the typography \u2014 and little impact in the visual art, which was practically boiled down to Santa-Rita\u2019s reproduction of seven pieces, shown in the magazines, and a painting \u2014 <em>Futurist Head<\/em>   \u2014that managed to escape the fire that the painter's family used to erase his work, per his request. The most serious event of Portuguese Futurism was the <em>1st Futurism Conference<\/em> by Almada Negreiros held in Teatro Rep\u00fablica, at 5 pm on April 14th, 1917. With Santa-Rita\u2019s elaborate orchestration, the <em>Futurist Manifest to the generations of the twentieth century<\/em>, written by Almada himself, was read from a large box. This manifest would become the great starter of the controversy that followed in the press.<\/p>\n\n\n\n\t\t<!-- MasterSlider -->\n\t\t<div id=\"P_MS61aa26fb5e8b3\" class=\"master-slider-parent msl ms-parent-id-2\" style=\"max-width:580px;\">\n\n\t\t\t\n\t\t\t<!-- MasterSlider Main -->\n\t\t\t<div id=\"MS61aa26fb5e8b3\" class=\"master-slider ms-skin-default\" >\n\t\t\t\t \t\t\t\t \n\t\t\t\t<div  class=\"ms-slide\" data-delay=\"3\" data-fill-mode=\"fill\"  >\n\t\t\t\t\t<img decoding=\"async\" src=\"https:\/\/www.mvac.pt\/wp-content\/plugins\/master-slider\/public\/assets\/css\/blank.gif\" alt=\"\" title=\"\" data-src=\"https:\/\/www.mvac.pt\/wp-content\/uploads\/2021\/12\/f-01_almada-negreiros_conferencia-futurista.jpg\" \/>\n\n\t\t\t\t\t<div class=\"ms-info\">An\u00fancio da 1\u00aa Confer\u00eancia Futurista em <em>Portugal Futurista<\/em> n\u00ba 1, 1917<\/div>\n\n\n\t<div class=\"ms-thumb\" ><div class=\"ms-tab-context\"><div class=\"&quot;ms-tab-context&quot;\"><\/div><\/div>\n<\/div>\n\t\t\t\t<\/div>\n\t\t\t\t<div  class=\"ms-slide\" data-delay=\"3\" data-fill-mode=\"fill\"  >\n\t\t\t\t\t<img decoding=\"async\" src=\"https:\/\/www.mvac.pt\/wp-content\/plugins\/master-slider\/public\/assets\/css\/blank.gif\" alt=\"\" title=\"\" data-src=\"https:\/\/www.mvac.pt\/wp-content\/uploads\/2021\/12\/f-02_santa-rita_retrato-quadrados.jpg\" \/>\n\n\t\t\t\t\t<div class=\"ms-info\">Retrato de Santa-Rita Pintor em <em>Portugal Futurista<\/em> n\u00ba 1, 1917<\/div>\n\n\n\t<div class=\"ms-thumb\" ><div class=\"ms-tab-context\"><div class=\"&quot;ms-tab-context&quot;\"><\/div><\/div>\n<\/div>\n\t\t\t\t<\/div>\n\t\t\t\t<div  class=\"ms-slide\" data-delay=\"3\" data-fill-mode=\"fill\"  >\n\t\t\t\t\t<img decoding=\"async\" src=\"https:\/\/www.mvac.pt\/wp-content\/plugins\/master-slider\/public\/assets\/css\/blank.gif\" alt=\"\" title=\"\" data-src=\"https:\/\/www.mvac.pt\/wp-content\/uploads\/2021\/12\/f-03_santa-rita_perspectiva-dinamica-de-um-quarto.jpg\" \/>\n\n\t\t\t\t\t<div class=\"ms-info\"><strong>Santa Rita<\/strong><br \/>Perspectiva futurista de um quarto de acordar, 1912<br \/>em <em>Portugal Futurista<\/em> n\u00ba 1, 1917<\/div>\n\n\n\t<div class=\"ms-thumb\" ><div class=\"ms-tab-context\"><div class=\"&quot;ms-tab-context&quot;\"><\/div><\/div>\n<\/div>\n\t\t\t\t<\/div>\n\t\t\t\t<div  class=\"ms-slide\" data-delay=\"3\" data-fill-mode=\"fill\"  >\n\t\t\t\t\t<img decoding=\"async\" src=\"https:\/\/www.mvac.pt\/wp-content\/plugins\/master-slider\/public\/assets\/css\/blank.gif\" alt=\"\" title=\"\" data-src=\"https:\/\/www.mvac.pt\/wp-content\/uploads\/2021\/12\/f-04_santa-rita_orfeu-nos-infernos.jpg\" \/>\n\n\t\t\t\t\t<div class=\"ms-info\"><strong>Santa Rita<\/strong><br \/>Orfeu nos Infernos<br \/>em <em>Portugal Futurista<\/em> n\u00ba 1, 1917<\/div>\n\n\n\t<div class=\"ms-thumb\" ><div class=\"ms-tab-context\"><div class=\"&quot;ms-tab-context&quot;\"><\/div><\/div>\n<\/div>\n\t\t\t\t<\/div>\n\t\t\t\t<div  class=\"ms-slide\" data-delay=\"3\" data-fill-mode=\"fill\"  >\n\t\t\t\t\t<img decoding=\"async\" src=\"https:\/\/www.mvac.pt\/wp-content\/plugins\/master-slider\/public\/assets\/css\/blank.gif\" alt=\"\" title=\"\" data-src=\"https:\/\/www.mvac.pt\/wp-content\/uploads\/2021\/12\/f-05_santa-rita_orpheu_1.jpg\" \/>\n\n\t\t\t\t\t<div class=\"ms-info\"><strong>Santa-Rita<\/strong><br \/>Compenetra\u00e7\u00e3o est\u00e1tica interior de uma cabe\u00e7a = complementarismo cong\u00e9nito absoluto (sensibilidade lithographica), Paris, 1913<br \/>em Orpheu, n.\u00ba 2, Abril-Maio-Junho 1915<\/div>\n\n\n\t<div class=\"ms-thumb\" ><div class=\"ms-tab-context\"><div class=\"&quot;ms-tab-context&quot;\"><\/div><\/div>\n<\/div>\n\t\t\t\t<\/div>\n\t\t\t\t<div  class=\"ms-slide\" data-delay=\"3\" data-fill-mode=\"fill\"  >\n\t\t\t\t\t<img decoding=\"async\" src=\"https:\/\/www.mvac.pt\/wp-content\/plugins\/master-slider\/public\/assets\/css\/blank.gif\" alt=\"\" title=\"\" data-src=\"https:\/\/www.mvac.pt\/wp-content\/uploads\/2021\/12\/f-06_santa-rita_orpheu_2.jpg\" \/>\n\n\t\t\t\t\t<div class=\"ms-info\"><strong>Santa-Rita<\/strong><br \/>Syntese geometral de uma cabe\u00e7a X infinito plastico de ambiente X transcendentalismo phisico (sensibilidade radiographica), Paris, 1913<br \/>em Orpheu, n.\u00ba 2, Abril-Maio-Junho 1915<\/div>\n\n\n\t<div class=\"ms-thumb\" ><div class=\"ms-tab-context\"><div class=\"&quot;ms-tab-context&quot;\"><\/div><\/div>\n<\/div>\n\t\t\t\t<\/div>\n\t\t\t\t<div  class=\"ms-slide\" data-delay=\"3\" data-fill-mode=\"fill\"  >\n\t\t\t\t\t<img decoding=\"async\" src=\"https:\/\/www.mvac.pt\/wp-content\/plugins\/master-slider\/public\/assets\/css\/blank.gif\" alt=\"\" title=\"\" data-src=\"https:\/\/www.mvac.pt\/wp-content\/uploads\/2021\/12\/f-07_santa-rita_orpheu_3.jpg\" \/>\n\n\t\t\t\t\t<div class=\"ms-info\"><strong>Santa-Rita<\/strong><br \/>Decomposi\u00e7\u00e3o dynamica de uma mesa + estylo do movimento (interseccionismo plastico), Paris, 1912\u00a0<br \/>em Orpheu, n.\u00ba 2, Abril-Maio-Junho 1915<\/div>\n\n\n\t<div class=\"ms-thumb\" ><div class=\"ms-tab-context\"><div class=\"&quot;ms-tab-context&quot;\"><\/div><\/div>\n<\/div>\n\t\t\t\t<\/div>\n\t\t\t\t<div  class=\"ms-slide\" data-delay=\"3\" data-fill-mode=\"fill\"  >\n\t\t\t\t\t<img decoding=\"async\" src=\"https:\/\/www.mvac.pt\/wp-content\/plugins\/master-slider\/public\/assets\/css\/blank.gif\" alt=\"\" title=\"\" data-src=\"https:\/\/www.mvac.pt\/wp-content\/uploads\/2021\/12\/f-08_santa-rita_orpheu_4.jpg\" \/>\n\n\t\t\t\t\t<div class=\"ms-info\"><strong>Santa-Rita<\/strong><br \/>Estojo scientifico de uma cabe\u00e7a + aparelho ocular + sobreposi\u00e7\u00e3o dynamica visual + reflexos de ambiente X luz. (sensibilidade mechanica)<br \/>em Orpheu, n.\u00ba 2, Abril-Maio-Junho 1915<\/div>\n\n\n\t<div class=\"ms-thumb\" ><div class=\"ms-tab-context\"><div class=\"&quot;ms-tab-context&quot;\"><\/div><\/div>\n<\/div>\n\t\t\t\t<\/div>\n\n\t\t\t<\/div>\n\t\t\t<!-- END MasterSlider Main -->\n\n\t\t\t \n\t\t<\/div>\n\t\t<!-- END MasterSlider -->\n\n\t\t<script>\n\t\t(function ( $ ) {\n\t\t\t\"use strict\";\n\n\t\t\t$(function () {\n\t\t\t\tvar masterslider_e8b3 = new MasterSlider();\n\n\t\t\t\t\/\/ slider controls\n\t\t\t\tmasterslider_e8b3.control('arrows'     ,{ autohide:false, overVideo:true  });\n\t\t\t\tmasterslider_e8b3.control('slideinfo'  ,{ autohide:false, overVideo:true, dir:'h', align:'bottom',inset:false , margin:10   });\n\t\t\t\t\/\/ slider setup\n\t\t\t\tmasterslider_e8b3.setup(\"MS61aa26fb5e8b3\", {\n\t\t\t\t\t\twidth           : 580,\n\t\t\t\t\t\theight          : 580,\n\t\t\t\t\t\tminHeight       : 0,\n\t\t\t\t\t\tspace           : 0,\n\t\t\t\t\t\tstart           : 1,\n\t\t\t\t\t\tgrabCursor      : true,\n\t\t\t\t\t\tswipe           : true,\n\t\t\t\t\t\tmouse           : true,\n\t\t\t\t\t\tlayout          : \"boxed\",\n\t\t\t\t\t\twheel           : false,\n\t\t\t\t\t\tautoplay        : false,\n\t\t\t\t\t\tinstantStartLayers:false,\n\t\t\t\t\t\tloop            : false,\n\t\t\t\t\t\tshuffle         : false,\n\t\t\t\t\t\tpreload         : 0,\n\t\t\t\t\t\theightLimit     : true,\n\t\t\t\t\t\tautoHeight      : true,\n\t\t\t\t\t\tsmoothHeight    : true,\n\t\t\t\t\t\tendPause        : false,\n\t\t\t\t\t\toverPause       : true,\n\t\t\t\t\t\tfillMode        : \"fill\",\n\t\t\t\t\t\tcenterControls  : true,\n\t\t\t\t\t\tstartOnAppear   : false,\n\t\t\t\t\t\tlayersMode      : \"center\",\n\t\t\t\t\t\thideLayers      : false,\n\t\t\t\t\t\tfullscreenMargin: 0,\n\t\t\t\t\t\tspeed           : 20,\n\t\t\t\t\t\tdir             : \"h\",\n\t\t\t\t\t\tparallaxMode    : 'swipe',\n\t\t\t\t\t\tview            : \"basic\"\n\t\t\t\t});\n\n\t\t\t\t\n\t\t\t\twindow.masterslider_instances = window.masterslider_instances || [];\n\t\t\t\twindow.masterslider_instances.push( masterslider_e8b3 );\n\t\t\t });\n\n\t\t})(jQuery);\n\t\t<\/script>\n\n\n\n\n\n<p><\/p>","protected":false},"excerpt":{"rendered":"<p>\u00ab4. Afirmamos que a magnific\u00eancia do mundo se enriqueceu com uma nova beleza: a beleza da velocidade. Um autom\u00f3vel de corrida, com o seu cofre enfeitado por grossos tubos semelhantes a serpentes de h\u00e1lito explosivo&#8230; um autom\u00f3vel que ruge, que parece correr debaixo de fogo, \u00e9 mais belo que a Vict\u00f3ria de Samotr\u00e1cia.\u00bb Funda\u00e7\u00e3o e [&hellip;]<\/p>\n","protected":false},"author":1,"featured_media":0,"parent":0,"menu_order":0,"comment_status":"closed","ping_status":"closed","template":"","meta":{"footnotes":""},"class_list":["post-18","page","type-page","status-publish","hentry"],"_links":{"self":[{"href":"http:\/\/www.mvac.pt\/en\/wp-json\/wp\/v2\/pages\/18","targetHints":{"allow":["GET"]}}],"collection":[{"href":"http:\/\/www.mvac.pt\/en\/wp-json\/wp\/v2\/pages"}],"about":[{"href":"http:\/\/www.mvac.pt\/en\/wp-json\/wp\/v2\/types\/page"}],"author":[{"embeddable":true,"href":"http:\/\/www.mvac.pt\/en\/wp-json\/wp\/v2\/users\/1"}],"replies":[{"embeddable":true,"href":"http:\/\/www.mvac.pt\/en\/wp-json\/wp\/v2\/comments?post=18"}],"version-history":[{"count":2,"href":"http:\/\/www.mvac.pt\/en\/wp-json\/wp\/v2\/pages\/18\/revisions"}],"predecessor-version":[{"id":119,"href":"http:\/\/www.mvac.pt\/en\/wp-json\/wp\/v2\/pages\/18\/revisions\/119"}],"wp:attachment":[{"href":"http:\/\/www.mvac.pt\/en\/wp-json\/wp\/v2\/media?parent=18"}],"curies":[{"name":"wp","href":"https:\/\/api.w.org\/{rel}","templated":true}]}}