{"id":10,"date":"2021-11-26T11:51:09","date_gmt":"2021-11-26T11:51:09","guid":{"rendered":"https:\/\/www.mvac.pt\/?page_id=10"},"modified":"2021-12-02T21:22:09","modified_gmt":"2021-12-02T21:22:09","slug":"1-os-saloes-da-insurreicao-modernista","status":"publish","type":"page","link":"http:\/\/www.mvac.pt\/en\/1-os-saloes-da-insurreicao-modernista\/","title":{"rendered":"1. The <em>salons<\/em> of the modernist insurrection"},"content":{"rendered":"<blockquote class=\"wp-block-quote is-layout-flow wp-block-quote-is-layout-flow\"><p>\u00abWe want to be free! Why condemn freedom if good comes out of it?! Being free is an affirmation for everyone in these times, and for artists, at all times. We escape the doctrines that are taught, the master\u2019s impositions, and as much as possible, the influence of schools, because we believe artists only have one school \u2013 Nature; one doctrine, and only one \u2013 Love\u00bb<\/p><cite><em>Manuel Bentes, A Capital, 7th of April 1911<\/em><\/cite><\/blockquote>\n\n\n\n<p>The Portuguese Revolution of 1910 brought very little to the cultural and artistic scene. Open-air Naturalism, epitomized by Jos\u00e9 Malhoa\u2019s art, remained the preference and dominated the scarce market. Impressionism and other French disruptive experiences were yet to cross the border, and the nearly two dozen scholarship holders in Paris brought little more than academic work and a conservative mindset.<\/p>\n\n\n\n<p class=\"translation-block\">In 1911, Jos\u00e9 Bentes gathered a group of young artists, his companions from his Parisian bohemian adventures, and organized what was proclaimed the first exhibition of modern art in Portugal, known as exhibition of <em>The Free<\/em>. The exhibition was held in an art hall belonging to photographer Bobone, it was executed similarly to the previous exhibit held in the Parisian atelier belonging to Nadar, also a photographer. Not many records were kept of the more than 100 art pieces that were exhibited in Bobone\u2019s art hall, besides the rebellious attitude and the initiative displayed by all those involved.<\/p>\n\n\n\n<p class=\"translation-block\">The following years were characterized by a lively succession of exhibitions that, under various names, defended and presented challenging works of art. These pieces aimed to capture the warm environment of Lisbon and Porto. In 1912, the<em> I Hall of Portuguese Humorists<\/em> was held in the <em>Literary Guild<\/em>, sponsored by the President of the Republic, who participated in the inauguration. The pieces presented were divided between humorous design, which was found abundantly in the press, and some paintings that, by expressing a new modern approach, presented to the public a new generation that had a desire for renewal \u2014 the first modernist generation.<\/p>\n\n\n\n<p>By the end of the decade several other art halls in Lisbon and Porto would help to reveal these talented artists that were going against the 18th century currents that were still very dominant. These new pieces would come to gradually dominate the art scene in the following decades.<\/p>\n\n\n\n\t\t<!-- MasterSlider -->\n\t\t<div id=\"P_MS61aa26ed8d52a\" class=\"master-slider-parent msl ms-parent-id-1\" style=\"max-width:580px;\">\n\n\t\t\t\n\t\t\t<!-- MasterSlider Main -->\n\t\t\t<div id=\"MS61aa26ed8d52a\" class=\"master-slider ms-skin-default\" >\n\t\t\t\t \t\t\t\t \n\t\t\t\t<div  class=\"ms-slide\" data-delay=\"3\" data-fill-mode=\"fill\"  >\n\t\t\t\t\t<img decoding=\"async\" src=\"https:\/\/www.mvac.pt\/wp-content\/plugins\/master-slider\/public\/assets\/css\/blank.gif\" alt=\"\" title=\"\" data-src=\"https:\/\/www.mvac.pt\/wp-content\/uploads\/2021\/12\/l-01_Domingos-Rebelo.Joao-Soares-Cordeiro.-1912.jpg\" \/>\n\n\t\t\t\t\t<div class=\"ms-info\"><p><strong>Domingos\u00a0Reb\u00ealo<\/strong><br \/>Retrato de Jo\u00e3o Soares Cordeiro, 1912, \u00d3leo sobre tela<br \/>Museu Carlos\u00a0Machado<\/p><\/div>\n\n\n\t<div class=\"ms-thumb\" ><div class=\"ms-tab-context\"><div class=\"&quot;ms-tab-context&quot;\"><\/div><\/div>\n<\/div>\n\t\t\t\t<\/div>\n\t\t\t\t<div  class=\"ms-slide\" data-delay=\"3\" data-fill-mode=\"fill\"  >\n\t\t\t\t\t<img decoding=\"async\" src=\"https:\/\/www.mvac.pt\/wp-content\/plugins\/master-slider\/public\/assets\/css\/blank.gif\" alt=\"\" title=\"\" data-src=\"https:\/\/www.mvac.pt\/wp-content\/uploads\/2021\/12\/l-02_canto-da-maya_alegoria-da-musica_paris-5.jpg\" \/>\n\n\t\t\t\t\t<div class=\"ms-info\"><strong>Canto da Maya<\/strong><br \/>Alegoria da m\u00fasica, Terracota patinada, Colec\u00e7\u00e3o particular<\/div>\n\n\n\t<div class=\"ms-thumb\" ><div class=\"ms-tab-context\"><div class=\"&quot;ms-tab-context&quot;\"><\/div><\/div>\n<\/div>\n\t\t\t\t<\/div>\n\t\t\t\t<div  class=\"ms-slide\" data-delay=\"3\" data-fill-mode=\"fill\"  >\n\t\t\t\t\t<img decoding=\"async\" src=\"https:\/\/www.mvac.pt\/wp-content\/plugins\/master-slider\/public\/assets\/css\/blank.gif\" alt=\"\" title=\"\" data-src=\"https:\/\/www.mvac.pt\/wp-content\/uploads\/2021\/12\/l-03insurreicao_livres_vida-artistica-p5.jpg\" \/>\n\n\t\t\t\t\t<div class=\"ms-info\"><p>P\u00e1ginas da revista Vida Art\u00edstica de\u00a0mar\u00e7o de 1911<\/p><\/div>\n\n\n\t<div class=\"ms-thumb\" ><div class=\"ms-tab-context\"><div class=\"&quot;ms-tab-context&quot;\"><\/div><\/div>\n<\/div>\n\t\t\t\t<\/div>\n\t\t\t\t<div  class=\"ms-slide\" data-delay=\"3\" data-fill-mode=\"fill\"  >\n\t\t\t\t\t<img decoding=\"async\" src=\"https:\/\/www.mvac.pt\/wp-content\/plugins\/master-slider\/public\/assets\/css\/blank.gif\" alt=\"\" title=\"\" data-src=\"https:\/\/www.mvac.pt\/wp-content\/uploads\/2021\/12\/l-04_insurreicao_livres_ilustracao-p477.jpg\" \/>\n\n\t\t\t\t\t<div class=\"ms-info\">P\u00e1gina de <em>Ilustra\u00e7\u00e3o Portugueza<\/em> n\u00ba 268, Abril de 1911<\/div>\n\n\n\t<div class=\"ms-thumb\" ><div class=\"ms-tab-context\"><div class=\"&quot;ms-tab-context&quot;\"><\/div><\/div>\n<\/div>\n\t\t\t\t<\/div>\n\t\t\t\t<div  class=\"ms-slide\" data-delay=\"3\" data-fill-mode=\"fill\"  >\n\t\t\t\t\t<img decoding=\"async\" src=\"https:\/\/www.mvac.pt\/wp-content\/plugins\/master-slider\/public\/assets\/css\/blank.gif\" alt=\"\" title=\"\" data-src=\"https:\/\/www.mvac.pt\/wp-content\/uploads\/2021\/12\/l-05_insurreicao_livres_ilustracao-p478.jpg\" \/>\n\n\t\t\t\t\t<div class=\"ms-info\">P\u00e1gina de <em>Ilustra\u00e7\u00e3o Portugueza<\/em> n\u00ba 268, Abril de 1911<\/div>\n\n\n\t<div class=\"ms-thumb\" ><div class=\"ms-tab-context\"><div class=\"&quot;ms-tab-context&quot;\"><\/div><\/div>\n<\/div>\n\t\t\t\t<\/div>\n\t\t\t\t<div  class=\"ms-slide\" data-delay=\"3\" data-fill-mode=\"fill\"  >\n\t\t\t\t\t<img decoding=\"async\" src=\"https:\/\/www.mvac.pt\/wp-content\/plugins\/master-slider\/public\/assets\/css\/blank.gif\" alt=\"\" title=\"\" data-src=\"https:\/\/www.mvac.pt\/wp-content\/uploads\/2021\/12\/l-03_insurreicao_livres_ilustracao-p479.jpg\" \/>\n\n\t\t\t\t\t<div class=\"ms-info\">P\u00e1gina de <em>Ilustra\u00e7\u00e3o Portugueza<\/em> n\u00ba 268, Abril de 1911<\/div>\n\n\n\t<div class=\"ms-thumb\" ><div class=\"ms-tab-context\"><div class=\"&quot;ms-tab-context&quot;\"><\/div><\/div>\n<\/div>\n\t\t\t\t<\/div>\n\n\t\t\t<\/div>\n\t\t\t<!-- END MasterSlider Main -->\n\n\t\t\t \n\t\t<\/div>\n\t\t<!-- END MasterSlider -->\n\n\t\t<script>\n\t\t(function ( $ ) {\n\t\t\t\"use strict\";\n\n\t\t\t$(function () {\n\t\t\t\tvar masterslider_d52a = new MasterSlider();\n\n\t\t\t\t\/\/ slider controls\n\t\t\t\tmasterslider_d52a.control('arrows'     ,{ autohide:false, overVideo:true  });\n\t\t\t\tmasterslider_d52a.control('slideinfo'  ,{ autohide:false, overVideo:true, dir:'h', align:'bottom',inset:false , margin:10   });\n\t\t\t\t\/\/ slider setup\n\t\t\t\tmasterslider_d52a.setup(\"MS61aa26ed8d52a\", {\n\t\t\t\t\t\twidth           : 580,\n\t\t\t\t\t\theight          : 580,\n\t\t\t\t\t\tminHeight       : 0,\n\t\t\t\t\t\tspace           : 0,\n\t\t\t\t\t\tstart           : 1,\n\t\t\t\t\t\tgrabCursor      : true,\n\t\t\t\t\t\tswipe           : true,\n\t\t\t\t\t\tmouse           : true,\n\t\t\t\t\t\tlayout          : \"boxed\",\n\t\t\t\t\t\twheel           : false,\n\t\t\t\t\t\tautoplay        : false,\n\t\t\t\t\t\tinstantStartLayers:false,\n\t\t\t\t\t\tloop            : false,\n\t\t\t\t\t\tshuffle         : false,\n\t\t\t\t\t\tpreload         : 0,\n\t\t\t\t\t\theightLimit     : true,\n\t\t\t\t\t\tautoHeight      : true,\n\t\t\t\t\t\tsmoothHeight    : true,\n\t\t\t\t\t\tendPause        : false,\n\t\t\t\t\t\toverPause       : true,\n\t\t\t\t\t\tfillMode        : \"fill\",\n\t\t\t\t\t\tcenterControls  : true,\n\t\t\t\t\t\tstartOnAppear   : false,\n\t\t\t\t\t\tlayersMode      : \"center\",\n\t\t\t\t\t\thideLayers      : false,\n\t\t\t\t\t\tfullscreenMargin: 0,\n\t\t\t\t\t\tspeed           : 20,\n\t\t\t\t\t\tdir             : \"h\",\n\t\t\t\t\t\tparallaxMode    : 'swipe',\n\t\t\t\t\t\tview            : \"basic\"\n\t\t\t\t});\n\n\t\t\t\t\n\t\t\t\twindow.masterslider_instances = window.masterslider_instances || [];\n\t\t\t\twindow.masterslider_instances.push( masterslider_d52a );\n\t\t\t });\n\n\t\t})(jQuery);\n\t\t<\/script>\n\n\n\n\n\n<p><\/p>","protected":false},"excerpt":{"rendered":"<p>\u00abQueremos ser livres! Porque se condemna tanto a liberdade, quando se usa d\u2019ella?! Ser livres \u00e9 uma afirma\u00e7\u00e3o muito justa neste tempo para toda a gente, e para os artistas, em todo o tempo. Fugimos aos dogmas do ensino, \u00e1s imposi\u00e7\u00f5es dos mestres e, quanto poss\u00edvel, \u00e1s influencias das escolas, porque cremos que os artistas [&hellip;]<\/p>\n","protected":false},"author":1,"featured_media":0,"parent":0,"menu_order":0,"comment_status":"closed","ping_status":"closed","template":"","meta":{"footnotes":""},"class_list":["post-10","page","type-page","status-publish","hentry"],"_links":{"self":[{"href":"http:\/\/www.mvac.pt\/en\/wp-json\/wp\/v2\/pages\/10","targetHints":{"allow":["GET"]}}],"collection":[{"href":"http:\/\/www.mvac.pt\/en\/wp-json\/wp\/v2\/pages"}],"about":[{"href":"http:\/\/www.mvac.pt\/en\/wp-json\/wp\/v2\/types\/page"}],"author":[{"embeddable":true,"href":"http:\/\/www.mvac.pt\/en\/wp-json\/wp\/v2\/users\/1"}],"replies":[{"embeddable":true,"href":"http:\/\/www.mvac.pt\/en\/wp-json\/wp\/v2\/comments?post=10"}],"version-history":[{"count":6,"href":"http:\/\/www.mvac.pt\/en\/wp-json\/wp\/v2\/pages\/10\/revisions"}],"predecessor-version":[{"id":110,"href":"http:\/\/www.mvac.pt\/en\/wp-json\/wp\/v2\/pages\/10\/revisions\/110"}],"wp:attachment":[{"href":"http:\/\/www.mvac.pt\/en\/wp-json\/wp\/v2\/media?parent=10"}],"curies":[{"name":"wp","href":"https:\/\/api.w.org\/{rel}","templated":true}]}}